{"id":4096,"date":"2024-10-14T14:26:29","date_gmt":"2024-10-14T12:26:29","guid":{"rendered":"https:\/\/goalzero.eu\/se\/?post_type=product&#038;p=4096"},"modified":"2025-08-04T16:03:26","modified_gmt":"2025-08-04T14:03:26","slug":"yeti-link-expansion-module-v3","status":"publish","type":"product","link":"https:\/\/goalzero.eu\/se\/product\/yeti-link-expansion-module-v3\/","title":{"rendered":"Yeti Link Expansion Module (V3)"},"content":{"rendered":"","protected":false},"excerpt":{"rendered":"<p>\u00d6ka din energilagringskapacitet i hemmet med Yeti Link Expansion Module och Yeti Tank Expansion Battery (s\u00e4ljs separat). Yeti Link l\u00e5ter dig ansluta Yeti Tank blybatterier till din Yeti X eller Yeti Lithium f\u00f6r att \u00f6ka din lagringskapacitet med 1,2 kWh per Yeti Tank.<\/p>\n<p><strong>Anv\u00e4ndning Obs:<\/strong>\u00a0 Yeti Link Expansion Module och Yeti Lithium MPPT Solar Charging Optimization Module anv\u00e4nder samma expansionsfack d\u00e4rf\u00f6r kan de inte anv\u00e4ndas samtidigt.<\/p>\n","protected":false},"featured_media":3474,"comment_status":"closed","ping_status":"closed","template":"","meta":[],"product_brand":[],"product_cat":[46,29],"product_tag":[],"activity":[],"ideal_for":[],"ports":[],"class_list":{"0":"post-4096","1":"product","2":"type-product","3":"status-publish","4":"has-post-thumbnail","6":"product_cat-accessoires-power-station-accessoires","7":"product_cat-accessoires","9":"first","10":"outofstock","11":"taxable","12":"shipping-taxable","13":"product-type-simple"},"bundled_by":["4095"],"bundle_stock_status":"outofstock","bundle_stock_quantity":0,"bundle_virtual":false,"bundle_layout":"","bundle_add_to_cart_form_location":"","bundle_editable_in_cart":false,"bundle_sold_individually_context":"","bundle_item_grouping":"","bundle_min_size":"","bundle_max_size":"","bundle_price":[],"bundled_items":[],"bundle_sell_ids":[],"acf":[],"_links":{"self":[{"href":"https:\/\/goalzero.eu\/se\/wp-json\/wp\/v2\/product\/4096","targetHints":{"allow":["GET"]}}],"collection":[{"href":"https:\/\/goalzero.eu\/se\/wp-json\/wp\/v2\/product"}],"about":[{"href":"https:\/\/goalzero.eu\/se\/wp-json\/wp\/v2\/types\/product"}],"replies":[{"embeddable":true,"href":"https:\/\/goalzero.eu\/se\/wp-json\/wp\/v2\/comments?post=4096"}],"wp:featuredmedia":[{"embeddable":true,"href":"https:\/\/goalzero.eu\/se\/wp-json\/wp\/v2\/media\/3474"}],"wp:attachment":[{"href":"https:\/\/goalzero.eu\/se\/wp-json\/wp\/v2\/media?parent=4096"}],"wp:term":[{"taxonomy":"product_brand","embeddable":true,"href":"https:\/\/goalzero.eu\/se\/wp-json\/wp\/v2\/product_brand?post=4096"},{"taxonomy":"product_cat","embeddable":true,"href":"https:\/\/goalzero.eu\/se\/wp-json\/wp\/v2\/product_cat?post=4096"},{"taxonomy":"product_tag","embeddable":true,"href":"https:\/\/goalzero.eu\/se\/wp-json\/wp\/v2\/product_tag?post=4096"},{"taxonomy":"activity","embeddable":true,"href":"https:\/\/goalzero.eu\/se\/wp-json\/wp\/v2\/activity?post=4096"},{"taxonomy":"ideal_for","embeddable":true,"href":"https:\/\/goalzero.eu\/se\/wp-json\/wp\/v2\/ideal_for?post=4096"},{"taxonomy":"ports","embeddable":true,"href":"https:\/\/goalzero.eu\/se\/wp-json\/wp\/v2\/ports?post=4096"}],"curies":[{"name":"wp","href":"https:\/\/api.w.org\/{rel}","templated":true}]}}