{"id":3873,"date":"2024-03-06T08:02:38","date_gmt":"2024-03-06T07:02:38","guid":{"rendered":"https:\/\/goalzero.eu\/se\/?post_type=product&#038;p=3873"},"modified":"2025-08-04T16:03:26","modified_gmt":"2025-08-04T14:03:26","slug":"goal-zero-alta-80","status":"publish","type":"product","link":"https:\/\/goalzero.eu\/se\/product\/goal-zero-alta-80\/","title":{"rendered":"Alta 80"},"content":{"rendered":"","protected":false},"excerpt":{"rendered":"<p>V\u00e5r st\u00f6rre b\u00e4rbara kyl har en \u00f6kad kapacitet och tv\u00e5 fack f\u00f6r b\u00e4ttre temperaturkontroll. Med 80 liter utrymme ger den tillr\u00e4ckligt med f\u00f6rvaring. Koppla den till din Yeti-str\u00f6mstation f\u00f6r att h\u00e5lla f\u00e4rska produkter kylda i flera dagar.<\/p>\n<p>Tack vare Alta-kylsk\u00e5pen, de mest energieffektiva b\u00e4rbara kylsk\u00e5pen p\u00e5 marknaden, kan ditt kraftverk h\u00e5lla dem ig\u00e5ng utan problem.<\/p>\n","protected":false},"featured_media":3915,"comment_status":"open","ping_status":"closed","template":"","meta":[],"product_brand":[],"product_cat":[82],"product_tag":[],"activity":[],"ideal_for":[],"ports":[],"class_list":{"0":"post-3873","1":"product","2":"type-product","3":"status-publish","4":"has-post-thumbnail","6":"product_cat-coolers","8":"first","9":"outofstock","10":"taxable","11":"shipping-taxable","12":"product-type-simple"},"bundled_by":[],"bundle_stock_status":"outofstock","bundle_stock_quantity":0,"bundle_virtual":false,"bundle_layout":"","bundle_add_to_cart_form_location":"","bundle_editable_in_cart":false,"bundle_sold_individually_context":"","bundle_item_grouping":"","bundle_min_size":"","bundle_max_size":"","bundle_price":[],"bundled_items":[],"bundle_sell_ids":[],"acf":[],"_links":{"self":[{"href":"https:\/\/goalzero.eu\/se\/wp-json\/wp\/v2\/product\/3873","targetHints":{"allow":["GET"]}}],"collection":[{"href":"https:\/\/goalzero.eu\/se\/wp-json\/wp\/v2\/product"}],"about":[{"href":"https:\/\/goalzero.eu\/se\/wp-json\/wp\/v2\/types\/product"}],"replies":[{"embeddable":true,"href":"https:\/\/goalzero.eu\/se\/wp-json\/wp\/v2\/comments?post=3873"}],"wp:featuredmedia":[{"embeddable":true,"href":"https:\/\/goalzero.eu\/se\/wp-json\/wp\/v2\/media\/3915"}],"wp:attachment":[{"href":"https:\/\/goalzero.eu\/se\/wp-json\/wp\/v2\/media?parent=3873"}],"wp:term":[{"taxonomy":"product_brand","embeddable":true,"href":"https:\/\/goalzero.eu\/se\/wp-json\/wp\/v2\/product_brand?post=3873"},{"taxonomy":"product_cat","embeddable":true,"href":"https:\/\/goalzero.eu\/se\/wp-json\/wp\/v2\/product_cat?post=3873"},{"taxonomy":"product_tag","embeddable":true,"href":"https:\/\/goalzero.eu\/se\/wp-json\/wp\/v2\/product_tag?post=3873"},{"taxonomy":"activity","embeddable":true,"href":"https:\/\/goalzero.eu\/se\/wp-json\/wp\/v2\/activity?post=3873"},{"taxonomy":"ideal_for","embeddable":true,"href":"https:\/\/goalzero.eu\/se\/wp-json\/wp\/v2\/ideal_for?post=3873"},{"taxonomy":"ports","embeddable":true,"href":"https:\/\/goalzero.eu\/se\/wp-json\/wp\/v2\/ports?post=3873"}],"curies":[{"name":"wp","href":"https:\/\/api.w.org\/{rel}","templated":true}]}}