{"id":3872,"date":"2024-03-06T08:32:47","date_gmt":"2024-03-06T07:32:47","guid":{"rendered":"https:\/\/goalzero.eu\/se\/?post_type=product&#038;p=3872"},"modified":"2025-08-04T16:03:26","modified_gmt":"2025-08-04T14:03:26","slug":"goal-zero-alta-50","status":"publish","type":"product","link":"https:\/\/goalzero.eu\/se\/product\/goal-zero-alta-50\/","title":{"rendered":"Alta 50"},"content":{"rendered":"","protected":false},"excerpt":{"rendered":"<p>Uppgradera din n\u00e4sta utflykt med denna praktiska b\u00e4rbara kylsk\u00e5p. Temperaturinst\u00e4llningarna g\u00e5r s\u00e5 l\u00e5gt som -20\u00b0 C, s\u00e5 du kan anv\u00e4nda den som kylsk\u00e5p eller frys. Kylsk\u00e5pet har ocks\u00e5 53 liter utrymme och rymmer upp till 75 burkar om 12 uns. Koppla den till din Yeti-str\u00f6mstation f\u00f6r att h\u00e5lla f\u00e4rska produkter kylda i flera dagar. Och eftersom Alta-kylsk\u00e5pen erbjuder ledande energieeffektivitet kan din Yeti h\u00e5lla dem ig\u00e5ng utan problem s\u00e5 l\u00e4nge du beh\u00f6ver.<\/p>\n","protected":false},"featured_media":3905,"comment_status":"closed","ping_status":"closed","template":"","meta":[],"product_brand":[],"product_cat":[82],"product_tag":[],"activity":[],"ideal_for":[],"ports":[],"class_list":{"0":"post-3872","1":"product","2":"type-product","3":"status-publish","4":"has-post-thumbnail","6":"product_cat-coolers","8":"first","9":"outofstock","10":"taxable","11":"shipping-taxable","12":"product-type-simple"},"bundled_by":[],"bundle_stock_status":"outofstock","bundle_stock_quantity":0,"bundle_virtual":false,"bundle_layout":"","bundle_add_to_cart_form_location":"","bundle_editable_in_cart":false,"bundle_sold_individually_context":"","bundle_item_grouping":"","bundle_min_size":"","bundle_max_size":"","bundle_price":[],"bundled_items":[],"bundle_sell_ids":[],"acf":[],"_links":{"self":[{"href":"https:\/\/goalzero.eu\/se\/wp-json\/wp\/v2\/product\/3872","targetHints":{"allow":["GET"]}}],"collection":[{"href":"https:\/\/goalzero.eu\/se\/wp-json\/wp\/v2\/product"}],"about":[{"href":"https:\/\/goalzero.eu\/se\/wp-json\/wp\/v2\/types\/product"}],"replies":[{"embeddable":true,"href":"https:\/\/goalzero.eu\/se\/wp-json\/wp\/v2\/comments?post=3872"}],"wp:featuredmedia":[{"embeddable":true,"href":"https:\/\/goalzero.eu\/se\/wp-json\/wp\/v2\/media\/3905"}],"wp:attachment":[{"href":"https:\/\/goalzero.eu\/se\/wp-json\/wp\/v2\/media?parent=3872"}],"wp:term":[{"taxonomy":"product_brand","embeddable":true,"href":"https:\/\/goalzero.eu\/se\/wp-json\/wp\/v2\/product_brand?post=3872"},{"taxonomy":"product_cat","embeddable":true,"href":"https:\/\/goalzero.eu\/se\/wp-json\/wp\/v2\/product_cat?post=3872"},{"taxonomy":"product_tag","embeddable":true,"href":"https:\/\/goalzero.eu\/se\/wp-json\/wp\/v2\/product_tag?post=3872"},{"taxonomy":"activity","embeddable":true,"href":"https:\/\/goalzero.eu\/se\/wp-json\/wp\/v2\/activity?post=3872"},{"taxonomy":"ideal_for","embeddable":true,"href":"https:\/\/goalzero.eu\/se\/wp-json\/wp\/v2\/ideal_for?post=3872"},{"taxonomy":"ports","embeddable":true,"href":"https:\/\/goalzero.eu\/se\/wp-json\/wp\/v2\/ports?post=3872"}],"curies":[{"name":"wp","href":"https:\/\/api.w.org\/{rel}","templated":true}]}}