{"id":3803,"date":"2023-09-15T10:47:11","date_gmt":"2023-09-15T08:47:11","guid":{"rendered":"https:\/\/goalzero.eu\/se\/?post_type=product&#038;p=3803"},"modified":"2025-08-04T16:03:25","modified_gmt":"2025-08-04T14:03:25","slug":"skylight","status":"publish","type":"product","link":"https:\/\/goalzero.eu\/se\/product\/skylight\/","title":{"rendered":"Skylight"},"content":{"rendered":"","protected":false},"excerpt":{"rendered":"<p>Denna l\u00e4ttmonterade, b\u00e4rbara omr\u00e5desbelysning har 6 000 lumen och kan lysa upp upp till 91,44 meter, vilket ger mycket mer synlighet \u00e4n en standardcampinglampa. Ta med anpassningsbar belysning \u00f6verallt du g\u00e5r. Anv\u00e4nd den p\u00e5 din n\u00e4sta campingresa, i din bakg\u00e5rd, f\u00f6r att belysa ett husf\u00f6rb\u00e4ttringsprojekt eller var som helst d\u00e4r du beh\u00f6ver lysa upp natten.<\/p>\n","protected":false},"featured_media":3821,"comment_status":"closed","ping_status":"closed","template":"","meta":[],"product_brand":[],"product_cat":[43,36],"product_tag":[],"activity":[21,68,22],"ideal_for":[],"ports":[],"class_list":{"0":"post-3803","1":"product","2":"type-product","3":"status-publish","4":"has-post-thumbnail","6":"product_cat-lights-lanterns","7":"product_cat-lights","8":"activity-kamperen","9":"activity-klussen-bouw","10":"activity-noodstroom","12":"first","13":"outofstock","14":"taxable","15":"shipping-taxable","16":"product-type-simple"},"bundled_by":[],"bundle_stock_status":"outofstock","bundle_stock_quantity":0,"bundle_virtual":false,"bundle_layout":"","bundle_add_to_cart_form_location":"","bundle_editable_in_cart":false,"bundle_sold_individually_context":"","bundle_item_grouping":"","bundle_min_size":"","bundle_max_size":"","bundle_price":[],"bundled_items":[],"bundle_sell_ids":[],"acf":[],"_links":{"self":[{"href":"https:\/\/goalzero.eu\/se\/wp-json\/wp\/v2\/product\/3803","targetHints":{"allow":["GET"]}}],"collection":[{"href":"https:\/\/goalzero.eu\/se\/wp-json\/wp\/v2\/product"}],"about":[{"href":"https:\/\/goalzero.eu\/se\/wp-json\/wp\/v2\/types\/product"}],"replies":[{"embeddable":true,"href":"https:\/\/goalzero.eu\/se\/wp-json\/wp\/v2\/comments?post=3803"}],"wp:featuredmedia":[{"embeddable":true,"href":"https:\/\/goalzero.eu\/se\/wp-json\/wp\/v2\/media\/3821"}],"wp:attachment":[{"href":"https:\/\/goalzero.eu\/se\/wp-json\/wp\/v2\/media?parent=3803"}],"wp:term":[{"taxonomy":"product_brand","embeddable":true,"href":"https:\/\/goalzero.eu\/se\/wp-json\/wp\/v2\/product_brand?post=3803"},{"taxonomy":"product_cat","embeddable":true,"href":"https:\/\/goalzero.eu\/se\/wp-json\/wp\/v2\/product_cat?post=3803"},{"taxonomy":"product_tag","embeddable":true,"href":"https:\/\/goalzero.eu\/se\/wp-json\/wp\/v2\/product_tag?post=3803"},{"taxonomy":"activity","embeddable":true,"href":"https:\/\/goalzero.eu\/se\/wp-json\/wp\/v2\/activity?post=3803"},{"taxonomy":"ideal_for","embeddable":true,"href":"https:\/\/goalzero.eu\/se\/wp-json\/wp\/v2\/ideal_for?post=3803"},{"taxonomy":"ports","embeddable":true,"href":"https:\/\/goalzero.eu\/se\/wp-json\/wp\/v2\/ports?post=3803"}],"curies":[{"name":"wp","href":"https:\/\/api.w.org\/{rel}","templated":true}]}}