{"id":3626,"date":"2022-10-20T10:45:52","date_gmt":"2022-10-20T08:45:52","guid":{"rendered":"https:\/\/goalzero.eu\/se\/?post_type=product&#038;p=3626"},"modified":"2025-08-04T16:03:25","modified_gmt":"2025-08-04T14:03:25","slug":"goal-zero-sherpa-100ac-gen4","status":"publish","type":"product","link":"https:\/\/goalzero.eu\/se\/product\/goal-zero-sherpa-100ac-gen4\/","title":{"rendered":"Sherpa 100AC Gen4"},"content":{"rendered":"","protected":false},"excerpt":{"rendered":"<p>Den nya, f\u00f6rb\u00e4ttrade och flygplansgodk\u00e4nda Sherpa 100AC laddar telefoner, surfplattor och b\u00e4rbara datorer med USB-C-laddning 60 % snabbare och erbjuder en batterikapacitet p\u00e5 95 Wh. Ta med dig ett uttag p\u00e5 din resa var som helst med Sherpas AC-port och h\u00e5ll din telefon laddad med den b\u00e4sta 15W tr\u00e5dl\u00f6sa laddningstekniken p\u00e5 marknaden. Sherpa 100AC \u00e4r designad f\u00f6r att h\u00e5lla och dess 2-\u00e5riga garanti ger dig mer sinnesfrid.<\/p>\n","protected":false},"featured_media":3634,"comment_status":"closed","ping_status":"closed","template":"","meta":[],"product_brand":[],"product_cat":[83,37,18],"product_tag":[],"activity":[21,67],"ideal_for":[77,27,25],"ports":[],"class_list":{"0":"post-3626","1":"product","2":"type-product","3":"status-publish","4":"has-post-thumbnail","6":"product_cat-outlet","7":"product_cat-power-usb-c-power-banks","8":"product_cat-power","9":"activity-kamperen","10":"activity-festival","11":"ideal_for-powerbank","12":"ideal_for-kamera","13":"ideal_for-laptop-usb-c","15":"first","16":"outofstock","17":"taxable","18":"shipping-taxable","19":"product-type-simple"},"bundled_by":[],"bundle_stock_status":"outofstock","bundle_stock_quantity":0,"bundle_virtual":false,"bundle_layout":"","bundle_add_to_cart_form_location":"","bundle_editable_in_cart":false,"bundle_sold_individually_context":"","bundle_item_grouping":"","bundle_min_size":"","bundle_max_size":"","bundle_price":[],"bundled_items":[],"bundle_sell_ids":[],"acf":[],"_links":{"self":[{"href":"https:\/\/goalzero.eu\/se\/wp-json\/wp\/v2\/product\/3626","targetHints":{"allow":["GET"]}}],"collection":[{"href":"https:\/\/goalzero.eu\/se\/wp-json\/wp\/v2\/product"}],"about":[{"href":"https:\/\/goalzero.eu\/se\/wp-json\/wp\/v2\/types\/product"}],"replies":[{"embeddable":true,"href":"https:\/\/goalzero.eu\/se\/wp-json\/wp\/v2\/comments?post=3626"}],"wp:featuredmedia":[{"embeddable":true,"href":"https:\/\/goalzero.eu\/se\/wp-json\/wp\/v2\/media\/3634"}],"wp:attachment":[{"href":"https:\/\/goalzero.eu\/se\/wp-json\/wp\/v2\/media?parent=3626"}],"wp:term":[{"taxonomy":"product_brand","embeddable":true,"href":"https:\/\/goalzero.eu\/se\/wp-json\/wp\/v2\/product_brand?post=3626"},{"taxonomy":"product_cat","embeddable":true,"href":"https:\/\/goalzero.eu\/se\/wp-json\/wp\/v2\/product_cat?post=3626"},{"taxonomy":"product_tag","embeddable":true,"href":"https:\/\/goalzero.eu\/se\/wp-json\/wp\/v2\/product_tag?post=3626"},{"taxonomy":"activity","embeddable":true,"href":"https:\/\/goalzero.eu\/se\/wp-json\/wp\/v2\/activity?post=3626"},{"taxonomy":"ideal_for","embeddable":true,"href":"https:\/\/goalzero.eu\/se\/wp-json\/wp\/v2\/ideal_for?post=3626"},{"taxonomy":"ports","embeddable":true,"href":"https:\/\/goalzero.eu\/se\/wp-json\/wp\/v2\/ports?post=3626"}],"curies":[{"name":"wp","href":"https:\/\/api.w.org\/{rel}","templated":true}]}}