{"id":3409,"date":"2021-08-31T16:09:27","date_gmt":"2021-08-31T14:09:27","guid":{"rendered":"https:\/\/goalzero.eu\/se\/?post_type=product&#038;p=3409"},"modified":"2025-08-04T16:03:25","modified_gmt":"2025-08-04T14:03:25","slug":"ranger-300-briefcase","status":"publish","type":"product","link":"https:\/\/goalzero.eu\/se\/product\/ranger-300-briefcase\/","title":{"rendered":"Ranger 300 Briefcase"},"content":{"rendered":"","protected":false},"excerpt":{"rendered":"<p>Mer solkraft, mindre vikt. Vi presenterar Goal Zero Ranger-serien. Med avstamp i Ranger 300 Briefcase g\u00f6r v\u00e5ra nya, l\u00e4ttviktiga, fasta solpaneler att du kan samla in mer energi fr\u00e5n solen samtidig som du har tillr\u00e4cklig portabilitet f\u00f6r att enkelt kunna transportera dem fr\u00e5n plats till plats. Ranger 300 Briefcase fungerar perfekt med v\u00e5ra Yeti 1000X-kraftverk och st\u00f6rre kraftverk f\u00f6r en helt\u00e4ckande solkraftsl\u00f6sning f\u00f6r h\u00f6g belastning.<\/p>\n","protected":false},"featured_media":3412,"comment_status":"closed","ping_status":"closed","template":"","meta":[],"product_brand":[],"product_cat":[40,15],"product_tag":[],"activity":[],"ideal_for":[],"ports":[],"class_list":{"0":"post-3409","1":"product","2":"type-product","3":"status-publish","4":"has-post-thumbnail","6":"product_cat-solar-portable","7":"product_cat-solar","9":"first","10":"outofstock","11":"taxable","12":"shipping-taxable","13":"product-type-simple"},"bundled_by":["3777"],"bundle_stock_status":"outofstock","bundle_stock_quantity":0,"bundle_virtual":false,"bundle_layout":"","bundle_add_to_cart_form_location":"","bundle_editable_in_cart":false,"bundle_sold_individually_context":"","bundle_item_grouping":"","bundle_min_size":"","bundle_max_size":"","bundle_price":[],"bundled_items":[],"bundle_sell_ids":[],"acf":[],"_links":{"self":[{"href":"https:\/\/goalzero.eu\/se\/wp-json\/wp\/v2\/product\/3409","targetHints":{"allow":["GET"]}}],"collection":[{"href":"https:\/\/goalzero.eu\/se\/wp-json\/wp\/v2\/product"}],"about":[{"href":"https:\/\/goalzero.eu\/se\/wp-json\/wp\/v2\/types\/product"}],"replies":[{"embeddable":true,"href":"https:\/\/goalzero.eu\/se\/wp-json\/wp\/v2\/comments?post=3409"}],"wp:featuredmedia":[{"embeddable":true,"href":"https:\/\/goalzero.eu\/se\/wp-json\/wp\/v2\/media\/3412"}],"wp:attachment":[{"href":"https:\/\/goalzero.eu\/se\/wp-json\/wp\/v2\/media?parent=3409"}],"wp:term":[{"taxonomy":"product_brand","embeddable":true,"href":"https:\/\/goalzero.eu\/se\/wp-json\/wp\/v2\/product_brand?post=3409"},{"taxonomy":"product_cat","embeddable":true,"href":"https:\/\/goalzero.eu\/se\/wp-json\/wp\/v2\/product_cat?post=3409"},{"taxonomy":"product_tag","embeddable":true,"href":"https:\/\/goalzero.eu\/se\/wp-json\/wp\/v2\/product_tag?post=3409"},{"taxonomy":"activity","embeddable":true,"href":"https:\/\/goalzero.eu\/se\/wp-json\/wp\/v2\/activity?post=3409"},{"taxonomy":"ideal_for","embeddable":true,"href":"https:\/\/goalzero.eu\/se\/wp-json\/wp\/v2\/ideal_for?post=3409"},{"taxonomy":"ports","embeddable":true,"href":"https:\/\/goalzero.eu\/se\/wp-json\/wp\/v2\/ports?post=3409"}],"curies":[{"name":"wp","href":"https:\/\/api.w.org\/{rel}","templated":true}]}}