{"id":2829,"date":"2021-06-21T16:32:10","date_gmt":"2021-06-21T14:32:10","guid":{"rendered":"https:\/\/goalzero.eu\/product\/goal-zero-guide-12-solar-kit\/"},"modified":"2025-08-04T16:03:25","modified_gmt":"2025-08-04T14:03:25","slug":"goal-zero-guide-12-solar-kit","status":"publish","type":"product","link":"https:\/\/goalzero.eu\/se\/product\/goal-zero-guide-12-solar-kit\/","title":{"rendered":"Guide 12 + Nomad 5 Kit"},"content":{"rendered":"","protected":false},"excerpt":{"rendered":"<p>En l\u00e4ttviktsl\u00f6sning f\u00f6r energi i farten fr\u00e5n solen. Nomad 5 har 5 monokristallina watt i en robust k\u00e5pa med l\u00e4ttanv\u00e4nt st\u00f6d och USB-utg\u00e5ng. Nomad 5 ansluts till Guide 12 Plus f\u00f6r att ladda AA-\/AAA-batterier fr\u00e5n solen. Det laddbara batteripaketet kan ocks\u00e5 anv\u00e4ndas f\u00f6r att driva din telefon, b\u00e4rbara enheter, GPS eller ge din surfplatta en energiskjuts om det kniper. Guide 12 har \u00f6kad batteristorlek samt USB-C-ing\u00e5ng och USB-A-utg\u00e5ng.<\/p>\n","protected":false},"featured_media":2832,"comment_status":"closed","ping_status":"closed","template":"","meta":[],"product_brand":[],"product_cat":[51,50,83,53,41,38],"product_tag":[],"activity":[],"ideal_for":[],"ports":[],"class_list":{"0":"post-2829","1":"product","2":"type-product","3":"status-publish","4":"has-post-thumbnail","6":"product_cat-kits-best-sellers","7":"product_cat-kits","8":"product_cat-outlet","9":"product_cat-kits-power-bank-kits","10":"product_cat-mobile","11":"product_cat-power-usb-power-banks","12":"product_shipping_class-goalzero","14":"first","15":"outofstock","16":"taxable","17":"shipping-taxable","18":"product-type-simple"},"bundled_by":[],"bundle_stock_status":"outofstock","bundle_stock_quantity":0,"bundle_virtual":false,"bundle_layout":"","bundle_add_to_cart_form_location":"","bundle_editable_in_cart":false,"bundle_sold_individually_context":"","bundle_item_grouping":"","bundle_min_size":"","bundle_max_size":"","bundle_price":[],"bundled_items":[],"bundle_sell_ids":[],"acf":[],"_links":{"self":[{"href":"https:\/\/goalzero.eu\/se\/wp-json\/wp\/v2\/product\/2829","targetHints":{"allow":["GET"]}}],"collection":[{"href":"https:\/\/goalzero.eu\/se\/wp-json\/wp\/v2\/product"}],"about":[{"href":"https:\/\/goalzero.eu\/se\/wp-json\/wp\/v2\/types\/product"}],"replies":[{"embeddable":true,"href":"https:\/\/goalzero.eu\/se\/wp-json\/wp\/v2\/comments?post=2829"}],"wp:featuredmedia":[{"embeddable":true,"href":"https:\/\/goalzero.eu\/se\/wp-json\/wp\/v2\/media\/2832"}],"wp:attachment":[{"href":"https:\/\/goalzero.eu\/se\/wp-json\/wp\/v2\/media?parent=2829"}],"wp:term":[{"taxonomy":"product_brand","embeddable":true,"href":"https:\/\/goalzero.eu\/se\/wp-json\/wp\/v2\/product_brand?post=2829"},{"taxonomy":"product_cat","embeddable":true,"href":"https:\/\/goalzero.eu\/se\/wp-json\/wp\/v2\/product_cat?post=2829"},{"taxonomy":"product_tag","embeddable":true,"href":"https:\/\/goalzero.eu\/se\/wp-json\/wp\/v2\/product_tag?post=2829"},{"taxonomy":"activity","embeddable":true,"href":"https:\/\/goalzero.eu\/se\/wp-json\/wp\/v2\/activity?post=2829"},{"taxonomy":"ideal_for","embeddable":true,"href":"https:\/\/goalzero.eu\/se\/wp-json\/wp\/v2\/ideal_for?post=2829"},{"taxonomy":"ports","embeddable":true,"href":"https:\/\/goalzero.eu\/se\/wp-json\/wp\/v2\/ports?post=2829"}],"curies":[{"name":"wp","href":"https:\/\/api.w.org\/{rel}","templated":true}]}}