{"id":2828,"date":"2021-06-21T16:32:10","date_gmt":"2021-06-21T14:32:10","guid":{"rendered":"https:\/\/goalzero.eu\/product\/goal-zero-venture-35-solar-kit\/"},"modified":"2025-08-04T16:03:25","modified_gmt":"2025-08-04T14:03:25","slug":"goal-zero-venture-35-solar-kit","status":"publish","type":"product","link":"https:\/\/goalzero.eu\/se\/product\/goal-zero-venture-35-solar-kit\/","title":{"rendered":"Venture 35 + Nomad 10 Kit"},"content":{"rendered":"","protected":false},"excerpt":{"rendered":"<p>V\u00e5r uppgraderade Venture 35-powerbank fungerar tillsammans med solpanelen Nomad 10 f\u00f6r att ge outt\u00f6mlig, robust och portabel energi. Den \u00e4r perfekt f\u00f6r rekreation utomhus och n\u00f6dsituationer. Denna powerbank p\u00e5 9600 mAh har damm- och vattenskyddad IP67-klassning, en 18\u00a0W USB-C-kontakt och tv\u00e5 USB-utg\u00e5ngar f\u00f6r att ladda flera enheter samtidigt. Ladda upp Venture 35 fr\u00e5n ett v\u00e4gguttag eller anslut den till Nomad 10 f\u00f6r att h\u00e4mta energi fr\u00e5n solen n\u00e4r du inte har tillg\u00e5ng till eln\u00e4tet.<\/p>\n","protected":false},"featured_media":2836,"comment_status":"closed","ping_status":"closed","template":"","meta":[],"product_brand":[],"product_cat":[51,50,83,53],"product_tag":[],"activity":[],"ideal_for":[],"ports":[],"class_list":{"0":"post-2828","1":"product","2":"type-product","3":"status-publish","4":"has-post-thumbnail","6":"product_cat-kits-best-sellers","7":"product_cat-kits","8":"product_cat-outlet","9":"product_cat-kits-power-bank-kits","10":"product_shipping_class-goalzero","12":"first","13":"outofstock","14":"taxable","15":"shipping-taxable","16":"product-type-simple"},"bundled_by":[],"bundle_stock_status":"outofstock","bundle_stock_quantity":0,"bundle_virtual":false,"bundle_layout":"","bundle_add_to_cart_form_location":"","bundle_editable_in_cart":false,"bundle_sold_individually_context":"","bundle_item_grouping":"","bundle_min_size":"","bundle_max_size":"","bundle_price":[],"bundled_items":[],"bundle_sell_ids":[],"acf":[],"_links":{"self":[{"href":"https:\/\/goalzero.eu\/se\/wp-json\/wp\/v2\/product\/2828","targetHints":{"allow":["GET"]}}],"collection":[{"href":"https:\/\/goalzero.eu\/se\/wp-json\/wp\/v2\/product"}],"about":[{"href":"https:\/\/goalzero.eu\/se\/wp-json\/wp\/v2\/types\/product"}],"replies":[{"embeddable":true,"href":"https:\/\/goalzero.eu\/se\/wp-json\/wp\/v2\/comments?post=2828"}],"wp:featuredmedia":[{"embeddable":true,"href":"https:\/\/goalzero.eu\/se\/wp-json\/wp\/v2\/media\/2836"}],"wp:attachment":[{"href":"https:\/\/goalzero.eu\/se\/wp-json\/wp\/v2\/media?parent=2828"}],"wp:term":[{"taxonomy":"product_brand","embeddable":true,"href":"https:\/\/goalzero.eu\/se\/wp-json\/wp\/v2\/product_brand?post=2828"},{"taxonomy":"product_cat","embeddable":true,"href":"https:\/\/goalzero.eu\/se\/wp-json\/wp\/v2\/product_cat?post=2828"},{"taxonomy":"product_tag","embeddable":true,"href":"https:\/\/goalzero.eu\/se\/wp-json\/wp\/v2\/product_tag?post=2828"},{"taxonomy":"activity","embeddable":true,"href":"https:\/\/goalzero.eu\/se\/wp-json\/wp\/v2\/activity?post=2828"},{"taxonomy":"ideal_for","embeddable":true,"href":"https:\/\/goalzero.eu\/se\/wp-json\/wp\/v2\/ideal_for?post=2828"},{"taxonomy":"ports","embeddable":true,"href":"https:\/\/goalzero.eu\/se\/wp-json\/wp\/v2\/ports?post=2828"}],"curies":[{"name":"wp","href":"https:\/\/api.w.org\/{rel}","templated":true}]}}