{"id":2509,"date":"2021-06-11T15:31:50","date_gmt":"2021-06-11T13:31:50","guid":{"rendered":"https:\/\/goalzero.eu\/product\/goal-zero-yeti-rolkar\/"},"modified":"2025-08-04T16:03:24","modified_gmt":"2025-08-04T14:03:24","slug":"goal-zero-yeti-roll-cart","status":"publish","type":"product","link":"https:\/\/goalzero.eu\/se\/product\/goal-zero-yeti-roll-cart\/","title":{"rendered":"Yeti Trolley"},"content":{"rendered":"","protected":false},"excerpt":{"rendered":"<p>Denna stadiga rullvagn \u00e4r konstruerad f\u00f6r att g\u00f6ra det mycket l\u00e4ttare att flytta stora, portabla Yeti-kraftverk. Med teleskophandtag och hjul som rullar p\u00e5 alla underlag f\u00f6r att ta sig till sv\u00e5rtillg\u00e4ngliga platser. Anv\u00e4nds med kraftverk i serierna Yeti X och Yeti Lithium fr\u00e5n 1000\u00a0W och upp\u00e5t. Ing\u00e5r i Yeti-kraftverk fr\u00e5n 3000\u00a0W och upp\u00e5t.<\/p>\n","protected":false},"featured_media":1556,"comment_status":"closed","ping_status":"closed","template":"","meta":[],"product_brand":[],"product_cat":[83,46,29],"product_tag":[],"activity":[21,22,23],"ideal_for":[28,35,27,25,24,26],"ports":[],"class_list":{"0":"post-2509","1":"product","2":"type-product","3":"status-publish","4":"has-post-thumbnail","6":"product_cat-outlet","7":"product_cat-accessoires-power-station-accessoires","8":"product_cat-accessoires","9":"product_shipping_class-goalzero","10":"activity-kamperen","11":"activity-noodstroom","12":"activity-schuur-garage","13":"ideal_for-cool-lada","14":"ideal_for-husbil","15":"ideal_for-kamera","16":"ideal_for-laptop-usb-c","17":"ideal_for-tablet","18":"ideal_for-tv","20":"first","21":"outofstock","22":"taxable","23":"shipping-taxable","24":"product-type-simple"},"bundled_by":[],"bundle_stock_status":"outofstock","bundle_stock_quantity":0,"bundle_virtual":false,"bundle_layout":"","bundle_add_to_cart_form_location":"","bundle_editable_in_cart":false,"bundle_sold_individually_context":"","bundle_item_grouping":"","bundle_min_size":"","bundle_max_size":"","bundle_price":[],"bundled_items":[],"bundle_sell_ids":[],"acf":[],"_links":{"self":[{"href":"https:\/\/goalzero.eu\/se\/wp-json\/wp\/v2\/product\/2509","targetHints":{"allow":["GET"]}}],"collection":[{"href":"https:\/\/goalzero.eu\/se\/wp-json\/wp\/v2\/product"}],"about":[{"href":"https:\/\/goalzero.eu\/se\/wp-json\/wp\/v2\/types\/product"}],"replies":[{"embeddable":true,"href":"https:\/\/goalzero.eu\/se\/wp-json\/wp\/v2\/comments?post=2509"}],"wp:featuredmedia":[{"embeddable":true,"href":"https:\/\/goalzero.eu\/se\/wp-json\/wp\/v2\/media\/1556"}],"wp:attachment":[{"href":"https:\/\/goalzero.eu\/se\/wp-json\/wp\/v2\/media?parent=2509"}],"wp:term":[{"taxonomy":"product_brand","embeddable":true,"href":"https:\/\/goalzero.eu\/se\/wp-json\/wp\/v2\/product_brand?post=2509"},{"taxonomy":"product_cat","embeddable":true,"href":"https:\/\/goalzero.eu\/se\/wp-json\/wp\/v2\/product_cat?post=2509"},{"taxonomy":"product_tag","embeddable":true,"href":"https:\/\/goalzero.eu\/se\/wp-json\/wp\/v2\/product_tag?post=2509"},{"taxonomy":"activity","embeddable":true,"href":"https:\/\/goalzero.eu\/se\/wp-json\/wp\/v2\/activity?post=2509"},{"taxonomy":"ideal_for","embeddable":true,"href":"https:\/\/goalzero.eu\/se\/wp-json\/wp\/v2\/ideal_for?post=2509"},{"taxonomy":"ports","embeddable":true,"href":"https:\/\/goalzero.eu\/se\/wp-json\/wp\/v2\/ports?post=2509"}],"curies":[{"name":"wp","href":"https:\/\/api.w.org\/{rel}","templated":true}]}}