{"id":2507,"date":"2021-06-11T15:31:50","date_gmt":"2021-06-11T13:31:50","guid":{"rendered":"https:\/\/goalzero.eu\/product\/goal-zero-torch-500\/"},"modified":"2025-08-04T16:03:24","modified_gmt":"2025-08-04T14:03:24","slug":"goal-zero-torch-500","status":"publish","type":"product","link":"https:\/\/goalzero.eu\/se\/product\/goal-zero-torch-500\/","title":{"rendered":"Torch 500"},"content":{"rendered":"","protected":false},"excerpt":{"rendered":"<p>Den mest p\u00e5litliga ljusk\u00e4llan f\u00f6r alla n\u00f6dsituationer \u00e4r nu vattenskyddad. Med IP67-klassning t\u00e5l den nya Torch 500 elementens raseri. Torch 500 har 500 lumen starkt LED-ljus som sprids som spotlight eller str\u00e5lkastare, f\u00f6r anv\u00e4ndning i olika sammanhang. Ladda fr\u00e5n solen med den inbyggda solpanelen eller fr\u00e5n en USB-k\u00e4lla, och ladda om det beh\u00f6vs telefonen fr\u00e5n det nya, st\u00f6rre batteriet p\u00e5 5200 mAh<span lang=\"EN-US\">.\u00a0<\/span><\/p>\n","protected":false},"featured_media":1542,"comment_status":"closed","ping_status":"closed","template":"","meta":[],"product_brand":[],"product_cat":[89,36],"product_tag":[],"activity":[21,22,20,19],"ideal_for":[28,35,27],"ports":[],"class_list":{"0":"post-2507","1":"product","2":"type-product","3":"status-publish","4":"has-post-thumbnail","6":"product_cat-flashlights","7":"product_cat-lights","8":"product_shipping_class-goalzero","9":"activity-kamperen","10":"activity-noodstroom","11":"activity-fotograferen","12":"activity-wereldreis","13":"ideal_for-cool-lada","14":"ideal_for-husbil","15":"ideal_for-kamera","17":"first","18":"outofstock","19":"taxable","20":"shipping-taxable","21":"product-type-simple"},"bundled_by":[],"bundle_stock_status":"outofstock","bundle_stock_quantity":0,"bundle_virtual":false,"bundle_layout":"","bundle_add_to_cart_form_location":"","bundle_editable_in_cart":false,"bundle_sold_individually_context":"","bundle_item_grouping":"","bundle_min_size":"","bundle_max_size":"","bundle_price":[],"bundled_items":[],"bundle_sell_ids":[],"acf":[],"_links":{"self":[{"href":"https:\/\/goalzero.eu\/se\/wp-json\/wp\/v2\/product\/2507","targetHints":{"allow":["GET"]}}],"collection":[{"href":"https:\/\/goalzero.eu\/se\/wp-json\/wp\/v2\/product"}],"about":[{"href":"https:\/\/goalzero.eu\/se\/wp-json\/wp\/v2\/types\/product"}],"replies":[{"embeddable":true,"href":"https:\/\/goalzero.eu\/se\/wp-json\/wp\/v2\/comments?post=2507"}],"wp:featuredmedia":[{"embeddable":true,"href":"https:\/\/goalzero.eu\/se\/wp-json\/wp\/v2\/media\/1542"}],"wp:attachment":[{"href":"https:\/\/goalzero.eu\/se\/wp-json\/wp\/v2\/media?parent=2507"}],"wp:term":[{"taxonomy":"product_brand","embeddable":true,"href":"https:\/\/goalzero.eu\/se\/wp-json\/wp\/v2\/product_brand?post=2507"},{"taxonomy":"product_cat","embeddable":true,"href":"https:\/\/goalzero.eu\/se\/wp-json\/wp\/v2\/product_cat?post=2507"},{"taxonomy":"product_tag","embeddable":true,"href":"https:\/\/goalzero.eu\/se\/wp-json\/wp\/v2\/product_tag?post=2507"},{"taxonomy":"activity","embeddable":true,"href":"https:\/\/goalzero.eu\/se\/wp-json\/wp\/v2\/activity?post=2507"},{"taxonomy":"ideal_for","embeddable":true,"href":"https:\/\/goalzero.eu\/se\/wp-json\/wp\/v2\/ideal_for?post=2507"},{"taxonomy":"ports","embeddable":true,"href":"https:\/\/goalzero.eu\/se\/wp-json\/wp\/v2\/ports?post=2507"}],"curies":[{"name":"wp","href":"https:\/\/api.w.org\/{rel}","templated":true}]}}