{"id":2495,"date":"2021-06-11T15:31:41","date_gmt":"2021-06-11T13:31:41","guid":{"rendered":"https:\/\/goalzero.eu\/product\/goal-zero-yeti-3000x\/"},"modified":"2025-08-04T16:03:24","modified_gmt":"2025-08-04T14:03:24","slug":"goal-zero-yeti-3000x","status":"publish","type":"product","link":"https:\/\/goalzero.eu\/se\/product\/goal-zero-yeti-3000x\/","title":{"rendered":"Yeti 3000X"},"content":{"rendered":"","protected":false},"excerpt":{"rendered":"<p>Med uppgraderingen till att innefatta den nya v\u00e4xelriktaren p\u00e5 2000\u00a0W kan Yeti 3000X driva hela livet hemma, p\u00e5 jobbet och p\u00e5 resa. Fem flexibla uttagsalternativ g\u00f6r att du kan driva allt fr\u00e5n elverktyg och kylsk\u00e5p till elcyklar och vedgrillar. Driver sk\u00e5pbilar, sl\u00e4pvagnar, lastbilsflak, verkst\u00e4der, viktiga kretsar i hemmet och mycket annat.<\/p>\n","protected":false},"featured_media":1275,"comment_status":"closed","ping_status":"closed","template":"","meta":[],"product_brand":[],"product_cat":[83,39,18],"product_tag":[],"activity":[68,69,64,22,23],"ideal_for":[28,76,35,27,74,71,72,25,77,73,24,75,70,26],"ports":[],"class_list":{"0":"post-2495","1":"product","2":"type-product","3":"status-publish","4":"has-post-thumbnail","6":"product_cat-outlet","7":"product_cat-power-power-stations","8":"product_cat-power","9":"product_shipping_class-goalzero","10":"activity-klussen-bouw","11":"activity-barbecue-elektrisch","12":"activity-camper-inbouw","13":"activity-noodstroom","14":"activity-schuur-garage","15":"ideal_for-cool-lada","16":"ideal_for-elektrisch-gereedschap","17":"ideal_for-husbil","18":"ideal_for-kamera","19":"ideal_for-kylskap","20":"ideal_for-laptop-typ-c-plug","21":"ideal_for-laptop-typ-f-plug","22":"ideal_for-laptop-usb-c","23":"ideal_for-powerbank","24":"ideal_for-slaapapneu-apparaat","25":"ideal_for-tablet","26":"ideal_for-talt","27":"ideal_for-telefon","28":"ideal_for-tv","30":"first","31":"outofstock","32":"taxable","33":"shipping-taxable","34":"product-type-simple"},"bundled_by":["3773"],"bundle_stock_status":"outofstock","bundle_stock_quantity":0,"bundle_virtual":false,"bundle_layout":"","bundle_add_to_cart_form_location":"","bundle_editable_in_cart":false,"bundle_sold_individually_context":"","bundle_item_grouping":"","bundle_min_size":"","bundle_max_size":"","bundle_price":[],"bundled_items":[],"bundle_sell_ids":[],"acf":[],"_links":{"self":[{"href":"https:\/\/goalzero.eu\/se\/wp-json\/wp\/v2\/product\/2495","targetHints":{"allow":["GET"]}}],"collection":[{"href":"https:\/\/goalzero.eu\/se\/wp-json\/wp\/v2\/product"}],"about":[{"href":"https:\/\/goalzero.eu\/se\/wp-json\/wp\/v2\/types\/product"}],"replies":[{"embeddable":true,"href":"https:\/\/goalzero.eu\/se\/wp-json\/wp\/v2\/comments?post=2495"}],"wp:featuredmedia":[{"embeddable":true,"href":"https:\/\/goalzero.eu\/se\/wp-json\/wp\/v2\/media\/1275"}],"wp:attachment":[{"href":"https:\/\/goalzero.eu\/se\/wp-json\/wp\/v2\/media?parent=2495"}],"wp:term":[{"taxonomy":"product_brand","embeddable":true,"href":"https:\/\/goalzero.eu\/se\/wp-json\/wp\/v2\/product_brand?post=2495"},{"taxonomy":"product_cat","embeddable":true,"href":"https:\/\/goalzero.eu\/se\/wp-json\/wp\/v2\/product_cat?post=2495"},{"taxonomy":"product_tag","embeddable":true,"href":"https:\/\/goalzero.eu\/se\/wp-json\/wp\/v2\/product_tag?post=2495"},{"taxonomy":"activity","embeddable":true,"href":"https:\/\/goalzero.eu\/se\/wp-json\/wp\/v2\/activity?post=2495"},{"taxonomy":"ideal_for","embeddable":true,"href":"https:\/\/goalzero.eu\/se\/wp-json\/wp\/v2\/ideal_for?post=2495"},{"taxonomy":"ports","embeddable":true,"href":"https:\/\/goalzero.eu\/se\/wp-json\/wp\/v2\/ports?post=2495"}],"curies":[{"name":"wp","href":"https:\/\/api.w.org\/{rel}","templated":true}]}}