{"id":2494,"date":"2021-06-11T15:31:41","date_gmt":"2021-06-11T13:31:41","guid":{"rendered":"https:\/\/goalzero.eu\/product\/goal-zero-yeti-1500x\/"},"modified":"2025-08-04T16:03:24","modified_gmt":"2025-08-04T14:03:24","slug":"goal-zero-yeti-1500x","status":"publish","type":"product","link":"https:\/\/goalzero.eu\/se\/product\/goal-zero-yeti-1500x\/","title":{"rendered":"Yeti 1500X"},"content":{"rendered":"","protected":false},"excerpt":{"rendered":"<p>V\u00e5rt b\u00e4sts\u00e4ljande stora kraftverk har nu \u00e4nnu mer kraft och en st\u00f6rre v\u00e4xelriktare s\u00e5 att du kan ta dig an vilket projekt som helst, inomhus och utomhus. Den nya 2000\u00a0W v\u00e4xelriktaren g\u00f6r att du kan driva allt som du kan driva med ett v\u00e4gguttag. Du kan driva friluftsaktiviteter, arbetsplatser, studio, basl\u00e4ger, viktiga saker i hemmet och mycket annat<span lang=\"EN-US\">.<\/span><\/p>\n","protected":false},"featured_media":1403,"comment_status":"closed","ping_status":"closed","template":"","meta":[],"product_brand":[],"product_cat":[39,18],"product_tag":[],"activity":[68,69,64,22,23],"ideal_for":[28,76,35,27,74,71,72,25,77,73,24,75,70,26],"ports":[],"class_list":{"0":"post-2494","1":"product","2":"type-product","3":"status-publish","4":"has-post-thumbnail","6":"product_cat-power-power-stations","7":"product_cat-power","8":"product_shipping_class-goalzero","9":"activity-klussen-bouw","10":"activity-barbecue-elektrisch","11":"activity-camper-inbouw","12":"activity-noodstroom","13":"activity-schuur-garage","14":"ideal_for-cool-lada","15":"ideal_for-elektrisch-gereedschap","16":"ideal_for-husbil","17":"ideal_for-kamera","18":"ideal_for-kylskap","19":"ideal_for-laptop-typ-c-plug","20":"ideal_for-laptop-typ-f-plug","21":"ideal_for-laptop-usb-c","22":"ideal_for-powerbank","23":"ideal_for-slaapapneu-apparaat","24":"ideal_for-tablet","25":"ideal_for-talt","26":"ideal_for-telefon","27":"ideal_for-tv","29":"first","30":"outofstock","31":"taxable","32":"shipping-taxable","33":"product-type-simple"},"bundled_by":["3770","3771","4089","4095"],"bundle_stock_status":"outofstock","bundle_stock_quantity":0,"bundle_virtual":false,"bundle_layout":"","bundle_add_to_cart_form_location":"","bundle_editable_in_cart":false,"bundle_sold_individually_context":"","bundle_item_grouping":"","bundle_min_size":"","bundle_max_size":"","bundle_price":[],"bundled_items":[],"bundle_sell_ids":[],"acf":[],"_links":{"self":[{"href":"https:\/\/goalzero.eu\/se\/wp-json\/wp\/v2\/product\/2494","targetHints":{"allow":["GET"]}}],"collection":[{"href":"https:\/\/goalzero.eu\/se\/wp-json\/wp\/v2\/product"}],"about":[{"href":"https:\/\/goalzero.eu\/se\/wp-json\/wp\/v2\/types\/product"}],"replies":[{"embeddable":true,"href":"https:\/\/goalzero.eu\/se\/wp-json\/wp\/v2\/comments?post=2494"}],"wp:featuredmedia":[{"embeddable":true,"href":"https:\/\/goalzero.eu\/se\/wp-json\/wp\/v2\/media\/1403"}],"wp:attachment":[{"href":"https:\/\/goalzero.eu\/se\/wp-json\/wp\/v2\/media?parent=2494"}],"wp:term":[{"taxonomy":"product_brand","embeddable":true,"href":"https:\/\/goalzero.eu\/se\/wp-json\/wp\/v2\/product_brand?post=2494"},{"taxonomy":"product_cat","embeddable":true,"href":"https:\/\/goalzero.eu\/se\/wp-json\/wp\/v2\/product_cat?post=2494"},{"taxonomy":"product_tag","embeddable":true,"href":"https:\/\/goalzero.eu\/se\/wp-json\/wp\/v2\/product_tag?post=2494"},{"taxonomy":"activity","embeddable":true,"href":"https:\/\/goalzero.eu\/se\/wp-json\/wp\/v2\/activity?post=2494"},{"taxonomy":"ideal_for","embeddable":true,"href":"https:\/\/goalzero.eu\/se\/wp-json\/wp\/v2\/ideal_for?post=2494"},{"taxonomy":"ports","embeddable":true,"href":"https:\/\/goalzero.eu\/se\/wp-json\/wp\/v2\/ports?post=2494"}],"curies":[{"name":"wp","href":"https:\/\/api.w.org\/{rel}","templated":true}]}}