{"id":2493,"date":"2021-06-11T15:31:41","date_gmt":"2021-06-11T13:31:41","guid":{"rendered":"https:\/\/goalzero.eu\/product\/goal-zero-yeti-1000x\/"},"modified":"2025-08-04T16:03:24","modified_gmt":"2025-08-04T14:03:24","slug":"goal-zero-yeti-1000x","status":"publish","type":"product","link":"https:\/\/goalzero.eu\/se\/product\/goal-zero-yeti-1000x\/","title":{"rendered":"Yeti 1000X"},"content":{"rendered":"","protected":false},"excerpt":{"rendered":"<p class=\"tw-data-text tw-text-large XcVN5d tw-ta\" dir=\"ltr\" data-placeholder=\"Vertaling\">Driv dina viktigaste enheter och apparater med Yeti 1000X. V\u00e5rt mest flexibla kraftverk \u00e4r stort nog att driva medelstora till stora apparater, samtidigt som det \u00e4r tillr\u00e4ckligt portabelt f\u00f6r att g\u00e5 in i bilen s\u00e5 du kan ta med det \u00f6verallt. Uppgraderad s\u00e5 att den har USB-C-str\u00f6mleverans, integrerad MPPT f\u00f6r effektivare solladdning och snabbare uppladdning. Du kan driva telefoner, b\u00e4rbara datorer, kamerautrustning, portabla kylsk\u00e5p, medicinska enheter, TV-apparater och mycket annat<span lang=\"EN-US\">.<\/span><\/p>\n","protected":false},"featured_media":1873,"comment_status":"closed","ping_status":"closed","template":"","meta":[],"product_brand":[],"product_cat":[83,39,18],"product_tag":[],"activity":[21,68,69,64,22,23],"ideal_for":[28,76,35,27,74,71,72,25,73,24,75,70,26],"ports":[],"class_list":{"0":"post-2493","1":"product","2":"type-product","3":"status-publish","4":"has-post-thumbnail","6":"product_cat-outlet","7":"product_cat-power-power-stations","8":"product_cat-power","9":"product_shipping_class-goalzero","10":"activity-kamperen","11":"activity-klussen-bouw","12":"activity-barbecue-elektrisch","13":"activity-camper-inbouw","14":"activity-noodstroom","15":"activity-schuur-garage","16":"ideal_for-cool-lada","17":"ideal_for-elektrisch-gereedschap","18":"ideal_for-husbil","19":"ideal_for-kamera","20":"ideal_for-kylskap","21":"ideal_for-laptop-typ-c-plug","22":"ideal_for-laptop-typ-f-plug","23":"ideal_for-laptop-usb-c","24":"ideal_for-slaapapneu-apparaat","25":"ideal_for-tablet","26":"ideal_for-talt","27":"ideal_for-telefon","28":"ideal_for-tv","30":"first","31":"outofstock","32":"taxable","33":"shipping-taxable","34":"product-type-simple"},"bundled_by":[],"bundle_stock_status":"outofstock","bundle_stock_quantity":0,"bundle_virtual":false,"bundle_layout":"","bundle_add_to_cart_form_location":"","bundle_editable_in_cart":false,"bundle_sold_individually_context":"","bundle_item_grouping":"","bundle_min_size":"","bundle_max_size":"","bundle_price":[],"bundled_items":[],"bundle_sell_ids":[],"acf":[],"_links":{"self":[{"href":"https:\/\/goalzero.eu\/se\/wp-json\/wp\/v2\/product\/2493","targetHints":{"allow":["GET"]}}],"collection":[{"href":"https:\/\/goalzero.eu\/se\/wp-json\/wp\/v2\/product"}],"about":[{"href":"https:\/\/goalzero.eu\/se\/wp-json\/wp\/v2\/types\/product"}],"replies":[{"embeddable":true,"href":"https:\/\/goalzero.eu\/se\/wp-json\/wp\/v2\/comments?post=2493"}],"wp:featuredmedia":[{"embeddable":true,"href":"https:\/\/goalzero.eu\/se\/wp-json\/wp\/v2\/media\/1873"}],"wp:attachment":[{"href":"https:\/\/goalzero.eu\/se\/wp-json\/wp\/v2\/media?parent=2493"}],"wp:term":[{"taxonomy":"product_brand","embeddable":true,"href":"https:\/\/goalzero.eu\/se\/wp-json\/wp\/v2\/product_brand?post=2493"},{"taxonomy":"product_cat","embeddable":true,"href":"https:\/\/goalzero.eu\/se\/wp-json\/wp\/v2\/product_cat?post=2493"},{"taxonomy":"product_tag","embeddable":true,"href":"https:\/\/goalzero.eu\/se\/wp-json\/wp\/v2\/product_tag?post=2493"},{"taxonomy":"activity","embeddable":true,"href":"https:\/\/goalzero.eu\/se\/wp-json\/wp\/v2\/activity?post=2493"},{"taxonomy":"ideal_for","embeddable":true,"href":"https:\/\/goalzero.eu\/se\/wp-json\/wp\/v2\/ideal_for?post=2493"},{"taxonomy":"ports","embeddable":true,"href":"https:\/\/goalzero.eu\/se\/wp-json\/wp\/v2\/ports?post=2493"}],"curies":[{"name":"wp","href":"https:\/\/api.w.org\/{rel}","templated":true}]}}