{"id":2492,"date":"2021-06-11T15:31:41","date_gmt":"2021-06-11T13:31:41","guid":{"rendered":"https:\/\/goalzero.eu\/product\/goal-zero-yeti-500x\/"},"modified":"2025-08-04T16:03:23","modified_gmt":"2025-08-04T14:03:23","slug":"goal-zero-yeti-500x","status":"publish","type":"product","link":"https:\/\/goalzero.eu\/se\/product\/goal-zero-yeti-500x\/","title":{"rendered":"Yeti 500X"},"content":{"rendered":"","protected":false},"excerpt":{"rendered":"<p>H\u00e5ll alla dina sm\u00e5 och medelstora enheter och apparater laddade med det portabla kraftverket Yeti 500X. Den \u00e4r utformad f\u00f6r att ha 20\u00a0% mer energi laddad i ett 20\u00a0% mindre och l\u00e4ttare skal \u00e4n f\u00f6reg\u00e5ngaren, och 500X \u00e4r perfekt f\u00f6r l\u00e4ngre campingresor, party p\u00e5 bakg\u00e5rden eller str\u00f6m i farten i en n\u00f6dsituation<span lang=\"EN-US\">.<\/span><\/p>\n","protected":false},"featured_media":1396,"comment_status":"closed","ping_status":"closed","template":"","meta":[],"product_brand":[],"product_cat":[83,39,18],"product_tag":[],"activity":[21,67,64,22,23,20],"ideal_for":[28,35,27,74,71,72,25,73,24,75,70,26],"ports":[],"class_list":{"0":"post-2492","1":"product","2":"type-product","3":"status-publish","4":"has-post-thumbnail","6":"product_cat-outlet","7":"product_cat-power-power-stations","8":"product_cat-power","9":"product_shipping_class-goalzero","10":"activity-kamperen","11":"activity-festival","12":"activity-camper-inbouw","13":"activity-noodstroom","14":"activity-schuur-garage","15":"activity-fotograferen","16":"ideal_for-cool-lada","17":"ideal_for-husbil","18":"ideal_for-kamera","19":"ideal_for-kylskap","20":"ideal_for-laptop-typ-c-plug","21":"ideal_for-laptop-typ-f-plug","22":"ideal_for-laptop-usb-c","23":"ideal_for-slaapapneu-apparaat","24":"ideal_for-tablet","25":"ideal_for-talt","26":"ideal_for-telefon","27":"ideal_for-tv","29":"first","30":"outofstock","31":"taxable","32":"shipping-taxable","33":"product-type-simple"},"bundled_by":["3775","3857","4090","4091"],"bundle_stock_status":"outofstock","bundle_stock_quantity":0,"bundle_virtual":false,"bundle_layout":"","bundle_add_to_cart_form_location":"","bundle_editable_in_cart":false,"bundle_sold_individually_context":"","bundle_item_grouping":"","bundle_min_size":"","bundle_max_size":"","bundle_price":[],"bundled_items":[],"bundle_sell_ids":[],"acf":[],"_links":{"self":[{"href":"https:\/\/goalzero.eu\/se\/wp-json\/wp\/v2\/product\/2492","targetHints":{"allow":["GET"]}}],"collection":[{"href":"https:\/\/goalzero.eu\/se\/wp-json\/wp\/v2\/product"}],"about":[{"href":"https:\/\/goalzero.eu\/se\/wp-json\/wp\/v2\/types\/product"}],"replies":[{"embeddable":true,"href":"https:\/\/goalzero.eu\/se\/wp-json\/wp\/v2\/comments?post=2492"}],"wp:featuredmedia":[{"embeddable":true,"href":"https:\/\/goalzero.eu\/se\/wp-json\/wp\/v2\/media\/1396"}],"wp:attachment":[{"href":"https:\/\/goalzero.eu\/se\/wp-json\/wp\/v2\/media?parent=2492"}],"wp:term":[{"taxonomy":"product_brand","embeddable":true,"href":"https:\/\/goalzero.eu\/se\/wp-json\/wp\/v2\/product_brand?post=2492"},{"taxonomy":"product_cat","embeddable":true,"href":"https:\/\/goalzero.eu\/se\/wp-json\/wp\/v2\/product_cat?post=2492"},{"taxonomy":"product_tag","embeddable":true,"href":"https:\/\/goalzero.eu\/se\/wp-json\/wp\/v2\/product_tag?post=2492"},{"taxonomy":"activity","embeddable":true,"href":"https:\/\/goalzero.eu\/se\/wp-json\/wp\/v2\/activity?post=2492"},{"taxonomy":"ideal_for","embeddable":true,"href":"https:\/\/goalzero.eu\/se\/wp-json\/wp\/v2\/ideal_for?post=2492"},{"taxonomy":"ports","embeddable":true,"href":"https:\/\/goalzero.eu\/se\/wp-json\/wp\/v2\/ports?post=2492"}],"curies":[{"name":"wp","href":"https:\/\/api.w.org\/{rel}","templated":true}]}}