{"id":2487,"date":"2021-06-11T15:31:41","date_gmt":"2021-06-11T13:31:41","guid":{"rendered":"https:\/\/goalzero.eu\/product\/goal-zero-crushlight-chroma\/"},"modified":"2025-08-04T16:03:23","modified_gmt":"2025-08-04T14:03:23","slug":"goal-zero-crushlight-chroma","status":"publish","type":"product","link":"https:\/\/goalzero.eu\/se\/product\/goal-zero-crushlight-chroma\/","title":{"rendered":"CrushLight Chroma"},"content":{"rendered":"","protected":false},"excerpt":{"rendered":"<p>L\u00e4tt och enkel att ta med: f\u00e4rgstarka Crush Light Chroma f\u00f6rvandlar l\u00e4gerplatsen till en festlokal. Den hopf\u00e4llbara sollampan har sex f\u00e4rgl\u00e4gen och en flerf\u00e4rgsdimmer, f\u00f6rutom samma tre l\u00e4gen f\u00f6r vitt ljus och fladdrande stearinljus som prisbel\u00f6nta Crush Light. Ladda snabbt upp den fr\u00e5n en USB-port innan du ger dig av, och anv\u00e4nd den inbyggda solpanelen f\u00f6r att driva den med solljus under hela ditt \u00e4ventyr.<\/p>\n","protected":false},"featured_media":2626,"comment_status":"closed","ping_status":"closed","template":"","meta":[],"product_brand":[],"product_cat":[86,88,83],"product_tag":[],"activity":[],"ideal_for":[],"ports":[],"class_list":{"0":"post-2487","1":"product","2":"type-product","3":"status-publish","4":"has-post-thumbnail","6":"product_cat-lampen","7":"product_cat-lantaarns","8":"product_cat-outlet","9":"product_shipping_class-goalzero","11":"first","12":"outofstock","13":"taxable","14":"shipping-taxable","15":"product-type-simple"},"bundled_by":[],"bundle_stock_status":"outofstock","bundle_stock_quantity":0,"bundle_virtual":false,"bundle_layout":"","bundle_add_to_cart_form_location":"","bundle_editable_in_cart":false,"bundle_sold_individually_context":"","bundle_item_grouping":"","bundle_min_size":"","bundle_max_size":"","bundle_price":[],"bundled_items":[],"bundle_sell_ids":[],"acf":[],"_links":{"self":[{"href":"https:\/\/goalzero.eu\/se\/wp-json\/wp\/v2\/product\/2487","targetHints":{"allow":["GET"]}}],"collection":[{"href":"https:\/\/goalzero.eu\/se\/wp-json\/wp\/v2\/product"}],"about":[{"href":"https:\/\/goalzero.eu\/se\/wp-json\/wp\/v2\/types\/product"}],"replies":[{"embeddable":true,"href":"https:\/\/goalzero.eu\/se\/wp-json\/wp\/v2\/comments?post=2487"}],"wp:featuredmedia":[{"embeddable":true,"href":"https:\/\/goalzero.eu\/se\/wp-json\/wp\/v2\/media\/2626"}],"wp:attachment":[{"href":"https:\/\/goalzero.eu\/se\/wp-json\/wp\/v2\/media?parent=2487"}],"wp:term":[{"taxonomy":"product_brand","embeddable":true,"href":"https:\/\/goalzero.eu\/se\/wp-json\/wp\/v2\/product_brand?post=2487"},{"taxonomy":"product_cat","embeddable":true,"href":"https:\/\/goalzero.eu\/se\/wp-json\/wp\/v2\/product_cat?post=2487"},{"taxonomy":"product_tag","embeddable":true,"href":"https:\/\/goalzero.eu\/se\/wp-json\/wp\/v2\/product_tag?post=2487"},{"taxonomy":"activity","embeddable":true,"href":"https:\/\/goalzero.eu\/se\/wp-json\/wp\/v2\/activity?post=2487"},{"taxonomy":"ideal_for","embeddable":true,"href":"https:\/\/goalzero.eu\/se\/wp-json\/wp\/v2\/ideal_for?post=2487"},{"taxonomy":"ports","embeddable":true,"href":"https:\/\/goalzero.eu\/se\/wp-json\/wp\/v2\/ports?post=2487"}],"curies":[{"name":"wp","href":"https:\/\/api.w.org\/{rel}","templated":true}]}}