{"id":2478,"date":"2021-06-11T15:31:32","date_gmt":"2021-06-11T13:31:32","guid":{"rendered":"https:\/\/goalzero.eu\/product\/goal-zero-venture-75\/"},"modified":"2025-08-04T16:03:23","modified_gmt":"2025-08-04T14:03:23","slug":"goal-zero-venture-75","status":"publish","type":"product","link":"https:\/\/goalzero.eu\/se\/product\/goal-zero-venture-75\/","title":{"rendered":"Venture 75"},"content":{"rendered":"","protected":false},"excerpt":{"rendered":"<p>Snabbladdningsteknik m\u00f6ter robust t\u00e5lighet. Nya Venture 75 kombinerar det b\u00e4sta av tv\u00e5 v\u00e4rldar. V\u00e5r uppgraderade powerbank p\u00e5 19200 mAh \u00e4r IP67-klassad som dammt\u00e4t\/vattent\u00e5lig och har ett USB-C-uttag som designats f\u00f6r snabbare laddning och effektivare str\u00f6mtransport. Driv surfplattor, b\u00e4rbara datorer och andra USB-C-enheter med USB-C-utg\u00e5ngen p\u00e5 60 W, och anv\u00e4nd samma uttag f\u00f6r att snabbt ladda upp din powerbank p\u00e5 1,5 timmar. Idealisk f\u00f6r utomhusaktiviteter, resor och n\u00f6dsituationer.<\/p>\n","protected":false},"featured_media":1494,"comment_status":"closed","ping_status":"closed","template":"","meta":[],"product_brand":[],"product_cat":[37,18],"product_tag":[],"activity":[66,21,67,63,20,19],"ideal_for":[27,25,24,75,70],"ports":[],"class_list":{"0":"post-2478","1":"product","2":"type-product","3":"status-publish","4":"has-post-thumbnail","6":"product_cat-power-usb-c-power-banks","7":"product_cat-power","8":"product_shipping_class-goalzero","9":"activity-wandelen","10":"activity-kamperen","11":"activity-festival","12":"activity-reizen-zakelijk","13":"activity-fotograferen","14":"activity-wereldreis","15":"ideal_for-kamera","16":"ideal_for-laptop-usb-c","17":"ideal_for-tablet","18":"ideal_for-talt","19":"ideal_for-telefon","21":"first","22":"outofstock","23":"taxable","24":"shipping-taxable","25":"product-type-simple"},"bundled_by":[],"bundle_stock_status":"outofstock","bundle_stock_quantity":0,"bundle_virtual":false,"bundle_layout":"","bundle_add_to_cart_form_location":"","bundle_editable_in_cart":false,"bundle_sold_individually_context":"","bundle_item_grouping":"","bundle_min_size":"","bundle_max_size":"","bundle_price":[],"bundled_items":[],"bundle_sell_ids":[],"acf":[],"_links":{"self":[{"href":"https:\/\/goalzero.eu\/se\/wp-json\/wp\/v2\/product\/2478","targetHints":{"allow":["GET"]}}],"collection":[{"href":"https:\/\/goalzero.eu\/se\/wp-json\/wp\/v2\/product"}],"about":[{"href":"https:\/\/goalzero.eu\/se\/wp-json\/wp\/v2\/types\/product"}],"replies":[{"embeddable":true,"href":"https:\/\/goalzero.eu\/se\/wp-json\/wp\/v2\/comments?post=2478"}],"wp:featuredmedia":[{"embeddable":true,"href":"https:\/\/goalzero.eu\/se\/wp-json\/wp\/v2\/media\/1494"}],"wp:attachment":[{"href":"https:\/\/goalzero.eu\/se\/wp-json\/wp\/v2\/media?parent=2478"}],"wp:term":[{"taxonomy":"product_brand","embeddable":true,"href":"https:\/\/goalzero.eu\/se\/wp-json\/wp\/v2\/product_brand?post=2478"},{"taxonomy":"product_cat","embeddable":true,"href":"https:\/\/goalzero.eu\/se\/wp-json\/wp\/v2\/product_cat?post=2478"},{"taxonomy":"product_tag","embeddable":true,"href":"https:\/\/goalzero.eu\/se\/wp-json\/wp\/v2\/product_tag?post=2478"},{"taxonomy":"activity","embeddable":true,"href":"https:\/\/goalzero.eu\/se\/wp-json\/wp\/v2\/activity?post=2478"},{"taxonomy":"ideal_for","embeddable":true,"href":"https:\/\/goalzero.eu\/se\/wp-json\/wp\/v2\/ideal_for?post=2478"},{"taxonomy":"ports","embeddable":true,"href":"https:\/\/goalzero.eu\/se\/wp-json\/wp\/v2\/ports?post=2478"}],"curies":[{"name":"wp","href":"https:\/\/api.w.org\/{rel}","templated":true}]}}