{"id":2477,"date":"2021-06-11T15:31:32","date_gmt":"2021-06-11T13:31:32","guid":{"rendered":"https:\/\/goalzero.eu\/product\/goal-zero-venture-35\/"},"modified":"2025-08-04T16:03:23","modified_gmt":"2025-08-04T14:03:23","slug":"goal-zero-venture-35","status":"publish","type":"product","link":"https:\/\/goalzero.eu\/se\/product\/goal-zero-venture-35\/","title":{"rendered":"Venture 35"},"content":{"rendered":"","protected":false},"excerpt":{"rendered":"<p>Nya Venture 35 har designats med b\u00e4ttre skydd mot elementen och mer kraft \u00e4n sin f\u00f6reg\u00e5ngare. Den \u00e4r redo f\u00f6r vad som helst. Med uppgraderad IP67-klassning \u00e4r denna powerbank p\u00e5 9600 mAh nu dammskyddad och vattenskyddad, s\u00e5 att du kan lita p\u00e5 att den driver viktiga enheter genom vilket \u00e4ventyr som helst, i regn eller i solsken. Ladda upp Venture 35 p\u00e5 bara tre timmar med det nya 18\u00a0W USB-C-uttaget och driv flera enheter samtidigt med tv\u00e5 USB-utg\u00e5ngar.<\/p>\n","protected":false},"featured_media":1502,"comment_status":"closed","ping_status":"closed","template":"","meta":[],"product_brand":[],"product_cat":[83,37,18],"product_tag":[],"activity":[66,21,67,63,20,19],"ideal_for":[27,24,75,70],"ports":[],"class_list":{"0":"post-2477","1":"product","2":"type-product","3":"status-publish","4":"has-post-thumbnail","6":"product_cat-outlet","7":"product_cat-power-usb-c-power-banks","8":"product_cat-power","9":"product_shipping_class-goalzero","10":"activity-wandelen","11":"activity-kamperen","12":"activity-festival","13":"activity-reizen-zakelijk","14":"activity-fotograferen","15":"activity-wereldreis","16":"ideal_for-kamera","17":"ideal_for-tablet","18":"ideal_for-talt","19":"ideal_for-telefon","21":"first","22":"outofstock","23":"taxable","24":"shipping-taxable","25":"product-type-simple"},"bundled_by":[],"bundle_stock_status":"outofstock","bundle_stock_quantity":0,"bundle_virtual":false,"bundle_layout":"","bundle_add_to_cart_form_location":"","bundle_editable_in_cart":false,"bundle_sold_individually_context":"","bundle_item_grouping":"","bundle_min_size":"","bundle_max_size":"","bundle_price":[],"bundled_items":[],"bundle_sell_ids":[],"acf":[],"_links":{"self":[{"href":"https:\/\/goalzero.eu\/se\/wp-json\/wp\/v2\/product\/2477","targetHints":{"allow":["GET"]}}],"collection":[{"href":"https:\/\/goalzero.eu\/se\/wp-json\/wp\/v2\/product"}],"about":[{"href":"https:\/\/goalzero.eu\/se\/wp-json\/wp\/v2\/types\/product"}],"replies":[{"embeddable":true,"href":"https:\/\/goalzero.eu\/se\/wp-json\/wp\/v2\/comments?post=2477"}],"wp:featuredmedia":[{"embeddable":true,"href":"https:\/\/goalzero.eu\/se\/wp-json\/wp\/v2\/media\/1502"}],"wp:attachment":[{"href":"https:\/\/goalzero.eu\/se\/wp-json\/wp\/v2\/media?parent=2477"}],"wp:term":[{"taxonomy":"product_brand","embeddable":true,"href":"https:\/\/goalzero.eu\/se\/wp-json\/wp\/v2\/product_brand?post=2477"},{"taxonomy":"product_cat","embeddable":true,"href":"https:\/\/goalzero.eu\/se\/wp-json\/wp\/v2\/product_cat?post=2477"},{"taxonomy":"product_tag","embeddable":true,"href":"https:\/\/goalzero.eu\/se\/wp-json\/wp\/v2\/product_tag?post=2477"},{"taxonomy":"activity","embeddable":true,"href":"https:\/\/goalzero.eu\/se\/wp-json\/wp\/v2\/activity?post=2477"},{"taxonomy":"ideal_for","embeddable":true,"href":"https:\/\/goalzero.eu\/se\/wp-json\/wp\/v2\/ideal_for?post=2477"},{"taxonomy":"ports","embeddable":true,"href":"https:\/\/goalzero.eu\/se\/wp-json\/wp\/v2\/ports?post=2477"}],"curies":[{"name":"wp","href":"https:\/\/api.w.org\/{rel}","templated":true}]}}