{"id":2476,"date":"2021-06-11T15:31:32","date_gmt":"2021-06-11T13:31:32","guid":{"rendered":"https:\/\/goalzero.eu\/product\/goal-zero-yeti-200x\/"},"modified":"2025-08-04T16:03:23","modified_gmt":"2025-08-04T14:03:23","slug":"goal-zero-yeti-200x","status":"publish","type":"product","link":"https:\/\/goalzero.eu\/se\/product\/goal-zero-yeti-200x\/","title":{"rendered":"Yeti 200X"},"content":{"rendered":"","protected":false},"excerpt":{"rendered":"<p>V\u00e5rt l\u00e4ttaste kraftverk hittills: nya Yeti 200X ger 187 wattimmar litiumenergi och den senaste snabbladdningstekniken i en kompakt, ultraportabel design. Oavsett om du ska ut p\u00e5 ett par dagar eller en hel vecka har du r\u00e4tt energik\u00e4lla f\u00f6r att h\u00e5lla det viktigaste laddat fr\u00e5n d\u00f6rr till m\u00e5l och hem igen<span lang=\"EN-US\">.<\/span><\/p>\n","protected":false},"featured_media":1779,"comment_status":"closed","ping_status":"closed","template":"","meta":[],"product_brand":[],"product_cat":[83,39,18],"product_tag":[],"activity":[21,67,64,23,20],"ideal_for":[28,35,27,71,72,25,73,24,75,70,26],"ports":[],"class_list":{"0":"post-2476","1":"product","2":"type-product","3":"status-publish","4":"has-post-thumbnail","6":"product_cat-outlet","7":"product_cat-power-power-stations","8":"product_cat-power","9":"product_shipping_class-goalzero","10":"activity-kamperen","11":"activity-festival","12":"activity-camper-inbouw","13":"activity-schuur-garage","14":"activity-fotograferen","15":"ideal_for-cool-lada","16":"ideal_for-husbil","17":"ideal_for-kamera","18":"ideal_for-laptop-typ-c-plug","19":"ideal_for-laptop-typ-f-plug","20":"ideal_for-laptop-usb-c","21":"ideal_for-slaapapneu-apparaat","22":"ideal_for-tablet","23":"ideal_for-talt","24":"ideal_for-telefon","25":"ideal_for-tv","27":"first","28":"outofstock","29":"taxable","30":"shipping-taxable","31":"product-type-simple"},"bundled_by":[],"bundle_stock_status":"outofstock","bundle_stock_quantity":0,"bundle_virtual":false,"bundle_layout":"","bundle_add_to_cart_form_location":"","bundle_editable_in_cart":false,"bundle_sold_individually_context":"","bundle_item_grouping":"","bundle_min_size":"","bundle_max_size":"","bundle_price":[],"bundled_items":[],"bundle_sell_ids":[],"acf":[],"_links":{"self":[{"href":"https:\/\/goalzero.eu\/se\/wp-json\/wp\/v2\/product\/2476","targetHints":{"allow":["GET"]}}],"collection":[{"href":"https:\/\/goalzero.eu\/se\/wp-json\/wp\/v2\/product"}],"about":[{"href":"https:\/\/goalzero.eu\/se\/wp-json\/wp\/v2\/types\/product"}],"replies":[{"embeddable":true,"href":"https:\/\/goalzero.eu\/se\/wp-json\/wp\/v2\/comments?post=2476"}],"wp:featuredmedia":[{"embeddable":true,"href":"https:\/\/goalzero.eu\/se\/wp-json\/wp\/v2\/media\/1779"}],"wp:attachment":[{"href":"https:\/\/goalzero.eu\/se\/wp-json\/wp\/v2\/media?parent=2476"}],"wp:term":[{"taxonomy":"product_brand","embeddable":true,"href":"https:\/\/goalzero.eu\/se\/wp-json\/wp\/v2\/product_brand?post=2476"},{"taxonomy":"product_cat","embeddable":true,"href":"https:\/\/goalzero.eu\/se\/wp-json\/wp\/v2\/product_cat?post=2476"},{"taxonomy":"product_tag","embeddable":true,"href":"https:\/\/goalzero.eu\/se\/wp-json\/wp\/v2\/product_tag?post=2476"},{"taxonomy":"activity","embeddable":true,"href":"https:\/\/goalzero.eu\/se\/wp-json\/wp\/v2\/activity?post=2476"},{"taxonomy":"ideal_for","embeddable":true,"href":"https:\/\/goalzero.eu\/se\/wp-json\/wp\/v2\/ideal_for?post=2476"},{"taxonomy":"ports","embeddable":true,"href":"https:\/\/goalzero.eu\/se\/wp-json\/wp\/v2\/ports?post=2476"}],"curies":[{"name":"wp","href":"https:\/\/api.w.org\/{rel}","templated":true}]}}