{"id":2462,"date":"2021-06-11T15:31:32","date_gmt":"2021-06-11T13:31:32","guid":{"rendered":"https:\/\/goalzero.eu\/product\/goal-zero-nomad-50\/"},"modified":"2025-08-04T16:03:22","modified_gmt":"2025-08-04T14:03:22","slug":"goal-zero-nomad-50","status":"publish","type":"product","link":"https:\/\/goalzero.eu\/se\/product\/goal-zero-nomad-50\/","title":{"rendered":"Nomad 50"},"content":{"rendered":"","protected":false},"excerpt":{"rendered":"<p>Robust byggd f\u00f6r mobila basl\u00e4ger och \u00e4ventyr utanf\u00f6r eln\u00e4tet. Nomad 50 \u00e4r perfekt f\u00f6r l\u00e4ngre resor n\u00e4r du beh\u00f6ver mer energi utan att du vill offra m\u00f6jligheterna att packa. Den flexibla designen med fyra paneler g\u00f6r det enkelt att f\u00e4lla ut dem och samla in energi \u00e4r du \u00e4r stillast\u00e5ende, och sedan snabbt packa in den i tr\u00e5nga utrymmen i fordonet n\u00e4r du \u00e4r p\u00e5 v\u00e4g. Anv\u00e4nds tillsammans med ett Yeti-kraftverk f\u00f6r att h\u00e5lla b\u00e4rbara datorer laddade, driva portabla kylsk\u00e5p och driva viktig elektronik.<\/p>\n","protected":false},"featured_media":1381,"comment_status":"closed","ping_status":"closed","template":"","meta":[],"product_brand":[],"product_cat":[83,40,15],"product_tag":[],"activity":[66,21,20,19],"ideal_for":[27,78,77,24,70],"ports":[],"class_list":{"0":"post-2462","1":"product","2":"type-product","3":"status-publish","4":"has-post-thumbnail","6":"product_cat-outlet","7":"product_cat-solar-portable","8":"product_cat-solar","9":"product_shipping_class-goalzero","10":"activity-wandelen","11":"activity-kamperen","12":"activity-fotograferen","13":"activity-wereldreis","14":"ideal_for-kamera","15":"ideal_for-power-station","16":"ideal_for-powerbank","17":"ideal_for-tablet","18":"ideal_for-telefon","20":"first","21":"outofstock","22":"taxable","23":"shipping-taxable","24":"product-type-simple"},"bundled_by":[],"bundle_stock_status":"outofstock","bundle_stock_quantity":0,"bundle_virtual":false,"bundle_layout":"","bundle_add_to_cart_form_location":"","bundle_editable_in_cart":false,"bundle_sold_individually_context":"","bundle_item_grouping":"","bundle_min_size":"","bundle_max_size":"","bundle_price":[],"bundled_items":[],"bundle_sell_ids":[],"acf":[],"_links":{"self":[{"href":"https:\/\/goalzero.eu\/se\/wp-json\/wp\/v2\/product\/2462","targetHints":{"allow":["GET"]}}],"collection":[{"href":"https:\/\/goalzero.eu\/se\/wp-json\/wp\/v2\/product"}],"about":[{"href":"https:\/\/goalzero.eu\/se\/wp-json\/wp\/v2\/types\/product"}],"replies":[{"embeddable":true,"href":"https:\/\/goalzero.eu\/se\/wp-json\/wp\/v2\/comments?post=2462"}],"wp:featuredmedia":[{"embeddable":true,"href":"https:\/\/goalzero.eu\/se\/wp-json\/wp\/v2\/media\/1381"}],"wp:attachment":[{"href":"https:\/\/goalzero.eu\/se\/wp-json\/wp\/v2\/media?parent=2462"}],"wp:term":[{"taxonomy":"product_brand","embeddable":true,"href":"https:\/\/goalzero.eu\/se\/wp-json\/wp\/v2\/product_brand?post=2462"},{"taxonomy":"product_cat","embeddable":true,"href":"https:\/\/goalzero.eu\/se\/wp-json\/wp\/v2\/product_cat?post=2462"},{"taxonomy":"product_tag","embeddable":true,"href":"https:\/\/goalzero.eu\/se\/wp-json\/wp\/v2\/product_tag?post=2462"},{"taxonomy":"activity","embeddable":true,"href":"https:\/\/goalzero.eu\/se\/wp-json\/wp\/v2\/activity?post=2462"},{"taxonomy":"ideal_for","embeddable":true,"href":"https:\/\/goalzero.eu\/se\/wp-json\/wp\/v2\/ideal_for?post=2462"},{"taxonomy":"ports","embeddable":true,"href":"https:\/\/goalzero.eu\/se\/wp-json\/wp\/v2\/ports?post=2462"}],"curies":[{"name":"wp","href":"https:\/\/api.w.org\/{rel}","templated":true}]}}