{"id":2460,"date":"2021-06-11T15:31:32","date_gmt":"2021-06-11T13:31:32","guid":{"rendered":"https:\/\/goalzero.eu\/product\/goal-zero-nomad-10\/"},"modified":"2025-08-04T16:03:22","modified_gmt":"2025-08-04T14:03:22","slug":"goal-zero-nomad-10","status":"publish","type":"product","link":"https:\/\/goalzero.eu\/se\/product\/goal-zero-nomad-10\/","title":{"rendered":"Nomad 10"},"content":{"rendered":"","protected":false},"excerpt":{"rendered":"<p>Nomad 10-wattspanel ger dig den solf\u00e5ngarkapacitet du beh\u00f6ver f\u00f6r att ladda din telefon \u00f6verallt d\u00e4r det finns solsken. Nomad 10 har omdesignats f\u00f6r en mer s\u00f6ml\u00f6s solladdningsupplevelse, och har en inbyggd Flip-docka och justerbart st\u00f6d som klickar p\u00e5 plats f\u00f6r extra stabilitet. Integrerad USB-port som laddar telefoner, powerbanks och andra mindre enheter.<\/p>\n","protected":false},"featured_media":1850,"comment_status":"closed","ping_status":"closed","template":"","meta":[],"product_brand":[],"product_cat":[85,83,84],"product_tag":[],"activity":[66,21,19],"ideal_for":[77,70],"ports":[],"class_list":{"0":"post-2460","1":"product","2":"type-product","3":"status-publish","4":"has-post-thumbnail","6":"product_cat-draagbare-zonnepanelen","7":"product_cat-outlet","8":"product_cat-zonnepanelen","9":"product_shipping_class-goalzero","10":"activity-wandelen","11":"activity-kamperen","12":"activity-wereldreis","13":"ideal_for-powerbank","14":"ideal_for-telefon","16":"first","17":"outofstock","18":"taxable","19":"shipping-taxable","20":"product-type-simple"},"bundled_by":[],"bundle_stock_status":"outofstock","bundle_stock_quantity":0,"bundle_virtual":false,"bundle_layout":"","bundle_add_to_cart_form_location":"","bundle_editable_in_cart":false,"bundle_sold_individually_context":"","bundle_item_grouping":"","bundle_min_size":"","bundle_max_size":"","bundle_price":[],"bundled_items":[],"bundle_sell_ids":[],"acf":[],"_links":{"self":[{"href":"https:\/\/goalzero.eu\/se\/wp-json\/wp\/v2\/product\/2460","targetHints":{"allow":["GET"]}}],"collection":[{"href":"https:\/\/goalzero.eu\/se\/wp-json\/wp\/v2\/product"}],"about":[{"href":"https:\/\/goalzero.eu\/se\/wp-json\/wp\/v2\/types\/product"}],"replies":[{"embeddable":true,"href":"https:\/\/goalzero.eu\/se\/wp-json\/wp\/v2\/comments?post=2460"}],"wp:featuredmedia":[{"embeddable":true,"href":"https:\/\/goalzero.eu\/se\/wp-json\/wp\/v2\/media\/1850"}],"wp:attachment":[{"href":"https:\/\/goalzero.eu\/se\/wp-json\/wp\/v2\/media?parent=2460"}],"wp:term":[{"taxonomy":"product_brand","embeddable":true,"href":"https:\/\/goalzero.eu\/se\/wp-json\/wp\/v2\/product_brand?post=2460"},{"taxonomy":"product_cat","embeddable":true,"href":"https:\/\/goalzero.eu\/se\/wp-json\/wp\/v2\/product_cat?post=2460"},{"taxonomy":"product_tag","embeddable":true,"href":"https:\/\/goalzero.eu\/se\/wp-json\/wp\/v2\/product_tag?post=2460"},{"taxonomy":"activity","embeddable":true,"href":"https:\/\/goalzero.eu\/se\/wp-json\/wp\/v2\/activity?post=2460"},{"taxonomy":"ideal_for","embeddable":true,"href":"https:\/\/goalzero.eu\/se\/wp-json\/wp\/v2\/ideal_for?post=2460"},{"taxonomy":"ports","embeddable":true,"href":"https:\/\/goalzero.eu\/se\/wp-json\/wp\/v2\/ports?post=2460"}],"curies":[{"name":"wp","href":"https:\/\/api.w.org\/{rel}","templated":true}]}}