{"id":3949,"date":"2024-03-07T15:11:17","date_gmt":"2024-03-07T14:11:17","guid":{"rendered":"https:\/\/goalzero.eu\/fi\/?post_type=product&#038;p=3949"},"modified":"2025-08-04T16:01:24","modified_gmt":"2025-08-04T14:01:24","slug":"goal-zero-alta-80","status":"publish","type":"product","link":"https:\/\/goalzero.eu\/fi\/product\/goal-zero-alta-80\/","title":{"rendered":"Alta 80"},"content":{"rendered":"","protected":false},"excerpt":{"rendered":"<p>Suuremmassa kannettavassa j\u00e4\u00e4kaapissamme on suurempi kapasiteetti ja kaksi osastoa l\u00e4mp\u00f6tilan parempaan hallintaan. 80 litran tilavuudellaan se tarjoaa runsaasti s\u00e4ilytystilaa. Yhdist\u00e4 se Yetin voimalaitokseesi pit\u00e4\u00e4ksesi pilaantuvat tuotteet viilein\u00e4 p\u00e4ivi\u00e4.<\/p>\n<p>Alta-j\u00e4\u00e4kaappien, markkinoiden energiatehokkaimpien kannettavien j\u00e4\u00e4kaappien, ansiosta voimalaitoksesi voi pit\u00e4\u00e4 ne k\u00e4ynniss\u00e4 vaivattomasti.<\/p>\n","protected":false},"featured_media":3993,"comment_status":"open","ping_status":"closed","template":"","meta":[],"product_brand":[],"product_cat":[82],"product_tag":[],"activity":[],"ideal_for":[],"ports":[],"class_list":{"0":"post-3949","1":"product","2":"type-product","3":"status-publish","4":"has-post-thumbnail","6":"product_cat-coolers-english","8":"first","9":"outofstock","10":"taxable","11":"shipping-taxable","12":"product-type-simple"},"bundled_by":[],"bundle_stock_status":"outofstock","bundle_stock_quantity":0,"bundle_virtual":false,"bundle_layout":"","bundle_add_to_cart_form_location":"","bundle_editable_in_cart":false,"bundle_sold_individually_context":"","bundle_item_grouping":"","bundle_min_size":"","bundle_max_size":"","bundle_price":[],"bundled_items":[],"bundle_sell_ids":[],"acf":[],"_links":{"self":[{"href":"https:\/\/goalzero.eu\/fi\/wp-json\/wp\/v2\/product\/3949","targetHints":{"allow":["GET"]}}],"collection":[{"href":"https:\/\/goalzero.eu\/fi\/wp-json\/wp\/v2\/product"}],"about":[{"href":"https:\/\/goalzero.eu\/fi\/wp-json\/wp\/v2\/types\/product"}],"replies":[{"embeddable":true,"href":"https:\/\/goalzero.eu\/fi\/wp-json\/wp\/v2\/comments?post=3949"}],"wp:featuredmedia":[{"embeddable":true,"href":"https:\/\/goalzero.eu\/fi\/wp-json\/wp\/v2\/media\/3993"}],"wp:attachment":[{"href":"https:\/\/goalzero.eu\/fi\/wp-json\/wp\/v2\/media?parent=3949"}],"wp:term":[{"taxonomy":"product_brand","embeddable":true,"href":"https:\/\/goalzero.eu\/fi\/wp-json\/wp\/v2\/product_brand?post=3949"},{"taxonomy":"product_cat","embeddable":true,"href":"https:\/\/goalzero.eu\/fi\/wp-json\/wp\/v2\/product_cat?post=3949"},{"taxonomy":"product_tag","embeddable":true,"href":"https:\/\/goalzero.eu\/fi\/wp-json\/wp\/v2\/product_tag?post=3949"},{"taxonomy":"activity","embeddable":true,"href":"https:\/\/goalzero.eu\/fi\/wp-json\/wp\/v2\/activity?post=3949"},{"taxonomy":"ideal_for","embeddable":true,"href":"https:\/\/goalzero.eu\/fi\/wp-json\/wp\/v2\/ideal_for?post=3949"},{"taxonomy":"ports","embeddable":true,"href":"https:\/\/goalzero.eu\/fi\/wp-json\/wp\/v2\/ports?post=3949"}],"curies":[{"name":"wp","href":"https:\/\/api.w.org\/{rel}","templated":true}]}}