{"id":3948,"date":"2024-03-07T15:05:52","date_gmt":"2024-03-07T14:05:52","guid":{"rendered":"https:\/\/goalzero.eu\/fi\/?post_type=product&#038;p=3948"},"modified":"2025-08-04T16:01:21","modified_gmt":"2025-08-04T14:01:21","slug":"goal-zero-alta-50","status":"publish","type":"product","link":"https:\/\/goalzero.eu\/fi\/product\/goal-zero-alta-50\/","title":{"rendered":"Alta 50"},"content":{"rendered":"","protected":false},"excerpt":{"rendered":"<p>P\u00e4ivit\u00e4 seuraavaa matkaasi t\u00e4ll\u00e4 k\u00e4tev\u00e4ll\u00e4 kannettavalla j\u00e4\u00e4kaapilla. L\u00e4mp\u00f6tila-asetukset ovat jopa -20\u00b0C, joten voit k\u00e4ytt\u00e4\u00e4 sit\u00e4 j\u00e4\u00e4kaapina tai pakastimena. j\u00e4\u00e4kaapissa on my\u00f6s 53 litraa tilaa ja siihen mahtuu jopa 75 12 unssin t\u00f6lkki\u00e4. Liit\u00e4 se Yeti-voimalaasi pit\u00e4\u00e4ksesi pilaantuvat tuotteet viilein\u00e4 p\u00e4ivi\u00e4. Ja koska Alta-j\u00e4\u00e4kaapit tarjoavat alan johtavaa energiatehokkuutta, Yeti voi vaivattomasti pit\u00e4\u00e4 ne k\u00e4ynniss\u00e4 niin kauan kuin tarvitset.<\/p>\n","protected":false},"featured_media":3978,"comment_status":"open","ping_status":"closed","template":"","meta":[],"product_brand":[],"product_cat":[82],"product_tag":[],"activity":[],"ideal_for":[],"ports":[],"class_list":{"0":"post-3948","1":"product","2":"type-product","3":"status-publish","4":"has-post-thumbnail","6":"product_cat-coolers-english","8":"first","9":"outofstock","10":"taxable","11":"shipping-taxable","12":"product-type-simple"},"bundled_by":[],"bundle_stock_status":"outofstock","bundle_stock_quantity":0,"bundle_virtual":false,"bundle_layout":"","bundle_add_to_cart_form_location":"","bundle_editable_in_cart":false,"bundle_sold_individually_context":"","bundle_item_grouping":"","bundle_min_size":"","bundle_max_size":"","bundle_price":[],"bundled_items":[],"bundle_sell_ids":[],"acf":[],"_links":{"self":[{"href":"https:\/\/goalzero.eu\/fi\/wp-json\/wp\/v2\/product\/3948","targetHints":{"allow":["GET"]}}],"collection":[{"href":"https:\/\/goalzero.eu\/fi\/wp-json\/wp\/v2\/product"}],"about":[{"href":"https:\/\/goalzero.eu\/fi\/wp-json\/wp\/v2\/types\/product"}],"replies":[{"embeddable":true,"href":"https:\/\/goalzero.eu\/fi\/wp-json\/wp\/v2\/comments?post=3948"}],"wp:featuredmedia":[{"embeddable":true,"href":"https:\/\/goalzero.eu\/fi\/wp-json\/wp\/v2\/media\/3978"}],"wp:attachment":[{"href":"https:\/\/goalzero.eu\/fi\/wp-json\/wp\/v2\/media?parent=3948"}],"wp:term":[{"taxonomy":"product_brand","embeddable":true,"href":"https:\/\/goalzero.eu\/fi\/wp-json\/wp\/v2\/product_brand?post=3948"},{"taxonomy":"product_cat","embeddable":true,"href":"https:\/\/goalzero.eu\/fi\/wp-json\/wp\/v2\/product_cat?post=3948"},{"taxonomy":"product_tag","embeddable":true,"href":"https:\/\/goalzero.eu\/fi\/wp-json\/wp\/v2\/product_tag?post=3948"},{"taxonomy":"activity","embeddable":true,"href":"https:\/\/goalzero.eu\/fi\/wp-json\/wp\/v2\/activity?post=3948"},{"taxonomy":"ideal_for","embeddable":true,"href":"https:\/\/goalzero.eu\/fi\/wp-json\/wp\/v2\/ideal_for?post=3948"},{"taxonomy":"ports","embeddable":true,"href":"https:\/\/goalzero.eu\/fi\/wp-json\/wp\/v2\/ports?post=3948"}],"curies":[{"name":"wp","href":"https:\/\/api.w.org\/{rel}","templated":true}]}}