{"id":3890,"date":"2023-09-15T12:03:27","date_gmt":"2023-09-15T10:03:27","guid":{"rendered":"https:\/\/goalzero.eu\/fi\/?post_type=product&#038;p=3890"},"modified":"2025-08-04T16:01:21","modified_gmt":"2025-08-04T14:01:21","slug":"skylight","status":"publish","type":"product","link":"https:\/\/goalzero.eu\/fi\/product\/skylight\/","title":{"rendered":"Skylight"},"content":{"rendered":"","protected":false},"excerpt":{"rendered":"<p>T\u00e4m\u00e4 helposti asennettava ja kannettava valaistusj\u00e4rjestelm\u00e4 tuottaa 6 000 lumenia ja valaisee jopa 91,44 metri\u00e4, mik\u00e4 tarjoaa paljon enemm\u00e4n n\u00e4kyvyytt\u00e4 kuin tavallinen telttalamppu. Ota mukautuva valaistus mukaasi minne tahansa menet. K\u00e4yt\u00e4 sit\u00e4 seuraavalla telttaretkell\u00e4si, takapihallasi, kodin kunnostushankkeessa tai miss\u00e4 tahansa muualla, jossa tarvitset valoa y\u00f6ll\u00e4.<\/p>\n","protected":false},"featured_media":3917,"comment_status":"closed","ping_status":"closed","template":"","meta":[],"product_brand":[],"product_cat":[43,36],"product_tag":[],"activity":[21,68,22,64,20],"ideal_for":[],"ports":[],"class_list":{"0":"post-3890","1":"product","2":"type-product","3":"status-publish","4":"has-post-thumbnail","6":"product_cat-lights-lanterns","7":"product_cat-lights","8":"activity-kamperen","9":"activity-klussen-bouw","10":"activity-noodstroom","11":"activity-camper-inbouw","12":"activity-fotograferen","14":"first","15":"outofstock","16":"taxable","17":"shipping-taxable","18":"product-type-simple"},"bundled_by":[],"bundle_stock_status":"outofstock","bundle_stock_quantity":0,"bundle_virtual":false,"bundle_layout":"","bundle_add_to_cart_form_location":"","bundle_editable_in_cart":false,"bundle_sold_individually_context":"","bundle_item_grouping":"","bundle_min_size":"","bundle_max_size":"","bundle_price":[],"bundled_items":[],"bundle_sell_ids":[],"acf":[],"_links":{"self":[{"href":"https:\/\/goalzero.eu\/fi\/wp-json\/wp\/v2\/product\/3890","targetHints":{"allow":["GET"]}}],"collection":[{"href":"https:\/\/goalzero.eu\/fi\/wp-json\/wp\/v2\/product"}],"about":[{"href":"https:\/\/goalzero.eu\/fi\/wp-json\/wp\/v2\/types\/product"}],"replies":[{"embeddable":true,"href":"https:\/\/goalzero.eu\/fi\/wp-json\/wp\/v2\/comments?post=3890"}],"wp:featuredmedia":[{"embeddable":true,"href":"https:\/\/goalzero.eu\/fi\/wp-json\/wp\/v2\/media\/3917"}],"wp:attachment":[{"href":"https:\/\/goalzero.eu\/fi\/wp-json\/wp\/v2\/media?parent=3890"}],"wp:term":[{"taxonomy":"product_brand","embeddable":true,"href":"https:\/\/goalzero.eu\/fi\/wp-json\/wp\/v2\/product_brand?post=3890"},{"taxonomy":"product_cat","embeddable":true,"href":"https:\/\/goalzero.eu\/fi\/wp-json\/wp\/v2\/product_cat?post=3890"},{"taxonomy":"product_tag","embeddable":true,"href":"https:\/\/goalzero.eu\/fi\/wp-json\/wp\/v2\/product_tag?post=3890"},{"taxonomy":"activity","embeddable":true,"href":"https:\/\/goalzero.eu\/fi\/wp-json\/wp\/v2\/activity?post=3890"},{"taxonomy":"ideal_for","embeddable":true,"href":"https:\/\/goalzero.eu\/fi\/wp-json\/wp\/v2\/ideal_for?post=3890"},{"taxonomy":"ports","embeddable":true,"href":"https:\/\/goalzero.eu\/fi\/wp-json\/wp\/v2\/ports?post=3890"}],"curies":[{"name":"wp","href":"https:\/\/api.w.org\/{rel}","templated":true}]}}