{"id":3734,"date":"2022-10-11T15:48:42","date_gmt":"2022-10-11T13:48:42","guid":{"rendered":"https:\/\/goalzero.eu\/fi\/?post_type=product&#038;p=3734"},"modified":"2025-08-04T16:01:21","modified_gmt":"2025-08-04T14:01:21","slug":"sherpa-100pd-gen4","status":"publish","type":"product","link":"https:\/\/goalzero.eu\/fi\/product\/sherpa-100pd-gen4\/","title":{"rendered":"Sherpa 100PD Gen4"},"content":{"rendered":"","protected":false},"excerpt":{"rendered":"<p>Uusi lentokonehyv\u00e4ksytty Sherpa 100PD lataa puhelimet, tabletit ja l\u00e4pp\u00e4rit USB-C latauksella 60 % nopeammin ja tarjoaa 60W sis\u00e4\u00e4nlatauksen sek\u00e4 100W uloslatauksen h\u00f6ystettyn\u00e4 markkinoiden parhaalla 15W lataustekniikalla. Sherpa 100PD on suunniteltu kest\u00e4m\u00e4\u00e4n ja sen 2 vuoden takuu antaa sinulle lis\u00e4\u00e4 mielenrauhaa.<\/p>\n","protected":false},"featured_media":3769,"comment_status":"closed","ping_status":"closed","template":"","meta":[],"product_brand":[],"product_cat":[18,37],"product_tag":[],"activity":[],"ideal_for":[],"ports":[],"class_list":{"0":"post-3734","1":"product","2":"type-product","3":"status-publish","4":"has-post-thumbnail","6":"product_cat-power","7":"product_cat-power-usb-c-power-banks","9":"first","10":"outofstock","11":"taxable","12":"shipping-taxable","13":"product-type-simple"},"bundled_by":[],"bundle_stock_status":"outofstock","bundle_stock_quantity":0,"bundle_virtual":false,"bundle_layout":"","bundle_add_to_cart_form_location":"","bundle_editable_in_cart":false,"bundle_sold_individually_context":"","bundle_item_grouping":"","bundle_min_size":"","bundle_max_size":"","bundle_price":[],"bundled_items":[],"bundle_sell_ids":[],"acf":[],"_links":{"self":[{"href":"https:\/\/goalzero.eu\/fi\/wp-json\/wp\/v2\/product\/3734","targetHints":{"allow":["GET"]}}],"collection":[{"href":"https:\/\/goalzero.eu\/fi\/wp-json\/wp\/v2\/product"}],"about":[{"href":"https:\/\/goalzero.eu\/fi\/wp-json\/wp\/v2\/types\/product"}],"replies":[{"embeddable":true,"href":"https:\/\/goalzero.eu\/fi\/wp-json\/wp\/v2\/comments?post=3734"}],"wp:featuredmedia":[{"embeddable":true,"href":"https:\/\/goalzero.eu\/fi\/wp-json\/wp\/v2\/media\/3769"}],"wp:attachment":[{"href":"https:\/\/goalzero.eu\/fi\/wp-json\/wp\/v2\/media?parent=3734"}],"wp:term":[{"taxonomy":"product_brand","embeddable":true,"href":"https:\/\/goalzero.eu\/fi\/wp-json\/wp\/v2\/product_brand?post=3734"},{"taxonomy":"product_cat","embeddable":true,"href":"https:\/\/goalzero.eu\/fi\/wp-json\/wp\/v2\/product_cat?post=3734"},{"taxonomy":"product_tag","embeddable":true,"href":"https:\/\/goalzero.eu\/fi\/wp-json\/wp\/v2\/product_tag?post=3734"},{"taxonomy":"activity","embeddable":true,"href":"https:\/\/goalzero.eu\/fi\/wp-json\/wp\/v2\/activity?post=3734"},{"taxonomy":"ideal_for","embeddable":true,"href":"https:\/\/goalzero.eu\/fi\/wp-json\/wp\/v2\/ideal_for?post=3734"},{"taxonomy":"ports","embeddable":true,"href":"https:\/\/goalzero.eu\/fi\/wp-json\/wp\/v2\/ports?post=3734"}],"curies":[{"name":"wp","href":"https:\/\/api.w.org\/{rel}","templated":true}]}}