{"id":3733,"date":"2022-10-04T15:17:51","date_gmt":"2022-10-04T13:17:51","guid":{"rendered":"https:\/\/goalzero.eu\/fi\/?post_type=product&#038;p=3733"},"modified":"2025-08-04T16:01:21","modified_gmt":"2025-08-04T14:01:21","slug":"goal-zero-sherpa-100ac-gen4","status":"publish","type":"product","link":"https:\/\/goalzero.eu\/fi\/product\/goal-zero-sherpa-100ac-gen4\/","title":{"rendered":"Sherpa 100AC Gen4"},"content":{"rendered":"","protected":false},"excerpt":{"rendered":"<p>Uusi, parannettu ja lentokonehyv\u00e4ksytty Sherpa 100AC lataa puhelimet, tabletit ja l\u00e4pp\u00e4rit USB-C latauksella 60 % nopeammin ja tarjoaa 95Wh akkukapasiteetin. Tuo pistorasia matkallasi mihin tahansa Sherpan AC-portilla ja pid\u00e4 puhelimesi ladattuna markkinoiden parhaalla 15W langattomalla lataustekniikalla. Sherpa 100AC on suunniteltu kest\u00e4m\u00e4\u00e4n ja sen 2 vuoden takuu antaa sinulle lis\u00e4\u00e4 mielenrauhaa.<\/p>\n","protected":false},"featured_media":3771,"comment_status":"closed","ping_status":"closed","template":"","meta":[],"product_brand":[],"product_cat":[37,18],"product_tag":[],"activity":[21,22,67,66,20,63,19],"ideal_for":[27,72,25,77,24,70,75],"ports":[],"class_list":{"0":"post-3733","1":"product","2":"type-product","3":"status-publish","4":"has-post-thumbnail","6":"product_cat-power-usb-c-power-banks","7":"product_cat-power","8":"activity-kamperen","9":"activity-noodstroom","10":"activity-festival","11":"activity-wandelen","12":"activity-fotograferen","13":"activity-reizen-zakelijk","14":"activity-wereldreis","15":"ideal_for-camera","16":"ideal_for-laptop-type-f-stekker","17":"ideal_for-laptop-usb-c","18":"ideal_for-powerbank","19":"ideal_for-tablet","20":"ideal_for-telefoon","21":"ideal_for-tent","23":"first","24":"outofstock","25":"taxable","26":"shipping-taxable","27":"product-type-simple"},"bundled_by":[],"bundle_stock_status":"outofstock","bundle_stock_quantity":0,"bundle_virtual":false,"bundle_layout":"","bundle_add_to_cart_form_location":"","bundle_editable_in_cart":false,"bundle_sold_individually_context":"","bundle_item_grouping":"","bundle_min_size":"","bundle_max_size":"","bundle_price":[],"bundled_items":[],"bundle_sell_ids":[],"acf":[],"_links":{"self":[{"href":"https:\/\/goalzero.eu\/fi\/wp-json\/wp\/v2\/product\/3733","targetHints":{"allow":["GET"]}}],"collection":[{"href":"https:\/\/goalzero.eu\/fi\/wp-json\/wp\/v2\/product"}],"about":[{"href":"https:\/\/goalzero.eu\/fi\/wp-json\/wp\/v2\/types\/product"}],"replies":[{"embeddable":true,"href":"https:\/\/goalzero.eu\/fi\/wp-json\/wp\/v2\/comments?post=3733"}],"wp:featuredmedia":[{"embeddable":true,"href":"https:\/\/goalzero.eu\/fi\/wp-json\/wp\/v2\/media\/3771"}],"wp:attachment":[{"href":"https:\/\/goalzero.eu\/fi\/wp-json\/wp\/v2\/media?parent=3733"}],"wp:term":[{"taxonomy":"product_brand","embeddable":true,"href":"https:\/\/goalzero.eu\/fi\/wp-json\/wp\/v2\/product_brand?post=3733"},{"taxonomy":"product_cat","embeddable":true,"href":"https:\/\/goalzero.eu\/fi\/wp-json\/wp\/v2\/product_cat?post=3733"},{"taxonomy":"product_tag","embeddable":true,"href":"https:\/\/goalzero.eu\/fi\/wp-json\/wp\/v2\/product_tag?post=3733"},{"taxonomy":"activity","embeddable":true,"href":"https:\/\/goalzero.eu\/fi\/wp-json\/wp\/v2\/activity?post=3733"},{"taxonomy":"ideal_for","embeddable":true,"href":"https:\/\/goalzero.eu\/fi\/wp-json\/wp\/v2\/ideal_for?post=3733"},{"taxonomy":"ports","embeddable":true,"href":"https:\/\/goalzero.eu\/fi\/wp-json\/wp\/v2\/ports?post=3733"}],"curies":[{"name":"wp","href":"https:\/\/api.w.org\/{rel}","templated":true}]}}