{"id":3458,"date":"2021-09-15T17:13:45","date_gmt":"2021-09-15T15:13:45","guid":{"rendered":"https:\/\/goalzero.eu\/en\/?post_type=product&#038;p=3458"},"modified":"2025-08-04T16:01:21","modified_gmt":"2025-08-04T14:01:21","slug":"ranger-300-briefcase","status":"publish","type":"product","link":"https:\/\/goalzero.eu\/fi\/product\/ranger-300-briefcase\/","title":{"rendered":"Ranger 300 Briefcase"},"content":{"rendered":"","protected":false},"excerpt":{"rendered":"<p>Enemm\u00e4n aurinkoa, v\u00e4hemm\u00e4n painoa Esittelyss\u00e4 Goal Zero Ranger -sarja. Uusien kevyiden ja tukevien aurinkopaneelisarjamme aloittaa Ranger 300 Briefcase, jonka avulla voit ottaa enemm\u00e4n irti auringosta samalla, kun s\u00e4ilyt\u00e4t kannettavuuden ja kuljet helposti paikasta toiseen. Ranger 300 Briefcase sopii t\u00e4ydellisesti yhteen Goal Zero Yeti 1000X -virta-aseman kanssa tarjoten kattavan ja eritt\u00e4in helppok\u00e4ytt\u00f6isen aurinkoenergiaratkaisun.<\/p>\n","protected":false},"featured_media":3468,"comment_status":"closed","ping_status":"closed","template":"","meta":[],"product_brand":[],"product_cat":[41,40,15],"product_tag":[],"activity":[],"ideal_for":[],"ports":[],"class_list":{"0":"post-3458","1":"product","2":"type-product","3":"status-publish","4":"has-post-thumbnail","6":"product_cat-mobile","7":"product_cat-solar-portable","8":"product_cat-solar","10":"first","11":"outofstock","12":"taxable","13":"shipping-taxable","14":"product-type-simple"},"bundled_by":["3868"],"bundle_stock_status":"outofstock","bundle_stock_quantity":0,"bundle_virtual":false,"bundle_layout":"","bundle_add_to_cart_form_location":"","bundle_editable_in_cart":false,"bundle_sold_individually_context":"","bundle_item_grouping":"","bundle_min_size":"","bundle_max_size":"","bundle_price":[],"bundled_items":[],"bundle_sell_ids":[],"acf":[],"_links":{"self":[{"href":"https:\/\/goalzero.eu\/fi\/wp-json\/wp\/v2\/product\/3458","targetHints":{"allow":["GET"]}}],"collection":[{"href":"https:\/\/goalzero.eu\/fi\/wp-json\/wp\/v2\/product"}],"about":[{"href":"https:\/\/goalzero.eu\/fi\/wp-json\/wp\/v2\/types\/product"}],"replies":[{"embeddable":true,"href":"https:\/\/goalzero.eu\/fi\/wp-json\/wp\/v2\/comments?post=3458"}],"wp:featuredmedia":[{"embeddable":true,"href":"https:\/\/goalzero.eu\/fi\/wp-json\/wp\/v2\/media\/3468"}],"wp:attachment":[{"href":"https:\/\/goalzero.eu\/fi\/wp-json\/wp\/v2\/media?parent=3458"}],"wp:term":[{"taxonomy":"product_brand","embeddable":true,"href":"https:\/\/goalzero.eu\/fi\/wp-json\/wp\/v2\/product_brand?post=3458"},{"taxonomy":"product_cat","embeddable":true,"href":"https:\/\/goalzero.eu\/fi\/wp-json\/wp\/v2\/product_cat?post=3458"},{"taxonomy":"product_tag","embeddable":true,"href":"https:\/\/goalzero.eu\/fi\/wp-json\/wp\/v2\/product_tag?post=3458"},{"taxonomy":"activity","embeddable":true,"href":"https:\/\/goalzero.eu\/fi\/wp-json\/wp\/v2\/activity?post=3458"},{"taxonomy":"ideal_for","embeddable":true,"href":"https:\/\/goalzero.eu\/fi\/wp-json\/wp\/v2\/ideal_for?post=3458"},{"taxonomy":"ports","embeddable":true,"href":"https:\/\/goalzero.eu\/fi\/wp-json\/wp\/v2\/ports?post=3458"}],"curies":[{"name":"wp","href":"https:\/\/api.w.org\/{rel}","templated":true}]}}