{"id":2828,"date":"2021-06-21T16:32:10","date_gmt":"2021-06-21T14:32:10","guid":{"rendered":"https:\/\/goalzero.eu\/product\/goal-zero-venture-35-solar-kit\/"},"modified":"2025-08-04T16:01:21","modified_gmt":"2025-08-04T14:01:21","slug":"goal-zero-venture-35-solar-kit","status":"publish","type":"product","link":"https:\/\/goalzero.eu\/fi\/product\/goal-zero-venture-35-solar-kit\/","title":{"rendered":"Venture 35 9600 mAh Powerbank + Nomad 10 Solar Kit"},"content":{"rendered":"","protected":false},"excerpt":{"rendered":"<p>P\u00e4ivitetty Venture 35 -varavirtal\u00e4hde yhdist\u00e4\u00e4 voimansa Nomad 10 -aurinkopaneelin kanssa tarjotakseen loputtoman m\u00e4\u00e4r\u00e4n kest\u00e4v\u00e4\u00e4, kannettavaa virtaa. 9600 mAh:n varavirtal\u00e4hde on t\u00e4ydellinen apulainen niin maastoon kuin h\u00e4t\u00e4tilanteisiinkin, ja siin\u00e4 on p\u00f6lylt\u00e4\/vedelt\u00e4 suojaava IP67-luokitus, 18 watin USB-C Power Delivery -portti ja kaksi USB-l\u00e4ht\u00f6porttia usean laitteen lataamiseksi yht\u00e4 aikaa. Lataa Venture 35 sein\u00e4st\u00e4 tai yhdist\u00e4 Nomad 10 -paneeliin saadaksesi virtaa auringosta s\u00e4hk\u00f6verkon ulkopuolella ollessasi.<\/p>\n","protected":false},"featured_media":2836,"comment_status":"closed","ping_status":"closed","template":"","meta":[],"product_brand":[],"product_cat":[51,50,53],"product_tag":[],"activity":[],"ideal_for":[],"ports":[],"class_list":{"0":"post-2828","1":"product","2":"type-product","3":"status-publish","4":"has-post-thumbnail","6":"product_cat-kits-best-sellers","7":"product_cat-kits","8":"product_cat-kits-power-bank-kits","9":"product_shipping_class-goalzero","11":"first","12":"outofstock","13":"taxable","14":"shipping-taxable","15":"product-type-simple"},"bundled_by":[],"bundle_stock_status":"outofstock","bundle_stock_quantity":0,"bundle_virtual":false,"bundle_layout":"","bundle_add_to_cart_form_location":"","bundle_editable_in_cart":false,"bundle_sold_individually_context":"","bundle_item_grouping":"","bundle_min_size":"","bundle_max_size":"","bundle_price":[],"bundled_items":[],"bundle_sell_ids":[],"acf":[],"_links":{"self":[{"href":"https:\/\/goalzero.eu\/fi\/wp-json\/wp\/v2\/product\/2828","targetHints":{"allow":["GET"]}}],"collection":[{"href":"https:\/\/goalzero.eu\/fi\/wp-json\/wp\/v2\/product"}],"about":[{"href":"https:\/\/goalzero.eu\/fi\/wp-json\/wp\/v2\/types\/product"}],"replies":[{"embeddable":true,"href":"https:\/\/goalzero.eu\/fi\/wp-json\/wp\/v2\/comments?post=2828"}],"wp:featuredmedia":[{"embeddable":true,"href":"https:\/\/goalzero.eu\/fi\/wp-json\/wp\/v2\/media\/2836"}],"wp:attachment":[{"href":"https:\/\/goalzero.eu\/fi\/wp-json\/wp\/v2\/media?parent=2828"}],"wp:term":[{"taxonomy":"product_brand","embeddable":true,"href":"https:\/\/goalzero.eu\/fi\/wp-json\/wp\/v2\/product_brand?post=2828"},{"taxonomy":"product_cat","embeddable":true,"href":"https:\/\/goalzero.eu\/fi\/wp-json\/wp\/v2\/product_cat?post=2828"},{"taxonomy":"product_tag","embeddable":true,"href":"https:\/\/goalzero.eu\/fi\/wp-json\/wp\/v2\/product_tag?post=2828"},{"taxonomy":"activity","embeddable":true,"href":"https:\/\/goalzero.eu\/fi\/wp-json\/wp\/v2\/activity?post=2828"},{"taxonomy":"ideal_for","embeddable":true,"href":"https:\/\/goalzero.eu\/fi\/wp-json\/wp\/v2\/ideal_for?post=2828"},{"taxonomy":"ports","embeddable":true,"href":"https:\/\/goalzero.eu\/fi\/wp-json\/wp\/v2\/ports?post=2828"}],"curies":[{"name":"wp","href":"https:\/\/api.w.org\/{rel}","templated":true}]}}