{"id":2539,"date":"2021-06-11T15:32:04","date_gmt":"2021-06-11T13:32:04","guid":{"rendered":"https:\/\/goalzero.eu\/product\/goal-zero-yeti-x-120w-psu-oplader\/"},"modified":"2025-08-04T16:01:21","modified_gmt":"2025-08-04T14:01:21","slug":"goal-zero-yeti-x-120w-psu-power-supply","status":"publish","type":"product","link":"https:\/\/goalzero.eu\/fi\/product\/goal-zero-yeti-x-120w-psu-power-supply\/","title":{"rendered":"Yeti X 120W Power Supply Charger"},"content":{"rendered":"","protected":false},"excerpt":{"rendered":"<p>Yeti X 120 W -virtal\u00e4hteen avulla lataat Yeti 200X\/500X -laitteesi entist\u00e4 nopeammin. T\u00e4m\u00e4 120 W:n virtal\u00e4hde on suunniteltu yksinomaan Yeti X-sarjan tuotteille, sit\u00e4 EI voi k\u00e4ytt\u00e4\u00e4 Yeti Lithium tai Yeti Lead Acid -virta-asemien kanssa<span lang=\"EN-US\">.<\/span><\/p>\n","protected":false},"featured_media":2282,"comment_status":"closed","ping_status":"closed","template":"","meta":[],"product_brand":[],"product_cat":[46,29],"product_tag":[],"activity":[],"ideal_for":[],"ports":[],"class_list":{"0":"post-2539","1":"product","2":"type-product","3":"status-publish","4":"has-post-thumbnail","6":"product_cat-accessoires-power-station-accessoires","7":"product_cat-accessoires","8":"product_shipping_class-goalzero","10":"first","11":"outofstock","12":"taxable","13":"shipping-taxable","14":"product-type-simple"},"bundled_by":[],"bundle_stock_status":"outofstock","bundle_stock_quantity":0,"bundle_virtual":false,"bundle_layout":"","bundle_add_to_cart_form_location":"","bundle_editable_in_cart":false,"bundle_sold_individually_context":"","bundle_item_grouping":"","bundle_min_size":"","bundle_max_size":"","bundle_price":[],"bundled_items":[],"bundle_sell_ids":[],"acf":[],"_links":{"self":[{"href":"https:\/\/goalzero.eu\/fi\/wp-json\/wp\/v2\/product\/2539","targetHints":{"allow":["GET"]}}],"collection":[{"href":"https:\/\/goalzero.eu\/fi\/wp-json\/wp\/v2\/product"}],"about":[{"href":"https:\/\/goalzero.eu\/fi\/wp-json\/wp\/v2\/types\/product"}],"replies":[{"embeddable":true,"href":"https:\/\/goalzero.eu\/fi\/wp-json\/wp\/v2\/comments?post=2539"}],"wp:featuredmedia":[{"embeddable":true,"href":"https:\/\/goalzero.eu\/fi\/wp-json\/wp\/v2\/media\/2282"}],"wp:attachment":[{"href":"https:\/\/goalzero.eu\/fi\/wp-json\/wp\/v2\/media?parent=2539"}],"wp:term":[{"taxonomy":"product_brand","embeddable":true,"href":"https:\/\/goalzero.eu\/fi\/wp-json\/wp\/v2\/product_brand?post=2539"},{"taxonomy":"product_cat","embeddable":true,"href":"https:\/\/goalzero.eu\/fi\/wp-json\/wp\/v2\/product_cat?post=2539"},{"taxonomy":"product_tag","embeddable":true,"href":"https:\/\/goalzero.eu\/fi\/wp-json\/wp\/v2\/product_tag?post=2539"},{"taxonomy":"activity","embeddable":true,"href":"https:\/\/goalzero.eu\/fi\/wp-json\/wp\/v2\/activity?post=2539"},{"taxonomy":"ideal_for","embeddable":true,"href":"https:\/\/goalzero.eu\/fi\/wp-json\/wp\/v2\/ideal_for?post=2539"},{"taxonomy":"ports","embeddable":true,"href":"https:\/\/goalzero.eu\/fi\/wp-json\/wp\/v2\/ports?post=2539"}],"curies":[{"name":"wp","href":"https:\/\/api.w.org\/{rel}","templated":true}]}}