{"id":2517,"date":"2021-06-11T15:31:50","date_gmt":"2021-06-11T13:31:50","guid":{"rendered":"https:\/\/goalzero.eu\/product\/goal-zero-10a-laadregelaar\/"},"modified":"2025-08-04T16:01:18","modified_gmt":"2025-08-04T14:01:18","slug":"goal-zero-10a-charge-controller","status":"publish","type":"product","link":"https:\/\/goalzero.eu\/fi\/product\/goal-zero-10a-charge-controller\/","title":{"rendered":"10A Charge Controller"},"content":{"rendered":"","protected":false},"excerpt":{"rendered":"<p>Valvo ja s\u00e4\u00e4tele 12 V -akkujen aurinkoenergian sis\u00e4\u00e4ntuloa 10 A -latauss\u00e4\u00e4timell\u00e4mme. Latauss\u00e4\u00e4din on suunniteltu integroitavaksi saumattomasti Goal Zero -aurinkopaneeleihin. Siin\u00e4 on esiasennettu 8 mm -aurinkoliit\u00e4nt\u00e4 ja helposti luettava LED-n\u00e4ytt\u00f6. Latauss\u00e4\u00e4timess\u00e4 on IP65-luokitus, joten se on s\u00e4\u00e4nkest\u00e4v\u00e4 ja p\u00f6lytiivis ja kest\u00e4\u00e4 seikkailua vaativissakin olosuhteissa<span lang=\"EN-US\">.<\/span><\/p>\n","protected":false},"featured_media":1515,"comment_status":"closed","ping_status":"closed","template":"","meta":[],"product_brand":[],"product_cat":[47,29],"product_tag":[],"activity":[],"ideal_for":[],"ports":[],"class_list":{"0":"post-2517","1":"product","2":"type-product","3":"status-publish","4":"has-post-thumbnail","6":"product_cat-accessoires-solar-accessoires","7":"product_cat-accessoires","8":"product_shipping_class-goalzero","10":"first","11":"outofstock","12":"taxable","13":"shipping-taxable","14":"product-type-simple"},"bundled_by":[],"bundle_stock_status":"outofstock","bundle_stock_quantity":0,"bundle_virtual":false,"bundle_layout":"","bundle_add_to_cart_form_location":"","bundle_editable_in_cart":false,"bundle_sold_individually_context":"","bundle_item_grouping":"","bundle_min_size":"","bundle_max_size":"","bundle_price":[],"bundled_items":[],"bundle_sell_ids":[],"acf":[],"_links":{"self":[{"href":"https:\/\/goalzero.eu\/fi\/wp-json\/wp\/v2\/product\/2517","targetHints":{"allow":["GET"]}}],"collection":[{"href":"https:\/\/goalzero.eu\/fi\/wp-json\/wp\/v2\/product"}],"about":[{"href":"https:\/\/goalzero.eu\/fi\/wp-json\/wp\/v2\/types\/product"}],"replies":[{"embeddable":true,"href":"https:\/\/goalzero.eu\/fi\/wp-json\/wp\/v2\/comments?post=2517"}],"wp:featuredmedia":[{"embeddable":true,"href":"https:\/\/goalzero.eu\/fi\/wp-json\/wp\/v2\/media\/1515"}],"wp:attachment":[{"href":"https:\/\/goalzero.eu\/fi\/wp-json\/wp\/v2\/media?parent=2517"}],"wp:term":[{"taxonomy":"product_brand","embeddable":true,"href":"https:\/\/goalzero.eu\/fi\/wp-json\/wp\/v2\/product_brand?post=2517"},{"taxonomy":"product_cat","embeddable":true,"href":"https:\/\/goalzero.eu\/fi\/wp-json\/wp\/v2\/product_cat?post=2517"},{"taxonomy":"product_tag","embeddable":true,"href":"https:\/\/goalzero.eu\/fi\/wp-json\/wp\/v2\/product_tag?post=2517"},{"taxonomy":"activity","embeddable":true,"href":"https:\/\/goalzero.eu\/fi\/wp-json\/wp\/v2\/activity?post=2517"},{"taxonomy":"ideal_for","embeddable":true,"href":"https:\/\/goalzero.eu\/fi\/wp-json\/wp\/v2\/ideal_for?post=2517"},{"taxonomy":"ports","embeddable":true,"href":"https:\/\/goalzero.eu\/fi\/wp-json\/wp\/v2\/ports?post=2517"}],"curies":[{"name":"wp","href":"https:\/\/api.w.org\/{rel}","templated":true}]}}