{"id":2509,"date":"2021-06-11T15:31:50","date_gmt":"2021-06-11T13:31:50","guid":{"rendered":"https:\/\/goalzero.eu\/product\/goal-zero-yeti-rolkar\/"},"modified":"2025-08-04T16:01:18","modified_gmt":"2025-08-04T14:01:18","slug":"goal-zero-yeti-roll-cart","status":"publish","type":"product","link":"https:\/\/goalzero.eu\/fi\/product\/goal-zero-yeti-roll-cart\/","title":{"rendered":"Yeti Trolley"},"content":{"rendered":"","protected":false},"excerpt":{"rendered":"<p>T\u00e4ll\u00e4 tukevalla rullak\u00e4rryll\u00e4 voit vaivatta siirrell\u00e4 kannettavia, suurikokoisia Yeti-virta-asemiasi. Se on varustettu teleskooppikahvalla ja py\u00f6rill\u00e4, jotka helpottavat vaikeasti tavoitettaviin paikkoihin p\u00e4\u00e4semist\u00e4. Yhteensopiva Yeti X ja Yeti Lithium -virta-asemien kanssa mallista 1000W eteenp\u00e4in. K\u00e4rry sis\u00e4ltyy Yeti-virta-asemien toimitukseen mallista 3000W eteenp\u00e4in.<\/p>\n","protected":false},"featured_media":1556,"comment_status":"closed","ping_status":"closed","template":"","meta":[],"product_brand":[],"product_cat":[46,29],"product_tag":[],"activity":[21,22,23],"ideal_for":[27,28,25,35,24,26],"ports":[],"class_list":{"0":"post-2509","1":"product","2":"type-product","3":"status-publish","4":"has-post-thumbnail","6":"product_cat-accessoires-power-station-accessoires","7":"product_cat-accessoires","8":"product_shipping_class-goalzero","9":"activity-kamperen","10":"activity-noodstroom","11":"activity-schuur-garage","12":"ideal_for-camera","13":"ideal_for-cool-box","14":"ideal_for-laptop-usb-c","15":"ideal_for-camper","16":"ideal_for-tablet","17":"ideal_for-televisie","19":"first","20":"outofstock","21":"taxable","22":"shipping-taxable","23":"product-type-simple"},"bundled_by":[],"bundle_stock_status":"outofstock","bundle_stock_quantity":0,"bundle_virtual":false,"bundle_layout":"","bundle_add_to_cart_form_location":"","bundle_editable_in_cart":false,"bundle_sold_individually_context":"","bundle_item_grouping":"","bundle_min_size":"","bundle_max_size":"","bundle_price":[],"bundled_items":[],"bundle_sell_ids":[],"acf":[],"_links":{"self":[{"href":"https:\/\/goalzero.eu\/fi\/wp-json\/wp\/v2\/product\/2509","targetHints":{"allow":["GET"]}}],"collection":[{"href":"https:\/\/goalzero.eu\/fi\/wp-json\/wp\/v2\/product"}],"about":[{"href":"https:\/\/goalzero.eu\/fi\/wp-json\/wp\/v2\/types\/product"}],"replies":[{"embeddable":true,"href":"https:\/\/goalzero.eu\/fi\/wp-json\/wp\/v2\/comments?post=2509"}],"wp:featuredmedia":[{"embeddable":true,"href":"https:\/\/goalzero.eu\/fi\/wp-json\/wp\/v2\/media\/1556"}],"wp:attachment":[{"href":"https:\/\/goalzero.eu\/fi\/wp-json\/wp\/v2\/media?parent=2509"}],"wp:term":[{"taxonomy":"product_brand","embeddable":true,"href":"https:\/\/goalzero.eu\/fi\/wp-json\/wp\/v2\/product_brand?post=2509"},{"taxonomy":"product_cat","embeddable":true,"href":"https:\/\/goalzero.eu\/fi\/wp-json\/wp\/v2\/product_cat?post=2509"},{"taxonomy":"product_tag","embeddable":true,"href":"https:\/\/goalzero.eu\/fi\/wp-json\/wp\/v2\/product_tag?post=2509"},{"taxonomy":"activity","embeddable":true,"href":"https:\/\/goalzero.eu\/fi\/wp-json\/wp\/v2\/activity?post=2509"},{"taxonomy":"ideal_for","embeddable":true,"href":"https:\/\/goalzero.eu\/fi\/wp-json\/wp\/v2\/ideal_for?post=2509"},{"taxonomy":"ports","embeddable":true,"href":"https:\/\/goalzero.eu\/fi\/wp-json\/wp\/v2\/ports?post=2509"}],"curies":[{"name":"wp","href":"https:\/\/api.w.org\/{rel}","templated":true}]}}