{"id":2507,"date":"2021-06-11T15:31:50","date_gmt":"2021-06-11T13:31:50","guid":{"rendered":"https:\/\/goalzero.eu\/product\/goal-zero-torch-500\/"},"modified":"2025-08-04T16:01:18","modified_gmt":"2025-08-04T14:01:18","slug":"goal-zero-torch-500","status":"publish","type":"product","link":"https:\/\/goalzero.eu\/fi\/product\/goal-zero-torch-500\/","title":{"rendered":"Torch 500"},"content":{"rendered":"","protected":false},"excerpt":{"rendered":"<p>Joka tilanteeseen sopiva, luotettavin h\u00e4t\u00e4valo on nyt vedenkest\u00e4v\u00e4. IP67-luokituksella varustettu Torch 500 on suunniteltu kest\u00e4m\u00e4\u00e4n kaikkia olosuhteita. Torch on tarkoitettu monitoimik\u00e4ytt\u00f6\u00f6n, ja se tarjoaa 500 lumenin edest\u00e4 kirkasta LED-valoa hajautettuna valokeila- ja valonheitinasetusten kesken. Lataa taskulamppu auringonvalolla sis\u00e4\u00e4nrakennetun aurinkopaneelin avulla tai mist\u00e4 tahansa USB-l\u00e4hteest\u00e4. 5200 mAh:n akussa on tarpeeksi virtaa puhelimen lataamiseen liikkeell\u00e4 ollessasi.<\/p>\n","protected":false},"featured_media":1542,"comment_status":"closed","ping_status":"closed","template":"","meta":[],"product_brand":[],"product_cat":[44,36],"product_tag":[],"activity":[21,22,20,19],"ideal_for":[27,28,35],"ports":[],"class_list":{"0":"post-2507","1":"product","2":"type-product","3":"status-publish","4":"has-post-thumbnail","6":"product_cat-flashlights","7":"product_cat-lights","8":"product_shipping_class-goalzero","9":"activity-kamperen","10":"activity-noodstroom","11":"activity-fotograferen","12":"activity-wereldreis","13":"ideal_for-camera","14":"ideal_for-cool-box","15":"ideal_for-camper","17":"first","18":"outofstock","19":"taxable","20":"shipping-taxable","21":"product-type-simple"},"bundled_by":[],"bundle_stock_status":"outofstock","bundle_stock_quantity":0,"bundle_virtual":false,"bundle_layout":"","bundle_add_to_cart_form_location":"","bundle_editable_in_cart":false,"bundle_sold_individually_context":"","bundle_item_grouping":"","bundle_min_size":"","bundle_max_size":"","bundle_price":[],"bundled_items":[],"bundle_sell_ids":[],"acf":[],"_links":{"self":[{"href":"https:\/\/goalzero.eu\/fi\/wp-json\/wp\/v2\/product\/2507","targetHints":{"allow":["GET"]}}],"collection":[{"href":"https:\/\/goalzero.eu\/fi\/wp-json\/wp\/v2\/product"}],"about":[{"href":"https:\/\/goalzero.eu\/fi\/wp-json\/wp\/v2\/types\/product"}],"replies":[{"embeddable":true,"href":"https:\/\/goalzero.eu\/fi\/wp-json\/wp\/v2\/comments?post=2507"}],"wp:featuredmedia":[{"embeddable":true,"href":"https:\/\/goalzero.eu\/fi\/wp-json\/wp\/v2\/media\/1542"}],"wp:attachment":[{"href":"https:\/\/goalzero.eu\/fi\/wp-json\/wp\/v2\/media?parent=2507"}],"wp:term":[{"taxonomy":"product_brand","embeddable":true,"href":"https:\/\/goalzero.eu\/fi\/wp-json\/wp\/v2\/product_brand?post=2507"},{"taxonomy":"product_cat","embeddable":true,"href":"https:\/\/goalzero.eu\/fi\/wp-json\/wp\/v2\/product_cat?post=2507"},{"taxonomy":"product_tag","embeddable":true,"href":"https:\/\/goalzero.eu\/fi\/wp-json\/wp\/v2\/product_tag?post=2507"},{"taxonomy":"activity","embeddable":true,"href":"https:\/\/goalzero.eu\/fi\/wp-json\/wp\/v2\/activity?post=2507"},{"taxonomy":"ideal_for","embeddable":true,"href":"https:\/\/goalzero.eu\/fi\/wp-json\/wp\/v2\/ideal_for?post=2507"},{"taxonomy":"ports","embeddable":true,"href":"https:\/\/goalzero.eu\/fi\/wp-json\/wp\/v2\/ports?post=2507"}],"curies":[{"name":"wp","href":"https:\/\/api.w.org\/{rel}","templated":true}]}}