{"id":2495,"date":"2021-06-11T15:31:41","date_gmt":"2021-06-11T13:31:41","guid":{"rendered":"https:\/\/goalzero.eu\/product\/goal-zero-yeti-3000x\/"},"modified":"2025-08-04T16:01:18","modified_gmt":"2025-08-04T14:01:18","slug":"goal-zero-yeti-3000x","status":"publish","type":"product","link":"https:\/\/goalzero.eu\/fi\/product\/goal-zero-yeti-3000x\/","title":{"rendered":"Yeti 3000X"},"content":{"rendered":"","protected":false},"excerpt":{"rendered":"<p>2000 W:n AC-invertterill\u00e4 p\u00e4ivitetty Yeti 3000X tuo el\u00e4m\u00e4\u00e4si virtaa kotona, t\u00f6iss\u00e4 ja tien p\u00e4\u00e4ll\u00e4. Virta-asema on varustettu viidell\u00e4 erilaisella liit\u00e4nt\u00e4portilla, joiden ansiosta saat ladattua erilaisia laitteita s\u00e4hk\u00f6ty\u00f6kaluista ja j\u00e4\u00e4kaapeista s\u00e4hk\u00f6py\u00f6riin ja grilleihin. Virtaa asuntoautoihin, per\u00e4vaunuihin, ty\u00f6pajoihin tai kodin t\u00e4rkeimpiin virtapiireihin.<\/p>\n","protected":false},"featured_media":1275,"comment_status":"closed","ping_status":"closed","template":"","meta":[],"product_brand":[],"product_cat":[39,18],"product_tag":[],"activity":[69,68,22,64,23],"ideal_for":[27,28,73,71,72,25,35,76,77,74,24,70,26,75],"ports":[],"class_list":{"0":"post-2495","1":"product","2":"type-product","3":"status-publish","4":"has-post-thumbnail","6":"product_cat-power-power-stations","7":"product_cat-power","8":"product_shipping_class-goalzero","9":"activity-barbecue-elektrisch","10":"activity-klussen-bouw","11":"activity-noodstroom","12":"activity-camper-inbouw","13":"activity-schuur-garage","14":"ideal_for-camera","15":"ideal_for-cool-box","16":"ideal_for-cpap","17":"ideal_for-laptop-type-c-stekker","18":"ideal_for-laptop-type-f-stekker","19":"ideal_for-laptop-usb-c","20":"ideal_for-camper","21":"ideal_for-elektrisch-gereedschap","22":"ideal_for-powerbank","23":"ideal_for-koelkast","24":"ideal_for-tablet","25":"ideal_for-telefoon","26":"ideal_for-televisie","27":"ideal_for-tent","29":"first","30":"outofstock","31":"taxable","32":"shipping-taxable","33":"product-type-simple"},"bundled_by":["3864"],"bundle_stock_status":"outofstock","bundle_stock_quantity":0,"bundle_virtual":false,"bundle_layout":"","bundle_add_to_cart_form_location":"","bundle_editable_in_cart":false,"bundle_sold_individually_context":"","bundle_item_grouping":"","bundle_min_size":"","bundle_max_size":"","bundle_price":[],"bundled_items":[],"bundle_sell_ids":[],"acf":[],"_links":{"self":[{"href":"https:\/\/goalzero.eu\/fi\/wp-json\/wp\/v2\/product\/2495","targetHints":{"allow":["GET"]}}],"collection":[{"href":"https:\/\/goalzero.eu\/fi\/wp-json\/wp\/v2\/product"}],"about":[{"href":"https:\/\/goalzero.eu\/fi\/wp-json\/wp\/v2\/types\/product"}],"replies":[{"embeddable":true,"href":"https:\/\/goalzero.eu\/fi\/wp-json\/wp\/v2\/comments?post=2495"}],"wp:featuredmedia":[{"embeddable":true,"href":"https:\/\/goalzero.eu\/fi\/wp-json\/wp\/v2\/media\/1275"}],"wp:attachment":[{"href":"https:\/\/goalzero.eu\/fi\/wp-json\/wp\/v2\/media?parent=2495"}],"wp:term":[{"taxonomy":"product_brand","embeddable":true,"href":"https:\/\/goalzero.eu\/fi\/wp-json\/wp\/v2\/product_brand?post=2495"},{"taxonomy":"product_cat","embeddable":true,"href":"https:\/\/goalzero.eu\/fi\/wp-json\/wp\/v2\/product_cat?post=2495"},{"taxonomy":"product_tag","embeddable":true,"href":"https:\/\/goalzero.eu\/fi\/wp-json\/wp\/v2\/product_tag?post=2495"},{"taxonomy":"activity","embeddable":true,"href":"https:\/\/goalzero.eu\/fi\/wp-json\/wp\/v2\/activity?post=2495"},{"taxonomy":"ideal_for","embeddable":true,"href":"https:\/\/goalzero.eu\/fi\/wp-json\/wp\/v2\/ideal_for?post=2495"},{"taxonomy":"ports","embeddable":true,"href":"https:\/\/goalzero.eu\/fi\/wp-json\/wp\/v2\/ports?post=2495"}],"curies":[{"name":"wp","href":"https:\/\/api.w.org\/{rel}","templated":true}]}}