{"id":2493,"date":"2021-06-11T15:31:41","date_gmt":"2021-06-11T13:31:41","guid":{"rendered":"https:\/\/goalzero.eu\/product\/goal-zero-yeti-1000x\/"},"modified":"2025-08-04T16:01:18","modified_gmt":"2025-08-04T14:01:18","slug":"goal-zero-yeti-1000x","status":"publish","type":"product","link":"https:\/\/goalzero.eu\/fi\/product\/goal-zero-yeti-1000x\/","title":{"rendered":"Yeti 1000X"},"content":{"rendered":"","protected":false},"excerpt":{"rendered":"<div><span lang=\"FI\">K\u00e4yt\u00e4 t\u00e4rkeimpi\u00e4 laitteitasi ja ty\u00f6kalujasi Yeti 1000X -laitteella. K\u00e4tevimm\u00e4nkokoinen virta-asemamme on riitt\u00e4v\u00e4n tehokas keskikokoisten ja isojen laitteiden virransy\u00f6tt\u00f6tarpeisiin ja riitt\u00e4v\u00e4n pieni mukaan otettavaksi. P\u00e4ivitetty versio sis\u00e4lt\u00e4\u00e4 USB-C Power Delivery -portin ja integroidun MPPT:n, joka parantaa aurinkokennon lataustehokkuutta ja nopeuttaa latausaikoja. Sy\u00f6t\u00e4 virtaa puhelimiin, kannettaviin tietokoneisiin, kameravarusteisiin, siirrett\u00e4viin j\u00e4\u00e4kaappeihin, l\u00e4\u00e4ketieteellisiin laitteisiin ja televisioihin.<\/span><\/div>\n","protected":false},"featured_media":1873,"comment_status":"closed","ping_status":"closed","template":"","meta":[],"product_brand":[],"product_cat":[39,18],"product_tag":[],"activity":[69,21,68,22,64,23],"ideal_for":[27,28,73,71,72,25,35,76,74,24,70,26,75],"ports":[],"class_list":{"0":"post-2493","1":"product","2":"type-product","3":"status-publish","4":"has-post-thumbnail","6":"product_cat-power-power-stations","7":"product_cat-power","8":"product_shipping_class-goalzero","9":"activity-barbecue-elektrisch","10":"activity-kamperen","11":"activity-klussen-bouw","12":"activity-noodstroom","13":"activity-camper-inbouw","14":"activity-schuur-garage","15":"ideal_for-camera","16":"ideal_for-cool-box","17":"ideal_for-cpap","18":"ideal_for-laptop-type-c-stekker","19":"ideal_for-laptop-type-f-stekker","20":"ideal_for-laptop-usb-c","21":"ideal_for-camper","22":"ideal_for-elektrisch-gereedschap","23":"ideal_for-koelkast","24":"ideal_for-tablet","25":"ideal_for-telefoon","26":"ideal_for-televisie","27":"ideal_for-tent","29":"first","30":"outofstock","31":"taxable","32":"shipping-taxable","33":"product-type-simple"},"bundled_by":[],"bundle_stock_status":"outofstock","bundle_stock_quantity":0,"bundle_virtual":false,"bundle_layout":"","bundle_add_to_cart_form_location":"","bundle_editable_in_cart":false,"bundle_sold_individually_context":"","bundle_item_grouping":"","bundle_min_size":"","bundle_max_size":"","bundle_price":[],"bundled_items":[],"bundle_sell_ids":[],"acf":[],"_links":{"self":[{"href":"https:\/\/goalzero.eu\/fi\/wp-json\/wp\/v2\/product\/2493","targetHints":{"allow":["GET"]}}],"collection":[{"href":"https:\/\/goalzero.eu\/fi\/wp-json\/wp\/v2\/product"}],"about":[{"href":"https:\/\/goalzero.eu\/fi\/wp-json\/wp\/v2\/types\/product"}],"replies":[{"embeddable":true,"href":"https:\/\/goalzero.eu\/fi\/wp-json\/wp\/v2\/comments?post=2493"}],"wp:featuredmedia":[{"embeddable":true,"href":"https:\/\/goalzero.eu\/fi\/wp-json\/wp\/v2\/media\/1873"}],"wp:attachment":[{"href":"https:\/\/goalzero.eu\/fi\/wp-json\/wp\/v2\/media?parent=2493"}],"wp:term":[{"taxonomy":"product_brand","embeddable":true,"href":"https:\/\/goalzero.eu\/fi\/wp-json\/wp\/v2\/product_brand?post=2493"},{"taxonomy":"product_cat","embeddable":true,"href":"https:\/\/goalzero.eu\/fi\/wp-json\/wp\/v2\/product_cat?post=2493"},{"taxonomy":"product_tag","embeddable":true,"href":"https:\/\/goalzero.eu\/fi\/wp-json\/wp\/v2\/product_tag?post=2493"},{"taxonomy":"activity","embeddable":true,"href":"https:\/\/goalzero.eu\/fi\/wp-json\/wp\/v2\/activity?post=2493"},{"taxonomy":"ideal_for","embeddable":true,"href":"https:\/\/goalzero.eu\/fi\/wp-json\/wp\/v2\/ideal_for?post=2493"},{"taxonomy":"ports","embeddable":true,"href":"https:\/\/goalzero.eu\/fi\/wp-json\/wp\/v2\/ports?post=2493"}],"curies":[{"name":"wp","href":"https:\/\/api.w.org\/{rel}","templated":true}]}}