{"id":2490,"date":"2021-06-11T15:31:41","date_gmt":"2021-06-11T13:31:41","guid":{"rendered":"https:\/\/goalzero.eu\/product\/goal-zero-boulder-100-briefcase\/"},"modified":"2025-08-04T16:01:16","modified_gmt":"2025-08-04T14:01:16","slug":"goal-zero-boulder-100-briefcase","status":"publish","type":"product","link":"https:\/\/goalzero.eu\/fi\/product\/goal-zero-boulder-100-briefcase\/","title":{"rendered":"Boulder 100 Briefcase"},"content":{"rendered":"","protected":false},"excerpt":{"rendered":"<div><span lang=\"FI\">Lujarakenteinen, kest\u00e4v\u00e4 ja tukeva. Boulder 100 Briefcase -aurinkopaneeli on valmistettu kest\u00e4v\u00e4st\u00e4 karkaistusta lasista ja alumiinirungosta, jossa on kulmasuojukset v\u00e4liaikaiseen tai pysyv\u00e4\u00e4n asennukseen. Koostuu kahdesta saranalla yhteen liitetyst\u00e4 Boulder 50 -aurinkopaneelista (yhteens\u00e4 100 wattia). Integroitu tukijalka mahdollistaa paneelin asettamisen optimaaliseen latauskulmaan aurinkoa kohti. Mukana toimitetaan my\u00f6s k\u00e4tev\u00e4 kantolaukku. K\u00e4yt\u00e4 yhdess\u00e4 kannettavan Goal Zero -varavirtal\u00e4hteen tai kannettavan virta-aseman kanssa ladataksesi laitteesi p\u00e4iv\u00e4ll\u00e4 tai y\u00f6ll\u00e4.<\/span><\/div>\n","protected":false},"featured_media":1298,"comment_status":"closed","ping_status":"closed","template":"","meta":[],"product_brand":[],"product_cat":[41,15],"product_tag":[],"activity":[69,22,64],"ideal_for":[35,78],"ports":[],"class_list":{"0":"post-2490","1":"product","2":"type-product","3":"status-publish","4":"has-post-thumbnail","6":"product_cat-mobile","7":"product_cat-solar","8":"product_shipping_class-goalzero","9":"activity-barbecue-elektrisch","10":"activity-noodstroom","11":"activity-camper-inbouw","12":"ideal_for-camper","13":"ideal_for-power-station","15":"first","16":"outofstock","17":"taxable","18":"shipping-taxable","19":"product-type-simple"},"bundled_by":["4155"],"bundle_stock_status":"outofstock","bundle_stock_quantity":0,"bundle_virtual":false,"bundle_layout":"","bundle_add_to_cart_form_location":"","bundle_editable_in_cart":false,"bundle_sold_individually_context":"","bundle_item_grouping":"","bundle_min_size":"","bundle_max_size":"","bundle_price":[],"bundled_items":[],"bundle_sell_ids":[],"acf":[],"_links":{"self":[{"href":"https:\/\/goalzero.eu\/fi\/wp-json\/wp\/v2\/product\/2490","targetHints":{"allow":["GET"]}}],"collection":[{"href":"https:\/\/goalzero.eu\/fi\/wp-json\/wp\/v2\/product"}],"about":[{"href":"https:\/\/goalzero.eu\/fi\/wp-json\/wp\/v2\/types\/product"}],"replies":[{"embeddable":true,"href":"https:\/\/goalzero.eu\/fi\/wp-json\/wp\/v2\/comments?post=2490"}],"wp:featuredmedia":[{"embeddable":true,"href":"https:\/\/goalzero.eu\/fi\/wp-json\/wp\/v2\/media\/1298"}],"wp:attachment":[{"href":"https:\/\/goalzero.eu\/fi\/wp-json\/wp\/v2\/media?parent=2490"}],"wp:term":[{"taxonomy":"product_brand","embeddable":true,"href":"https:\/\/goalzero.eu\/fi\/wp-json\/wp\/v2\/product_brand?post=2490"},{"taxonomy":"product_cat","embeddable":true,"href":"https:\/\/goalzero.eu\/fi\/wp-json\/wp\/v2\/product_cat?post=2490"},{"taxonomy":"product_tag","embeddable":true,"href":"https:\/\/goalzero.eu\/fi\/wp-json\/wp\/v2\/product_tag?post=2490"},{"taxonomy":"activity","embeddable":true,"href":"https:\/\/goalzero.eu\/fi\/wp-json\/wp\/v2\/activity?post=2490"},{"taxonomy":"ideal_for","embeddable":true,"href":"https:\/\/goalzero.eu\/fi\/wp-json\/wp\/v2\/ideal_for?post=2490"},{"taxonomy":"ports","embeddable":true,"href":"https:\/\/goalzero.eu\/fi\/wp-json\/wp\/v2\/ports?post=2490"}],"curies":[{"name":"wp","href":"https:\/\/api.w.org\/{rel}","templated":true}]}}