{"id":2485,"date":"2021-06-11T15:31:41","date_gmt":"2021-06-11T13:31:41","guid":{"rendered":"https:\/\/goalzero.eu\/product\/goal-zero-lighthouse-mini\/"},"modified":"2025-08-04T16:01:16","modified_gmt":"2025-08-04T14:01:16","slug":"goal-zero-lighthouse-mini","status":"publish","type":"product","link":"https:\/\/goalzero.eu\/fi\/product\/goal-zero-lighthouse-mini\/","title":{"rendered":"Lighthouse Mini"},"content":{"rendered":"","protected":false},"excerpt":{"rendered":"<p>Lighthouse ladattava minilyhty valaisee joka tilanteessa 210 lumenin kirkkaalla LED-valolla. Sis\u00e4lt\u00e4\u00e4 sis\u00e4\u00e4nrakennetun USB-portin pienten laitteiden lataamiseen.<\/p>\n","protected":false},"featured_media":1752,"comment_status":"closed","ping_status":"closed","template":"","meta":[],"product_brand":[],"product_cat":[43,36],"product_tag":[],"activity":[],"ideal_for":[],"ports":[],"class_list":{"0":"post-2485","1":"product","2":"type-product","3":"status-publish","4":"has-post-thumbnail","6":"product_cat-lights-lanterns","7":"product_cat-lights","8":"product_shipping_class-goalzero","10":"first","11":"outofstock","12":"taxable","13":"shipping-taxable","14":"product-type-simple"},"bundled_by":[],"bundle_stock_status":"outofstock","bundle_stock_quantity":0,"bundle_virtual":false,"bundle_layout":"","bundle_add_to_cart_form_location":"","bundle_editable_in_cart":false,"bundle_sold_individually_context":"","bundle_item_grouping":"","bundle_min_size":"","bundle_max_size":"","bundle_price":[],"bundled_items":[],"bundle_sell_ids":[],"acf":[],"_links":{"self":[{"href":"https:\/\/goalzero.eu\/fi\/wp-json\/wp\/v2\/product\/2485","targetHints":{"allow":["GET"]}}],"collection":[{"href":"https:\/\/goalzero.eu\/fi\/wp-json\/wp\/v2\/product"}],"about":[{"href":"https:\/\/goalzero.eu\/fi\/wp-json\/wp\/v2\/types\/product"}],"replies":[{"embeddable":true,"href":"https:\/\/goalzero.eu\/fi\/wp-json\/wp\/v2\/comments?post=2485"}],"wp:featuredmedia":[{"embeddable":true,"href":"https:\/\/goalzero.eu\/fi\/wp-json\/wp\/v2\/media\/1752"}],"wp:attachment":[{"href":"https:\/\/goalzero.eu\/fi\/wp-json\/wp\/v2\/media?parent=2485"}],"wp:term":[{"taxonomy":"product_brand","embeddable":true,"href":"https:\/\/goalzero.eu\/fi\/wp-json\/wp\/v2\/product_brand?post=2485"},{"taxonomy":"product_cat","embeddable":true,"href":"https:\/\/goalzero.eu\/fi\/wp-json\/wp\/v2\/product_cat?post=2485"},{"taxonomy":"product_tag","embeddable":true,"href":"https:\/\/goalzero.eu\/fi\/wp-json\/wp\/v2\/product_tag?post=2485"},{"taxonomy":"activity","embeddable":true,"href":"https:\/\/goalzero.eu\/fi\/wp-json\/wp\/v2\/activity?post=2485"},{"taxonomy":"ideal_for","embeddable":true,"href":"https:\/\/goalzero.eu\/fi\/wp-json\/wp\/v2\/ideal_for?post=2485"},{"taxonomy":"ports","embeddable":true,"href":"https:\/\/goalzero.eu\/fi\/wp-json\/wp\/v2\/ports?post=2485"}],"curies":[{"name":"wp","href":"https:\/\/api.w.org\/{rel}","templated":true}]}}