{"id":2481,"date":"2021-06-11T15:31:41","date_gmt":"2021-06-11T13:31:41","guid":{"rendered":"https:\/\/goalzero.eu\/product\/goal-zero-lighthouse-micro-flash\/"},"modified":"2025-08-04T16:01:16","modified_gmt":"2025-08-04T14:01:16","slug":"goal-zero-lighthouse-micro-flash","status":"publish","type":"product","link":"https:\/\/goalzero.eu\/fi\/product\/goal-zero-lighthouse-micro-flash\/","title":{"rendered":"Lighthouse Micro Flash"},"content":{"rendered":"","protected":false},"excerpt":{"rendered":"<p>USB-ladattava, himmennett\u00e4v\u00e4 ja IPX6-suojattu s\u00e4\u00e4nkest\u00e4v\u00e4 muotoilu, jossa on sis\u00e4\u00e4nrakennettu 120 lumenin taskulamppu: t\u00e4ydellinen kumppani keveytt\u00e4 arvostavalle seikkailijalle. Voidaan yhdist\u00e4\u00e4 Goal Zero Nomad-aurinkopaneeliin, joten voit ladata sen suoraan auringosta.<\/p>\n","protected":false},"featured_media":1364,"comment_status":"closed","ping_status":"closed","template":"","meta":[],"product_brand":[],"product_cat":[44,36],"product_tag":[],"activity":[21,19],"ideal_for":[35],"ports":[],"class_list":{"0":"post-2481","1":"product","2":"type-product","3":"status-publish","4":"has-post-thumbnail","6":"product_cat-flashlights","7":"product_cat-lights","8":"product_shipping_class-goalzero","9":"activity-kamperen","10":"activity-wereldreis","11":"ideal_for-camper","13":"first","14":"outofstock","15":"taxable","16":"shipping-taxable","17":"product-type-simple"},"bundled_by":[],"bundle_stock_status":"outofstock","bundle_stock_quantity":0,"bundle_virtual":false,"bundle_layout":"","bundle_add_to_cart_form_location":"","bundle_editable_in_cart":false,"bundle_sold_individually_context":"","bundle_item_grouping":"","bundle_min_size":"","bundle_max_size":"","bundle_price":[],"bundled_items":[],"bundle_sell_ids":[],"acf":[],"_links":{"self":[{"href":"https:\/\/goalzero.eu\/fi\/wp-json\/wp\/v2\/product\/2481","targetHints":{"allow":["GET"]}}],"collection":[{"href":"https:\/\/goalzero.eu\/fi\/wp-json\/wp\/v2\/product"}],"about":[{"href":"https:\/\/goalzero.eu\/fi\/wp-json\/wp\/v2\/types\/product"}],"replies":[{"embeddable":true,"href":"https:\/\/goalzero.eu\/fi\/wp-json\/wp\/v2\/comments?post=2481"}],"wp:featuredmedia":[{"embeddable":true,"href":"https:\/\/goalzero.eu\/fi\/wp-json\/wp\/v2\/media\/1364"}],"wp:attachment":[{"href":"https:\/\/goalzero.eu\/fi\/wp-json\/wp\/v2\/media?parent=2481"}],"wp:term":[{"taxonomy":"product_brand","embeddable":true,"href":"https:\/\/goalzero.eu\/fi\/wp-json\/wp\/v2\/product_brand?post=2481"},{"taxonomy":"product_cat","embeddable":true,"href":"https:\/\/goalzero.eu\/fi\/wp-json\/wp\/v2\/product_cat?post=2481"},{"taxonomy":"product_tag","embeddable":true,"href":"https:\/\/goalzero.eu\/fi\/wp-json\/wp\/v2\/product_tag?post=2481"},{"taxonomy":"activity","embeddable":true,"href":"https:\/\/goalzero.eu\/fi\/wp-json\/wp\/v2\/activity?post=2481"},{"taxonomy":"ideal_for","embeddable":true,"href":"https:\/\/goalzero.eu\/fi\/wp-json\/wp\/v2\/ideal_for?post=2481"},{"taxonomy":"ports","embeddable":true,"href":"https:\/\/goalzero.eu\/fi\/wp-json\/wp\/v2\/ports?post=2481"}],"curies":[{"name":"wp","href":"https:\/\/api.w.org\/{rel}","templated":true}]}}