{"id":2480,"date":"2021-06-11T15:31:41","date_gmt":"2021-06-11T13:31:41","guid":{"rendered":"https:\/\/goalzero.eu\/product\/goal-zero-light-a-life-350\/"},"modified":"2025-08-04T16:01:16","modified_gmt":"2025-08-04T14:01:16","slug":"goal-zero-light-a-life-350","status":"publish","type":"product","link":"https:\/\/goalzero.eu\/fi\/product\/goal-zero-light-a-life-350\/","title":{"rendered":"Light-A-Life 350"},"content":{"rendered":"","protected":false},"excerpt":{"rendered":"<p>Kirkas 350 lumenin LED-valo, jonka varjostusta voi s\u00e4\u00e4t\u00e4\u00e4 kohdevaloksi tai kattamaan laajemman alueen. Kirkkauden s\u00e4\u00e4t\u00f6 himme\u00e4\/kirkas ja integroitu kaapeli tekev\u00e4t siit\u00e4 t\u00e4ydellisen valon kaikkiin seikkailuihin. Sis\u00e4\u00e4nrakennetun karabiinilukon ja magneettien avulla sen voi ripustaa l\u00e4hes mihin tahansa. Voit ketjuttaa jopa 8 valoa yhteen. K\u00e4ytet\u00e4\u00e4n Yeti-virta-aseman kanssa. Jos haluat k\u00e4ytt\u00e4\u00e4 USB-virtal\u00e4hdett\u00e4, k\u00e4yt\u00e4 USB &#8211; 6MM -MUUNNINTA (myyd\u00e4\u00e4n erikseen).<\/p>\n","protected":false},"featured_media":1426,"comment_status":"closed","ping_status":"closed","template":"","meta":[],"product_brand":[],"product_cat":[45,36],"product_tag":[],"activity":[],"ideal_for":[],"ports":[],"class_list":{"0":"post-2480","1":"product","2":"type-product","3":"status-publish","4":"has-post-thumbnail","6":"product_cat-lights-string-lights","7":"product_cat-lights","8":"product_shipping_class-goalzero","10":"first","11":"outofstock","12":"taxable","13":"shipping-taxable","14":"product-type-simple"},"bundled_by":[],"bundle_stock_status":"outofstock","bundle_stock_quantity":0,"bundle_virtual":false,"bundle_layout":"","bundle_add_to_cart_form_location":"","bundle_editable_in_cart":false,"bundle_sold_individually_context":"","bundle_item_grouping":"","bundle_min_size":"","bundle_max_size":"","bundle_price":[],"bundled_items":[],"bundle_sell_ids":[],"acf":[],"_links":{"self":[{"href":"https:\/\/goalzero.eu\/fi\/wp-json\/wp\/v2\/product\/2480","targetHints":{"allow":["GET"]}}],"collection":[{"href":"https:\/\/goalzero.eu\/fi\/wp-json\/wp\/v2\/product"}],"about":[{"href":"https:\/\/goalzero.eu\/fi\/wp-json\/wp\/v2\/types\/product"}],"replies":[{"embeddable":true,"href":"https:\/\/goalzero.eu\/fi\/wp-json\/wp\/v2\/comments?post=2480"}],"wp:featuredmedia":[{"embeddable":true,"href":"https:\/\/goalzero.eu\/fi\/wp-json\/wp\/v2\/media\/1426"}],"wp:attachment":[{"href":"https:\/\/goalzero.eu\/fi\/wp-json\/wp\/v2\/media?parent=2480"}],"wp:term":[{"taxonomy":"product_brand","embeddable":true,"href":"https:\/\/goalzero.eu\/fi\/wp-json\/wp\/v2\/product_brand?post=2480"},{"taxonomy":"product_cat","embeddable":true,"href":"https:\/\/goalzero.eu\/fi\/wp-json\/wp\/v2\/product_cat?post=2480"},{"taxonomy":"product_tag","embeddable":true,"href":"https:\/\/goalzero.eu\/fi\/wp-json\/wp\/v2\/product_tag?post=2480"},{"taxonomy":"activity","embeddable":true,"href":"https:\/\/goalzero.eu\/fi\/wp-json\/wp\/v2\/activity?post=2480"},{"taxonomy":"ideal_for","embeddable":true,"href":"https:\/\/goalzero.eu\/fi\/wp-json\/wp\/v2\/ideal_for?post=2480"},{"taxonomy":"ports","embeddable":true,"href":"https:\/\/goalzero.eu\/fi\/wp-json\/wp\/v2\/ports?post=2480"}],"curies":[{"name":"wp","href":"https:\/\/api.w.org\/{rel}","templated":true}]}}