{"id":2478,"date":"2021-06-11T15:31:32","date_gmt":"2021-06-11T13:31:32","guid":{"rendered":"https:\/\/goalzero.eu\/product\/goal-zero-venture-75\/"},"modified":"2025-08-04T16:01:16","modified_gmt":"2025-08-04T14:01:16","slug":"goal-zero-venture-75","status":"publish","type":"product","link":"https:\/\/goalzero.eu\/fi\/product\/goal-zero-venture-75\/","title":{"rendered":"Venture 75"},"content":{"rendered":"","protected":false},"excerpt":{"rendered":"<p>Pikalataustekniikka kohtaa lujatekoisen kest\u00e4vyyden. Uusi Venture 75 yhdist\u00e4\u00e4 molempien maailmojen parhaat puolet. P\u00e4ivitetyss\u00e4 19200 mAh:n varavirtal\u00e4hteess\u00e4mme on p\u00f6ly-\/vesitiivis IP67-luokitus ja USB-C-portti, joka on suunniteltu nopeuttamaan lataamista ja virtaviivaistamaan kaapeleiden k\u00e4ytt\u00f6\u00e4. Lataa tabletit, kannettavat tietokoneet ja muut USB-C-laitteet 60 W:n USB-C Power Delivery -portilla ja lataa sitten varavirtal\u00e4hde nopeasti uudelleen t\u00e4yteen 1,5 tunnissa samaa porttia k\u00e4ytt\u00e4en. K\u00e4tev\u00e4 ulkoiluun, matkustamiseen ja h\u00e4t\u00e4tilanteisiin.<\/p>\n","protected":false},"featured_media":1494,"comment_status":"closed","ping_status":"closed","template":"","meta":[],"product_brand":[],"product_cat":[37,18],"product_tag":[],"activity":[21,67,66,20,63,19],"ideal_for":[27,25,24,70,75],"ports":[],"class_list":{"0":"post-2478","1":"product","2":"type-product","3":"status-publish","4":"has-post-thumbnail","6":"product_cat-power-usb-c-power-banks","7":"product_cat-power","8":"product_shipping_class-goalzero","9":"activity-kamperen","10":"activity-festival","11":"activity-wandelen","12":"activity-fotograferen","13":"activity-reizen-zakelijk","14":"activity-wereldreis","15":"ideal_for-camera","16":"ideal_for-laptop-usb-c","17":"ideal_for-tablet","18":"ideal_for-telefoon","19":"ideal_for-tent","21":"first","22":"outofstock","23":"taxable","24":"shipping-taxable","25":"product-type-simple"},"bundled_by":[],"bundle_stock_status":"outofstock","bundle_stock_quantity":0,"bundle_virtual":false,"bundle_layout":"","bundle_add_to_cart_form_location":"","bundle_editable_in_cart":false,"bundle_sold_individually_context":"","bundle_item_grouping":"","bundle_min_size":"","bundle_max_size":"","bundle_price":[],"bundled_items":[],"bundle_sell_ids":[],"acf":[],"_links":{"self":[{"href":"https:\/\/goalzero.eu\/fi\/wp-json\/wp\/v2\/product\/2478","targetHints":{"allow":["GET"]}}],"collection":[{"href":"https:\/\/goalzero.eu\/fi\/wp-json\/wp\/v2\/product"}],"about":[{"href":"https:\/\/goalzero.eu\/fi\/wp-json\/wp\/v2\/types\/product"}],"replies":[{"embeddable":true,"href":"https:\/\/goalzero.eu\/fi\/wp-json\/wp\/v2\/comments?post=2478"}],"wp:featuredmedia":[{"embeddable":true,"href":"https:\/\/goalzero.eu\/fi\/wp-json\/wp\/v2\/media\/1494"}],"wp:attachment":[{"href":"https:\/\/goalzero.eu\/fi\/wp-json\/wp\/v2\/media?parent=2478"}],"wp:term":[{"taxonomy":"product_brand","embeddable":true,"href":"https:\/\/goalzero.eu\/fi\/wp-json\/wp\/v2\/product_brand?post=2478"},{"taxonomy":"product_cat","embeddable":true,"href":"https:\/\/goalzero.eu\/fi\/wp-json\/wp\/v2\/product_cat?post=2478"},{"taxonomy":"product_tag","embeddable":true,"href":"https:\/\/goalzero.eu\/fi\/wp-json\/wp\/v2\/product_tag?post=2478"},{"taxonomy":"activity","embeddable":true,"href":"https:\/\/goalzero.eu\/fi\/wp-json\/wp\/v2\/activity?post=2478"},{"taxonomy":"ideal_for","embeddable":true,"href":"https:\/\/goalzero.eu\/fi\/wp-json\/wp\/v2\/ideal_for?post=2478"},{"taxonomy":"ports","embeddable":true,"href":"https:\/\/goalzero.eu\/fi\/wp-json\/wp\/v2\/ports?post=2478"}],"curies":[{"name":"wp","href":"https:\/\/api.w.org\/{rel}","templated":true}]}}