{"id":2477,"date":"2021-06-11T15:31:32","date_gmt":"2021-06-11T13:31:32","guid":{"rendered":"https:\/\/goalzero.eu\/product\/goal-zero-venture-35\/"},"modified":"2025-08-04T16:01:16","modified_gmt":"2025-08-04T14:01:16","slug":"goal-zero-venture-35","status":"publish","type":"product","link":"https:\/\/goalzero.eu\/fi\/product\/goal-zero-venture-35\/","title":{"rendered":"Venture 35"},"content":{"rendered":"","protected":false},"excerpt":{"rendered":"<div><span lang=\"FI\">Edelt\u00e4j\u00e4\u00e4ns\u00e4 kest\u00e4v\u00e4mpi ja tehokkaampi uusi Venture 35 on valmiina kaikkeen. P\u00e4ivitetyll\u00e4 IP67-luokituksella varustettu 9600 mAh:n varavirtal\u00e4hde on nyt p\u00f6lytiivis ja vedenkest\u00e4v\u00e4, mink\u00e4 ansiosta voit k\u00e4ytt\u00e4\u00e4 sit\u00e4 tarvittavien laitteiden lataamiseen kaikissa seikkailuissa, niin sateessa kuin auringonpaisteessakin. Lataa Venture 35 t\u00e4yteen vain kolmessa tunnissa uudella 18 W:n USB-C Power Delivery -portilla ja sy\u00f6t\u00e4 virtaa useisiin laitteisiin yht\u00e4 aikaa kahden USB-portin avulla.<\/span><\/div>\n","protected":false},"featured_media":1502,"comment_status":"closed","ping_status":"closed","template":"","meta":[],"product_brand":[],"product_cat":[37,18],"product_tag":[],"activity":[21,67,66,20,63,19],"ideal_for":[27,24,70,75],"ports":[],"class_list":{"0":"post-2477","1":"product","2":"type-product","3":"status-publish","4":"has-post-thumbnail","6":"product_cat-power-usb-c-power-banks","7":"product_cat-power","8":"product_shipping_class-goalzero","9":"activity-kamperen","10":"activity-festival","11":"activity-wandelen","12":"activity-fotograferen","13":"activity-reizen-zakelijk","14":"activity-wereldreis","15":"ideal_for-camera","16":"ideal_for-tablet","17":"ideal_for-telefoon","18":"ideal_for-tent","20":"first","21":"outofstock","22":"taxable","23":"shipping-taxable","24":"product-type-simple"},"bundled_by":[],"bundle_stock_status":"outofstock","bundle_stock_quantity":0,"bundle_virtual":false,"bundle_layout":"","bundle_add_to_cart_form_location":"","bundle_editable_in_cart":false,"bundle_sold_individually_context":"","bundle_item_grouping":"","bundle_min_size":"","bundle_max_size":"","bundle_price":[],"bundled_items":[],"bundle_sell_ids":[],"acf":[],"_links":{"self":[{"href":"https:\/\/goalzero.eu\/fi\/wp-json\/wp\/v2\/product\/2477","targetHints":{"allow":["GET"]}}],"collection":[{"href":"https:\/\/goalzero.eu\/fi\/wp-json\/wp\/v2\/product"}],"about":[{"href":"https:\/\/goalzero.eu\/fi\/wp-json\/wp\/v2\/types\/product"}],"replies":[{"embeddable":true,"href":"https:\/\/goalzero.eu\/fi\/wp-json\/wp\/v2\/comments?post=2477"}],"wp:featuredmedia":[{"embeddable":true,"href":"https:\/\/goalzero.eu\/fi\/wp-json\/wp\/v2\/media\/1502"}],"wp:attachment":[{"href":"https:\/\/goalzero.eu\/fi\/wp-json\/wp\/v2\/media?parent=2477"}],"wp:term":[{"taxonomy":"product_brand","embeddable":true,"href":"https:\/\/goalzero.eu\/fi\/wp-json\/wp\/v2\/product_brand?post=2477"},{"taxonomy":"product_cat","embeddable":true,"href":"https:\/\/goalzero.eu\/fi\/wp-json\/wp\/v2\/product_cat?post=2477"},{"taxonomy":"product_tag","embeddable":true,"href":"https:\/\/goalzero.eu\/fi\/wp-json\/wp\/v2\/product_tag?post=2477"},{"taxonomy":"activity","embeddable":true,"href":"https:\/\/goalzero.eu\/fi\/wp-json\/wp\/v2\/activity?post=2477"},{"taxonomy":"ideal_for","embeddable":true,"href":"https:\/\/goalzero.eu\/fi\/wp-json\/wp\/v2\/ideal_for?post=2477"},{"taxonomy":"ports","embeddable":true,"href":"https:\/\/goalzero.eu\/fi\/wp-json\/wp\/v2\/ports?post=2477"}],"curies":[{"name":"wp","href":"https:\/\/api.w.org\/{rel}","templated":true}]}}