{"id":2474,"date":"2021-06-11T15:31:32","date_gmt":"2021-06-11T13:31:32","guid":{"rendered":"https:\/\/goalzero.eu\/product\/goal-zero-sherpa-100ac\/"},"modified":"2025-08-04T16:01:16","modified_gmt":"2025-08-04T14:01:16","slug":"goal-zero-sherpa-100ac","status":"publish","type":"product","link":"https:\/\/goalzero.eu\/fi\/product\/goal-zero-sherpa-100ac\/","title":{"rendered":"Goal Zero Sherpa 100AC"},"content":{"rendered":"","protected":false},"excerpt":{"rendered":"<p>Pieni ja tehokas Sherpa 100AC takaa, ett\u00e4 saat ladattua kaikki laitteesi liikkeell\u00e4 ollessasi. Ilmailuviranomaisten hyv\u00e4ksym\u00e4 k\u00e4simatkatavaraksi. 94,72 Wh:n varavirtal\u00e4hde on varustettu innovatiivisilla ominaisuuksilla, kuten langattomalla latauksella, huippunopealla Power Delivery -portilla ja useilla erilaisilla porteilla puhelinten, tablettien, j\u00e4rjestelm\u00e4kameroiden ja kannettavien tietokoneiden lataamiseen, mukaan lukien runsaasti virtaa vaativat MacBookit.<\/p>\n","protected":false},"featured_media":1261,"comment_status":"closed","ping_status":"closed","template":"","meta":[],"product_brand":[],"product_cat":[37,18],"product_tag":[],"activity":[21,20,63,19],"ideal_for":[27,71,25,35,24,70,26,75],"ports":[],"class_list":{"0":"post-2474","1":"product","2":"type-product","3":"status-publish","4":"has-post-thumbnail","6":"product_cat-power-usb-c-power-banks","7":"product_cat-power","8":"product_shipping_class-goalzero","9":"activity-kamperen","10":"activity-fotograferen","11":"activity-reizen-zakelijk","12":"activity-wereldreis","13":"ideal_for-camera","14":"ideal_for-laptop-type-c-stekker","15":"ideal_for-laptop-usb-c","16":"ideal_for-camper","17":"ideal_for-tablet","18":"ideal_for-telefoon","19":"ideal_for-televisie","20":"ideal_for-tent","22":"first","23":"outofstock","24":"taxable","25":"shipping-taxable","26":"product-type-simple"},"bundled_by":[],"bundle_stock_status":"outofstock","bundle_stock_quantity":0,"bundle_virtual":false,"bundle_layout":"","bundle_add_to_cart_form_location":"","bundle_editable_in_cart":false,"bundle_sold_individually_context":"","bundle_item_grouping":"","bundle_min_size":"","bundle_max_size":"","bundle_price":[],"bundled_items":[],"bundle_sell_ids":[],"acf":[],"_links":{"self":[{"href":"https:\/\/goalzero.eu\/fi\/wp-json\/wp\/v2\/product\/2474","targetHints":{"allow":["GET"]}}],"collection":[{"href":"https:\/\/goalzero.eu\/fi\/wp-json\/wp\/v2\/product"}],"about":[{"href":"https:\/\/goalzero.eu\/fi\/wp-json\/wp\/v2\/types\/product"}],"replies":[{"embeddable":true,"href":"https:\/\/goalzero.eu\/fi\/wp-json\/wp\/v2\/comments?post=2474"}],"wp:featuredmedia":[{"embeddable":true,"href":"https:\/\/goalzero.eu\/fi\/wp-json\/wp\/v2\/media\/1261"}],"wp:attachment":[{"href":"https:\/\/goalzero.eu\/fi\/wp-json\/wp\/v2\/media?parent=2474"}],"wp:term":[{"taxonomy":"product_brand","embeddable":true,"href":"https:\/\/goalzero.eu\/fi\/wp-json\/wp\/v2\/product_brand?post=2474"},{"taxonomy":"product_cat","embeddable":true,"href":"https:\/\/goalzero.eu\/fi\/wp-json\/wp\/v2\/product_cat?post=2474"},{"taxonomy":"product_tag","embeddable":true,"href":"https:\/\/goalzero.eu\/fi\/wp-json\/wp\/v2\/product_tag?post=2474"},{"taxonomy":"activity","embeddable":true,"href":"https:\/\/goalzero.eu\/fi\/wp-json\/wp\/v2\/activity?post=2474"},{"taxonomy":"ideal_for","embeddable":true,"href":"https:\/\/goalzero.eu\/fi\/wp-json\/wp\/v2\/ideal_for?post=2474"},{"taxonomy":"ports","embeddable":true,"href":"https:\/\/goalzero.eu\/fi\/wp-json\/wp\/v2\/ports?post=2474"}],"curies":[{"name":"wp","href":"https:\/\/api.w.org\/{rel}","templated":true}]}}