{"id":2463,"date":"2021-06-11T15:31:32","date_gmt":"2021-06-11T13:31:32","guid":{"rendered":"https:\/\/goalzero.eu\/product\/goal-zero-nomad-200\/"},"modified":"2025-08-04T16:01:16","modified_gmt":"2025-08-04T14:01:16","slug":"goal-zero-nomad-200","status":"publish","type":"product","link":"https:\/\/goalzero.eu\/fi\/product\/goal-zero-nomad-200\/","title":{"rendered":"Nomad 200"},"content":{"rendered":"","protected":false},"excerpt":{"rendered":"<div><span lang=\"FI\">Nimens\u00e4 mukaisesti taitettavat Nomad-paneelit on suunniteltu liikkuvaan el\u00e4m\u00e4\u00e4n. Goal Zeron suurin kannettava aurinkopaneeli Nomad voidaan taitella nelj\u00e4nnekseen t\u00e4ydest\u00e4 koosta, mik\u00e4 tekee niist\u00e4 ihanteellisen tilanteisiin, joissa s\u00e4hk\u00f6virran tarve on suuri ja tilaa on rajoitetusti. Nomad 200 tarjoaa jopa 200 wattia aurinkoenergiaa Yeti-virta-aseman lataamiseen ja kannettavien tietokoneiden, j\u00e4\u00e4kaappien ja l\u00e4\u00e4ketieteellisten laitteiden virransy\u00f6tt\u00f6\u00f6n.<\/span><\/div>\n","protected":false},"featured_media":1388,"comment_status":"closed","ping_status":"closed","template":"","meta":[],"product_brand":[],"product_cat":[41,15],"product_tag":[],"activity":[21,64],"ideal_for":[78],"ports":[],"class_list":{"0":"post-2463","1":"product","2":"type-product","3":"status-publish","4":"has-post-thumbnail","6":"product_cat-mobile","7":"product_cat-solar","8":"product_shipping_class-goalzero","9":"activity-kamperen","10":"activity-camper-inbouw","11":"ideal_for-power-station","13":"first","14":"outofstock","15":"taxable","16":"shipping-taxable","17":"product-type-simple"},"bundled_by":["3862"],"bundle_stock_status":"outofstock","bundle_stock_quantity":0,"bundle_virtual":false,"bundle_layout":"","bundle_add_to_cart_form_location":"","bundle_editable_in_cart":false,"bundle_sold_individually_context":"","bundle_item_grouping":"","bundle_min_size":"","bundle_max_size":"","bundle_price":[],"bundled_items":[],"bundle_sell_ids":[],"acf":[],"_links":{"self":[{"href":"https:\/\/goalzero.eu\/fi\/wp-json\/wp\/v2\/product\/2463","targetHints":{"allow":["GET"]}}],"collection":[{"href":"https:\/\/goalzero.eu\/fi\/wp-json\/wp\/v2\/product"}],"about":[{"href":"https:\/\/goalzero.eu\/fi\/wp-json\/wp\/v2\/types\/product"}],"replies":[{"embeddable":true,"href":"https:\/\/goalzero.eu\/fi\/wp-json\/wp\/v2\/comments?post=2463"}],"wp:featuredmedia":[{"embeddable":true,"href":"https:\/\/goalzero.eu\/fi\/wp-json\/wp\/v2\/media\/1388"}],"wp:attachment":[{"href":"https:\/\/goalzero.eu\/fi\/wp-json\/wp\/v2\/media?parent=2463"}],"wp:term":[{"taxonomy":"product_brand","embeddable":true,"href":"https:\/\/goalzero.eu\/fi\/wp-json\/wp\/v2\/product_brand?post=2463"},{"taxonomy":"product_cat","embeddable":true,"href":"https:\/\/goalzero.eu\/fi\/wp-json\/wp\/v2\/product_cat?post=2463"},{"taxonomy":"product_tag","embeddable":true,"href":"https:\/\/goalzero.eu\/fi\/wp-json\/wp\/v2\/product_tag?post=2463"},{"taxonomy":"activity","embeddable":true,"href":"https:\/\/goalzero.eu\/fi\/wp-json\/wp\/v2\/activity?post=2463"},{"taxonomy":"ideal_for","embeddable":true,"href":"https:\/\/goalzero.eu\/fi\/wp-json\/wp\/v2\/ideal_for?post=2463"},{"taxonomy":"ports","embeddable":true,"href":"https:\/\/goalzero.eu\/fi\/wp-json\/wp\/v2\/ports?post=2463"}],"curies":[{"name":"wp","href":"https:\/\/api.w.org\/{rel}","templated":true}]}}