{"id":2462,"date":"2021-06-11T15:31:32","date_gmt":"2021-06-11T13:31:32","guid":{"rendered":"https:\/\/goalzero.eu\/product\/goal-zero-nomad-50\/"},"modified":"2025-08-04T16:01:15","modified_gmt":"2025-08-04T14:01:15","slug":"goal-zero-nomad-50","status":"publish","type":"product","link":"https:\/\/goalzero.eu\/fi\/product\/goal-zero-nomad-50\/","title":{"rendered":"Nomad 50"},"content":{"rendered":"","protected":false},"excerpt":{"rendered":"<div><span lang=\"FI\">Nomad 50 on suunniteltu perusleirien haastaviin olosuhteisiin tai verkon ulkopuolisiin seikkailuihin. Se tarjoaa riitt\u00e4v\u00e4sti virtaa kaikkien t\u00e4rkeiden laitteiden lataamiseen pitkill\u00e4kin reissuilla. Laitteen nelj\u00e4 paneelia on kiinni kokoontaitettavassa rungossa, joka on helppo ladata t\u00e4yteen paikallaan ollessa ja pakata n\u00e4pp\u00e4r\u00e4sti mukaan liikkeelle l\u00e4hdett\u00e4ess\u00e4. Yhdist\u00e4 Yeti-virta-asemaan pit\u00e4\u00e4ksesi kannettavat tietokoneet ladattuina, k\u00e4ytt\u00e4\u00e4ksesi kannettavia j\u00e4\u00e4kaappeja ja ladataksesi t\u00e4rkeit\u00e4 elektroniikkalaitteita.<\/span><\/div>\n","protected":false},"featured_media":1381,"comment_status":"closed","ping_status":"closed","template":"","meta":[],"product_brand":[],"product_cat":[40,15],"product_tag":[],"activity":[21,66,20,19],"ideal_for":[27,78,77,24,70],"ports":[],"class_list":{"0":"post-2462","1":"product","2":"type-product","3":"status-publish","4":"has-post-thumbnail","6":"product_cat-solar-portable","7":"product_cat-solar","8":"product_shipping_class-goalzero","9":"activity-kamperen","10":"activity-wandelen","11":"activity-fotograferen","12":"activity-wereldreis","13":"ideal_for-camera","14":"ideal_for-power-station","15":"ideal_for-powerbank","16":"ideal_for-tablet","17":"ideal_for-telefoon","19":"first","20":"outofstock","21":"taxable","22":"shipping-taxable","23":"product-type-simple"},"bundled_by":[],"bundle_stock_status":"outofstock","bundle_stock_quantity":0,"bundle_virtual":false,"bundle_layout":"","bundle_add_to_cart_form_location":"","bundle_editable_in_cart":false,"bundle_sold_individually_context":"","bundle_item_grouping":"","bundle_min_size":"","bundle_max_size":"","bundle_price":[],"bundled_items":[],"bundle_sell_ids":[],"acf":[],"_links":{"self":[{"href":"https:\/\/goalzero.eu\/fi\/wp-json\/wp\/v2\/product\/2462","targetHints":{"allow":["GET"]}}],"collection":[{"href":"https:\/\/goalzero.eu\/fi\/wp-json\/wp\/v2\/product"}],"about":[{"href":"https:\/\/goalzero.eu\/fi\/wp-json\/wp\/v2\/types\/product"}],"replies":[{"embeddable":true,"href":"https:\/\/goalzero.eu\/fi\/wp-json\/wp\/v2\/comments?post=2462"}],"wp:featuredmedia":[{"embeddable":true,"href":"https:\/\/goalzero.eu\/fi\/wp-json\/wp\/v2\/media\/1381"}],"wp:attachment":[{"href":"https:\/\/goalzero.eu\/fi\/wp-json\/wp\/v2\/media?parent=2462"}],"wp:term":[{"taxonomy":"product_brand","embeddable":true,"href":"https:\/\/goalzero.eu\/fi\/wp-json\/wp\/v2\/product_brand?post=2462"},{"taxonomy":"product_cat","embeddable":true,"href":"https:\/\/goalzero.eu\/fi\/wp-json\/wp\/v2\/product_cat?post=2462"},{"taxonomy":"product_tag","embeddable":true,"href":"https:\/\/goalzero.eu\/fi\/wp-json\/wp\/v2\/product_tag?post=2462"},{"taxonomy":"activity","embeddable":true,"href":"https:\/\/goalzero.eu\/fi\/wp-json\/wp\/v2\/activity?post=2462"},{"taxonomy":"ideal_for","embeddable":true,"href":"https:\/\/goalzero.eu\/fi\/wp-json\/wp\/v2\/ideal_for?post=2462"},{"taxonomy":"ports","embeddable":true,"href":"https:\/\/goalzero.eu\/fi\/wp-json\/wp\/v2\/ports?post=2462"}],"curies":[{"name":"wp","href":"https:\/\/api.w.org\/{rel}","templated":true}]}}