{"id":2460,"date":"2021-06-11T15:31:32","date_gmt":"2021-06-11T13:31:32","guid":{"rendered":"https:\/\/goalzero.eu\/product\/goal-zero-nomad-10\/"},"modified":"2025-08-04T16:01:15","modified_gmt":"2025-08-04T14:01:15","slug":"goal-zero-nomad-10","status":"publish","type":"product","link":"https:\/\/goalzero.eu\/fi\/product\/goal-zero-nomad-10\/","title":{"rendered":"Nomad 10"},"content":{"rendered":"","protected":false},"excerpt":{"rendered":"<div><span lang=\"FI\">Nomad aurinkopaneeli tarjoaa 10 W:n tehon aurinkoenergian talteenottoa varten ja mahdollistaa matkapuhelimen lataamisen siell\u00e4 miss\u00e4 aurinko paistaa. Nomad 10 on suunniteltu saumattomammaksi latausratkaisuksi, ja siin\u00e4 on sis\u00e4\u00e4nrakennettu, k\u00e4\u00e4nnett\u00e4v\u00e4 liit\u00e4nt\u00e4 ja s\u00e4\u00e4dett\u00e4v\u00e4 jalusta, joka napsahtaa ja lukittuu tukevasti paikalleen. Sis\u00e4\u00e4nrakennettu USB-portti lataa puhelimet, varavirtal\u00e4hteet ja muut pienet laitteet.<\/span><\/div>\n","protected":false},"featured_media":1850,"comment_status":"closed","ping_status":"closed","template":"","meta":[],"product_brand":[],"product_cat":[40,15],"product_tag":[],"activity":[21,66,19],"ideal_for":[77,70],"ports":[],"class_list":{"0":"post-2460","1":"product","2":"type-product","3":"status-publish","4":"has-post-thumbnail","6":"product_cat-solar-portable","7":"product_cat-solar","8":"product_shipping_class-goalzero","9":"activity-kamperen","10":"activity-wandelen","11":"activity-wereldreis","12":"ideal_for-powerbank","13":"ideal_for-telefoon","15":"first","16":"outofstock","17":"taxable","18":"shipping-taxable","19":"product-type-simple"},"bundled_by":[],"bundle_stock_status":"outofstock","bundle_stock_quantity":0,"bundle_virtual":false,"bundle_layout":"","bundle_add_to_cart_form_location":"","bundle_editable_in_cart":false,"bundle_sold_individually_context":"","bundle_item_grouping":"","bundle_min_size":"","bundle_max_size":"","bundle_price":[],"bundled_items":[],"bundle_sell_ids":[],"acf":[],"_links":{"self":[{"href":"https:\/\/goalzero.eu\/fi\/wp-json\/wp\/v2\/product\/2460","targetHints":{"allow":["GET"]}}],"collection":[{"href":"https:\/\/goalzero.eu\/fi\/wp-json\/wp\/v2\/product"}],"about":[{"href":"https:\/\/goalzero.eu\/fi\/wp-json\/wp\/v2\/types\/product"}],"replies":[{"embeddable":true,"href":"https:\/\/goalzero.eu\/fi\/wp-json\/wp\/v2\/comments?post=2460"}],"wp:featuredmedia":[{"embeddable":true,"href":"https:\/\/goalzero.eu\/fi\/wp-json\/wp\/v2\/media\/1850"}],"wp:attachment":[{"href":"https:\/\/goalzero.eu\/fi\/wp-json\/wp\/v2\/media?parent=2460"}],"wp:term":[{"taxonomy":"product_brand","embeddable":true,"href":"https:\/\/goalzero.eu\/fi\/wp-json\/wp\/v2\/product_brand?post=2460"},{"taxonomy":"product_cat","embeddable":true,"href":"https:\/\/goalzero.eu\/fi\/wp-json\/wp\/v2\/product_cat?post=2460"},{"taxonomy":"product_tag","embeddable":true,"href":"https:\/\/goalzero.eu\/fi\/wp-json\/wp\/v2\/product_tag?post=2460"},{"taxonomy":"activity","embeddable":true,"href":"https:\/\/goalzero.eu\/fi\/wp-json\/wp\/v2\/activity?post=2460"},{"taxonomy":"ideal_for","embeddable":true,"href":"https:\/\/goalzero.eu\/fi\/wp-json\/wp\/v2\/ideal_for?post=2460"},{"taxonomy":"ports","embeddable":true,"href":"https:\/\/goalzero.eu\/fi\/wp-json\/wp\/v2\/ports?post=2460"}],"curies":[{"name":"wp","href":"https:\/\/api.w.org\/{rel}","templated":true}]}}