{"id":4216,"date":"2024-10-15T08:34:00","date_gmt":"2024-10-15T06:34:00","guid":{"rendered":"https:\/\/goalzero.eu\/dk\/?post_type=product&#038;p=4216"},"modified":"2025-08-04T16:05:51","modified_gmt":"2025-08-04T14:05:51","slug":"yeti-link-expansion-module-v3","status":"publish","type":"product","link":"https:\/\/goalzero.eu\/dk\/product\/yeti-link-expansion-module-v3\/","title":{"rendered":"Yeti Link Expansion Module (V3)"},"content":{"rendered":"","protected":false},"excerpt":{"rendered":"<p>\u00d8g din energilagringskapacitet i hjemmet med Yeti Link Udvidelsesmodul og Yeti Tank Udvidelsesbatteri (s\u00e6lges separat). Yeti Link giver dig mulighed for at tilslutte Yeti Tank blysyrebatterier til dit Yeti X- eller Yeti Lithium Powerstation for at \u00f8ge din lagerkapacitet med 1,2 kWh intervaller. Yeti Link leveres med sin egen 120W str\u00f8mforsyning til opladning fra v\u00e6ggen.<br \/>\n<strong>Bem\u00e6rk:<\/strong> \u00a0Yeti Link Udvidelsesmodul og Yeti Lithium MPPT Solar modul til optimering af opladning bruger den samme udvidelsesb\u00e5s, derfor kan de ikke bruges p\u00e5 samme tid.<\/p>\n","protected":false},"featured_media":3513,"comment_status":"closed","ping_status":"closed","template":"","meta":[],"product_brand":[],"product_cat":[15],"product_tag":[],"activity":[],"ideal_for":[],"ports":[],"class_list":{"0":"post-4216","1":"product","2":"type-product","3":"status-publish","4":"has-post-thumbnail","6":"product_cat-solar","7":"product_shipping_class-goalzero","9":"first","10":"outofstock","11":"taxable","12":"shipping-taxable","13":"product-type-simple"},"bundled_by":["4214"],"bundle_stock_status":"outofstock","bundle_stock_quantity":0,"bundle_virtual":false,"bundle_layout":"","bundle_add_to_cart_form_location":"","bundle_editable_in_cart":false,"bundle_sold_individually_context":"","bundle_item_grouping":"","bundle_min_size":"","bundle_max_size":"","bundle_price":[],"bundled_items":[],"bundle_sell_ids":[],"acf":[],"_links":{"self":[{"href":"https:\/\/goalzero.eu\/dk\/wp-json\/wp\/v2\/product\/4216","targetHints":{"allow":["GET"]}}],"collection":[{"href":"https:\/\/goalzero.eu\/dk\/wp-json\/wp\/v2\/product"}],"about":[{"href":"https:\/\/goalzero.eu\/dk\/wp-json\/wp\/v2\/types\/product"}],"replies":[{"embeddable":true,"href":"https:\/\/goalzero.eu\/dk\/wp-json\/wp\/v2\/comments?post=4216"}],"wp:featuredmedia":[{"embeddable":true,"href":"https:\/\/goalzero.eu\/dk\/wp-json\/wp\/v2\/media\/3513"}],"wp:attachment":[{"href":"https:\/\/goalzero.eu\/dk\/wp-json\/wp\/v2\/media?parent=4216"}],"wp:term":[{"taxonomy":"product_brand","embeddable":true,"href":"https:\/\/goalzero.eu\/dk\/wp-json\/wp\/v2\/product_brand?post=4216"},{"taxonomy":"product_cat","embeddable":true,"href":"https:\/\/goalzero.eu\/dk\/wp-json\/wp\/v2\/product_cat?post=4216"},{"taxonomy":"product_tag","embeddable":true,"href":"https:\/\/goalzero.eu\/dk\/wp-json\/wp\/v2\/product_tag?post=4216"},{"taxonomy":"activity","embeddable":true,"href":"https:\/\/goalzero.eu\/dk\/wp-json\/wp\/v2\/activity?post=4216"},{"taxonomy":"ideal_for","embeddable":true,"href":"https:\/\/goalzero.eu\/dk\/wp-json\/wp\/v2\/ideal_for?post=4216"},{"taxonomy":"ports","embeddable":true,"href":"https:\/\/goalzero.eu\/dk\/wp-json\/wp\/v2\/ports?post=4216"}],"curies":[{"name":"wp","href":"https:\/\/api.w.org\/{rel}","templated":true}]}}