{"id":3938,"date":"2024-03-07T15:28:56","date_gmt":"2024-03-07T14:28:56","guid":{"rendered":"https:\/\/goalzero.eu\/dk\/?post_type=product&#038;p=3938"},"modified":"2025-08-04T16:05:51","modified_gmt":"2025-08-04T14:05:51","slug":"goal-zero-alta-80","status":"publish","type":"product","link":"https:\/\/goalzero.eu\/dk\/product\/goal-zero-alta-80\/","title":{"rendered":"Alta 80"},"content":{"rendered":"","protected":false},"excerpt":{"rendered":"<p>Vores st\u00f8rre b\u00e6rbare k\u00f8leskab har en \u00f8get kapacitet og to rum for st\u00f8rre temperaturkontrol. Med 80 liters plads giver den masser af opbevaring. Par det med dit Yeti-kraftv\u00e6rk for at holde letford\u00e6rvelige produkter k\u00f8lige i dagevis.<\/p>\n<p>Takket v\u00e6re Alta k\u00f8leskabe, de mest energieffektive b\u00e6rbare k\u00f8leskabe p\u00e5 markedet, kan dit kraftv\u00e6rk holde dem k\u00f8rende uden besv\u00e6r.<\/p>\n","protected":false},"featured_media":3982,"comment_status":"open","ping_status":"closed","template":"","meta":[],"product_brand":[],"product_cat":[82],"product_tag":[],"activity":[],"ideal_for":[],"ports":[],"class_list":{"0":"post-3938","1":"product","2":"type-product","3":"status-publish","4":"has-post-thumbnail","6":"product_cat-coolers","8":"first","9":"outofstock","10":"taxable","11":"shipping-taxable","12":"product-type-simple"},"bundled_by":[],"bundle_stock_status":"outofstock","bundle_stock_quantity":0,"bundle_virtual":false,"bundle_layout":"","bundle_add_to_cart_form_location":"","bundle_editable_in_cart":false,"bundle_sold_individually_context":"","bundle_item_grouping":"","bundle_min_size":"","bundle_max_size":"","bundle_price":[],"bundled_items":[],"bundle_sell_ids":[],"acf":[],"_links":{"self":[{"href":"https:\/\/goalzero.eu\/dk\/wp-json\/wp\/v2\/product\/3938","targetHints":{"allow":["GET"]}}],"collection":[{"href":"https:\/\/goalzero.eu\/dk\/wp-json\/wp\/v2\/product"}],"about":[{"href":"https:\/\/goalzero.eu\/dk\/wp-json\/wp\/v2\/types\/product"}],"replies":[{"embeddable":true,"href":"https:\/\/goalzero.eu\/dk\/wp-json\/wp\/v2\/comments?post=3938"}],"wp:featuredmedia":[{"embeddable":true,"href":"https:\/\/goalzero.eu\/dk\/wp-json\/wp\/v2\/media\/3982"}],"wp:attachment":[{"href":"https:\/\/goalzero.eu\/dk\/wp-json\/wp\/v2\/media?parent=3938"}],"wp:term":[{"taxonomy":"product_brand","embeddable":true,"href":"https:\/\/goalzero.eu\/dk\/wp-json\/wp\/v2\/product_brand?post=3938"},{"taxonomy":"product_cat","embeddable":true,"href":"https:\/\/goalzero.eu\/dk\/wp-json\/wp\/v2\/product_cat?post=3938"},{"taxonomy":"product_tag","embeddable":true,"href":"https:\/\/goalzero.eu\/dk\/wp-json\/wp\/v2\/product_tag?post=3938"},{"taxonomy":"activity","embeddable":true,"href":"https:\/\/goalzero.eu\/dk\/wp-json\/wp\/v2\/activity?post=3938"},{"taxonomy":"ideal_for","embeddable":true,"href":"https:\/\/goalzero.eu\/dk\/wp-json\/wp\/v2\/ideal_for?post=3938"},{"taxonomy":"ports","embeddable":true,"href":"https:\/\/goalzero.eu\/dk\/wp-json\/wp\/v2\/ports?post=3938"}],"curies":[{"name":"wp","href":"https:\/\/api.w.org\/{rel}","templated":true}]}}