{"id":3937,"date":"2024-03-07T15:24:26","date_gmt":"2024-03-07T14:24:26","guid":{"rendered":"https:\/\/goalzero.eu\/dk\/?post_type=product&#038;p=3937"},"modified":"2025-08-04T16:05:51","modified_gmt":"2025-08-04T14:05:51","slug":"goal-zero-alta-50","status":"publish","type":"product","link":"https:\/\/goalzero.eu\/dk\/product\/goal-zero-alta-50\/","title":{"rendered":"Alta 50"},"content":{"rendered":"","protected":false},"excerpt":{"rendered":"<p>Opgrader din n\u00e6ste udflugt med dette praktiske b\u00e6rbare k\u00f8leskab. Temperaturindstillingerne g\u00e5r helt ned til -20\u00b0 C, s\u00e5 du kan bruge den som k\u00f8leskab eller fryser. k\u00f8leskabet har ogs\u00e5 53 L plads og kan rumme op til 75 12-ounce d\u00e5ser. Tilslut den til dit Yeti-kraftv\u00e6rk for at holde letford\u00e6rvelige produkter k\u00f8lige i dagevis. Og fordi Alta-k\u00f8leskabe tilbyder branchef\u00f8rende energieffektivitet, kan din Yeti ubesv\u00e6ret holde dem k\u00f8rende, s\u00e5 l\u00e6nge du har brug for det.<\/p>\n","protected":false},"featured_media":3972,"comment_status":"open","ping_status":"closed","template":"","meta":[],"product_brand":[],"product_cat":[82],"product_tag":[],"activity":[],"ideal_for":[],"ports":[],"class_list":{"0":"post-3937","1":"product","2":"type-product","3":"status-publish","4":"has-post-thumbnail","6":"product_cat-coolers","8":"first","9":"outofstock","10":"taxable","11":"shipping-taxable","12":"product-type-simple"},"bundled_by":[],"bundle_stock_status":"outofstock","bundle_stock_quantity":0,"bundle_virtual":false,"bundle_layout":"","bundle_add_to_cart_form_location":"","bundle_editable_in_cart":false,"bundle_sold_individually_context":"","bundle_item_grouping":"","bundle_min_size":"","bundle_max_size":"","bundle_price":[],"bundled_items":[],"bundle_sell_ids":[],"acf":[],"_links":{"self":[{"href":"https:\/\/goalzero.eu\/dk\/wp-json\/wp\/v2\/product\/3937","targetHints":{"allow":["GET"]}}],"collection":[{"href":"https:\/\/goalzero.eu\/dk\/wp-json\/wp\/v2\/product"}],"about":[{"href":"https:\/\/goalzero.eu\/dk\/wp-json\/wp\/v2\/types\/product"}],"replies":[{"embeddable":true,"href":"https:\/\/goalzero.eu\/dk\/wp-json\/wp\/v2\/comments?post=3937"}],"wp:featuredmedia":[{"embeddable":true,"href":"https:\/\/goalzero.eu\/dk\/wp-json\/wp\/v2\/media\/3972"}],"wp:attachment":[{"href":"https:\/\/goalzero.eu\/dk\/wp-json\/wp\/v2\/media?parent=3937"}],"wp:term":[{"taxonomy":"product_brand","embeddable":true,"href":"https:\/\/goalzero.eu\/dk\/wp-json\/wp\/v2\/product_brand?post=3937"},{"taxonomy":"product_cat","embeddable":true,"href":"https:\/\/goalzero.eu\/dk\/wp-json\/wp\/v2\/product_cat?post=3937"},{"taxonomy":"product_tag","embeddable":true,"href":"https:\/\/goalzero.eu\/dk\/wp-json\/wp\/v2\/product_tag?post=3937"},{"taxonomy":"activity","embeddable":true,"href":"https:\/\/goalzero.eu\/dk\/wp-json\/wp\/v2\/activity?post=3937"},{"taxonomy":"ideal_for","embeddable":true,"href":"https:\/\/goalzero.eu\/dk\/wp-json\/wp\/v2\/ideal_for?post=3937"},{"taxonomy":"ports","embeddable":true,"href":"https:\/\/goalzero.eu\/dk\/wp-json\/wp\/v2\/ports?post=3937"}],"curies":[{"name":"wp","href":"https:\/\/api.w.org\/{rel}","templated":true}]}}