{"id":3857,"date":"2023-09-15T12:12:17","date_gmt":"2023-09-15T10:12:17","guid":{"rendered":"https:\/\/goalzero.eu\/dk\/?post_type=product&#038;p=3857"},"modified":"2025-08-04T16:05:51","modified_gmt":"2025-08-04T14:05:51","slug":"skylight","status":"publish","type":"product","link":"https:\/\/goalzero.eu\/dk\/product\/skylight\/","title":{"rendered":"Skylight"},"content":{"rendered":"","protected":false},"excerpt":{"rendered":"<p>Denne nemme at installere og b\u00e6rbare omr\u00e5delampe har 6.000 lumen og kan belyse op til 91,44 meter, hvilket giver meget mere synlighed end en almindelig campinglampe. Tag tilpasningsbar belysning med dig, uanset hvor du g\u00e5r. Brug den p\u00e5 din n\u00e6ste campingtur, i din baghave, til at belyse et boligforbedringsprojekt eller hvor som helst, hvor du har brug for at belyse natten.<\/p>\n","protected":false},"featured_media":3896,"comment_status":"closed","ping_status":"closed","template":"","meta":[],"product_brand":[],"product_cat":[43,36],"product_tag":[],"activity":[21,68,22,64,20],"ideal_for":[],"ports":[],"class_list":{"0":"post-3857","1":"product","2":"type-product","3":"status-publish","4":"has-post-thumbnail","6":"product_cat-lights-lanterns","7":"product_cat-lights","8":"activity-kamperen","9":"activity-klussen-bouw","10":"activity-noodstroom","11":"activity-camper-inbouw","12":"activity-fotograferen","14":"first","15":"outofstock","16":"taxable","17":"shipping-taxable","18":"product-type-simple"},"bundled_by":[],"bundle_stock_status":"outofstock","bundle_stock_quantity":0,"bundle_virtual":false,"bundle_layout":"","bundle_add_to_cart_form_location":"","bundle_editable_in_cart":false,"bundle_sold_individually_context":"","bundle_item_grouping":"","bundle_min_size":"","bundle_max_size":"","bundle_price":[],"bundled_items":[],"bundle_sell_ids":[],"acf":[],"_links":{"self":[{"href":"https:\/\/goalzero.eu\/dk\/wp-json\/wp\/v2\/product\/3857","targetHints":{"allow":["GET"]}}],"collection":[{"href":"https:\/\/goalzero.eu\/dk\/wp-json\/wp\/v2\/product"}],"about":[{"href":"https:\/\/goalzero.eu\/dk\/wp-json\/wp\/v2\/types\/product"}],"replies":[{"embeddable":true,"href":"https:\/\/goalzero.eu\/dk\/wp-json\/wp\/v2\/comments?post=3857"}],"wp:featuredmedia":[{"embeddable":true,"href":"https:\/\/goalzero.eu\/dk\/wp-json\/wp\/v2\/media\/3896"}],"wp:attachment":[{"href":"https:\/\/goalzero.eu\/dk\/wp-json\/wp\/v2\/media?parent=3857"}],"wp:term":[{"taxonomy":"product_brand","embeddable":true,"href":"https:\/\/goalzero.eu\/dk\/wp-json\/wp\/v2\/product_brand?post=3857"},{"taxonomy":"product_cat","embeddable":true,"href":"https:\/\/goalzero.eu\/dk\/wp-json\/wp\/v2\/product_cat?post=3857"},{"taxonomy":"product_tag","embeddable":true,"href":"https:\/\/goalzero.eu\/dk\/wp-json\/wp\/v2\/product_tag?post=3857"},{"taxonomy":"activity","embeddable":true,"href":"https:\/\/goalzero.eu\/dk\/wp-json\/wp\/v2\/activity?post=3857"},{"taxonomy":"ideal_for","embeddable":true,"href":"https:\/\/goalzero.eu\/dk\/wp-json\/wp\/v2\/ideal_for?post=3857"},{"taxonomy":"ports","embeddable":true,"href":"https:\/\/goalzero.eu\/dk\/wp-json\/wp\/v2\/ports?post=3857"}],"curies":[{"name":"wp","href":"https:\/\/api.w.org\/{rel}","templated":true}]}}