{"id":3667,"date":"2022-10-11T15:23:24","date_gmt":"2022-10-11T13:23:24","guid":{"rendered":"https:\/\/goalzero.eu\/dk\/?post_type=product&#038;p=3667"},"modified":"2025-08-04T16:05:50","modified_gmt":"2025-08-04T14:05:50","slug":"sherpa-100pd-gen4","status":"publish","type":"product","link":"https:\/\/goalzero.eu\/dk\/product\/sherpa-100pd-gen4\/","title":{"rendered":"Sherpa 100PD Gen4"},"content":{"rendered":"","protected":false},"excerpt":{"rendered":"<p>Den nye og flyselskabsgodkendte Sherpa 100PD har 60% hurtigere USB-C-opladning med 60W ind og 100W ud og klassens bedste 15W tr\u00e5dl\u00f8s opladning. Oplad dine telefoner, tablets og b\u00e6rbare computere med 95 watt-timers str\u00f8m, mens du arbejder eksternt, og v\u00e6r rolig ved at vide, at din Sherpa 100PD er bygget til at vare gennem dine rejser. Sherpa 100PD underst\u00f8ttes af vores f\u00f8rende 2-\u00e5rs garanti for yderligere ro i sindet.<\/p>\n","protected":false},"featured_media":3721,"comment_status":"closed","ping_status":"closed","template":"","meta":[],"product_brand":[],"product_cat":[18,83,37],"product_tag":[],"activity":[],"ideal_for":[],"ports":[],"class_list":{"0":"post-3667","1":"product","2":"type-product","3":"status-publish","4":"has-post-thumbnail","6":"product_cat-power","7":"product_cat-outlet","8":"product_cat-power-usb-c-power-banks","10":"first","11":"outofstock","12":"taxable","13":"shipping-taxable","14":"product-type-simple"},"bundled_by":[],"bundle_stock_status":"outofstock","bundle_stock_quantity":0,"bundle_virtual":false,"bundle_layout":"","bundle_add_to_cart_form_location":"","bundle_editable_in_cart":false,"bundle_sold_individually_context":"","bundle_item_grouping":"","bundle_min_size":"","bundle_max_size":"","bundle_price":[],"bundled_items":[],"bundle_sell_ids":[],"acf":[],"_links":{"self":[{"href":"https:\/\/goalzero.eu\/dk\/wp-json\/wp\/v2\/product\/3667","targetHints":{"allow":["GET"]}}],"collection":[{"href":"https:\/\/goalzero.eu\/dk\/wp-json\/wp\/v2\/product"}],"about":[{"href":"https:\/\/goalzero.eu\/dk\/wp-json\/wp\/v2\/types\/product"}],"replies":[{"embeddable":true,"href":"https:\/\/goalzero.eu\/dk\/wp-json\/wp\/v2\/comments?post=3667"}],"wp:featuredmedia":[{"embeddable":true,"href":"https:\/\/goalzero.eu\/dk\/wp-json\/wp\/v2\/media\/3721"}],"wp:attachment":[{"href":"https:\/\/goalzero.eu\/dk\/wp-json\/wp\/v2\/media?parent=3667"}],"wp:term":[{"taxonomy":"product_brand","embeddable":true,"href":"https:\/\/goalzero.eu\/dk\/wp-json\/wp\/v2\/product_brand?post=3667"},{"taxonomy":"product_cat","embeddable":true,"href":"https:\/\/goalzero.eu\/dk\/wp-json\/wp\/v2\/product_cat?post=3667"},{"taxonomy":"product_tag","embeddable":true,"href":"https:\/\/goalzero.eu\/dk\/wp-json\/wp\/v2\/product_tag?post=3667"},{"taxonomy":"activity","embeddable":true,"href":"https:\/\/goalzero.eu\/dk\/wp-json\/wp\/v2\/activity?post=3667"},{"taxonomy":"ideal_for","embeddable":true,"href":"https:\/\/goalzero.eu\/dk\/wp-json\/wp\/v2\/ideal_for?post=3667"},{"taxonomy":"ports","embeddable":true,"href":"https:\/\/goalzero.eu\/dk\/wp-json\/wp\/v2\/ports?post=3667"}],"curies":[{"name":"wp","href":"https:\/\/api.w.org\/{rel}","templated":true}]}}