{"id":3665,"date":"2022-10-04T14:24:29","date_gmt":"2022-10-04T12:24:29","guid":{"rendered":"https:\/\/goalzero.eu\/dk\/?post_type=product&#038;p=3665"},"modified":"2025-08-04T16:05:50","modified_gmt":"2025-08-04T14:05:50","slug":"goal-zero-sherpa-100ac-gen4","status":"publish","type":"product","link":"https:\/\/goalzero.eu\/dk\/product\/goal-zero-sherpa-100ac-gen4\/","title":{"rendered":"Sherpa 100AC Gen4"},"content":{"rendered":"","protected":false},"excerpt":{"rendered":"<p>Sherpa 100AC er ny, forbedret og flyselskabsgodkendt og oplader telefoner, tablets og b\u00e6rbare computere med 60 % hurtigere USB-C-opladning og 95 watt-timers str\u00f8m. Tag din stikkontakt med overalt med Sherpas ac-port, og hold din telefon t\u00e6ndt med klassens bedste 15W tr\u00e5dl\u00f8s opladning. Vores Sherpa 100AC er bygget til at holde, og den underst\u00f8ttes af vores f\u00f8rende 2-\u00e5rs garanti for yderligere ro i sindet.<\/p>\n","protected":false},"featured_media":3724,"comment_status":"closed","ping_status":"closed","template":"","meta":[],"product_brand":[],"product_cat":[83,37,18],"product_tag":[],"activity":[],"ideal_for":[],"ports":[],"class_list":{"0":"post-3665","1":"product","2":"type-product","3":"status-publish","4":"has-post-thumbnail","6":"product_cat-outlet","7":"product_cat-power-usb-c-power-banks","8":"product_cat-power","10":"first","11":"outofstock","12":"taxable","13":"shipping-taxable","14":"product-type-simple"},"bundled_by":[],"bundle_stock_status":"outofstock","bundle_stock_quantity":0,"bundle_virtual":false,"bundle_layout":"","bundle_add_to_cart_form_location":"","bundle_editable_in_cart":false,"bundle_sold_individually_context":"","bundle_item_grouping":"","bundle_min_size":"","bundle_max_size":"","bundle_price":[],"bundled_items":[],"bundle_sell_ids":[],"acf":[],"_links":{"self":[{"href":"https:\/\/goalzero.eu\/dk\/wp-json\/wp\/v2\/product\/3665","targetHints":{"allow":["GET"]}}],"collection":[{"href":"https:\/\/goalzero.eu\/dk\/wp-json\/wp\/v2\/product"}],"about":[{"href":"https:\/\/goalzero.eu\/dk\/wp-json\/wp\/v2\/types\/product"}],"replies":[{"embeddable":true,"href":"https:\/\/goalzero.eu\/dk\/wp-json\/wp\/v2\/comments?post=3665"}],"wp:featuredmedia":[{"embeddable":true,"href":"https:\/\/goalzero.eu\/dk\/wp-json\/wp\/v2\/media\/3724"}],"wp:attachment":[{"href":"https:\/\/goalzero.eu\/dk\/wp-json\/wp\/v2\/media?parent=3665"}],"wp:term":[{"taxonomy":"product_brand","embeddable":true,"href":"https:\/\/goalzero.eu\/dk\/wp-json\/wp\/v2\/product_brand?post=3665"},{"taxonomy":"product_cat","embeddable":true,"href":"https:\/\/goalzero.eu\/dk\/wp-json\/wp\/v2\/product_cat?post=3665"},{"taxonomy":"product_tag","embeddable":true,"href":"https:\/\/goalzero.eu\/dk\/wp-json\/wp\/v2\/product_tag?post=3665"},{"taxonomy":"activity","embeddable":true,"href":"https:\/\/goalzero.eu\/dk\/wp-json\/wp\/v2\/activity?post=3665"},{"taxonomy":"ideal_for","embeddable":true,"href":"https:\/\/goalzero.eu\/dk\/wp-json\/wp\/v2\/ideal_for?post=3665"},{"taxonomy":"ports","embeddable":true,"href":"https:\/\/goalzero.eu\/dk\/wp-json\/wp\/v2\/ports?post=3665"}],"curies":[{"name":"wp","href":"https:\/\/api.w.org\/{rel}","templated":true}]}}