{"id":3458,"date":"2021-09-15T17:13:45","date_gmt":"2021-09-15T15:13:45","guid":{"rendered":"https:\/\/goalzero.eu\/en\/?post_type=product&#038;p=3458"},"modified":"2025-08-04T16:05:50","modified_gmt":"2025-08-04T14:05:50","slug":"ranger-300-briefcase","status":"publish","type":"product","link":"https:\/\/goalzero.eu\/dk\/product\/ranger-300-briefcase\/","title":{"rendered":"Ranger 300 Briefcase"},"content":{"rendered":"","protected":false},"excerpt":{"rendered":"<div><span lang=\"DA\">Mere solcelle, mindre v\u00e6gt. Vi introducerer Goal Zero Ranger-serien. Vi starter med Ranger 300 Briefcase, vores nye letv\u00e6gter af stive solcellepaneler, der giver dig mulighed for at udnytte mere energi fra solen og samtidig opretholder nok bev\u00e6gelighed til at du nemt kan transportere den fra sted til sted. Ranger 300 Briefcase er perfekt i kombination med vores Yeti 1000X str\u00f8mstation og derover for en komplet l\u00f8sning med str\u00f8m fra solceller ved et h\u00f8jt forbrug<\/span><span lang=\"DA\">.<\/span><\/div>\n","protected":false},"featured_media":3468,"comment_status":"closed","ping_status":"closed","template":"","meta":[],"product_brand":[],"product_cat":[83,41,40,15],"product_tag":[],"activity":[],"ideal_for":[27,28,71,72,25,35,78,76,74],"ports":[],"class_list":{"0":"post-3458","1":"product","2":"type-product","3":"status-publish","4":"has-post-thumbnail","6":"product_cat-outlet","7":"product_cat-mobile","8":"product_cat-solar-portable","9":"product_cat-solar","10":"ideal_for-camera","11":"ideal_for-cool-box","12":"ideal_for-laptop-type-c-stekker","13":"ideal_for-laptop-type-f-stekker","14":"ideal_for-laptop-usb-c","15":"ideal_for-camper","16":"ideal_for-power-station","17":"ideal_for-elektrisch-gereedschap","18":"ideal_for-koelkast","20":"first","21":"outofstock","22":"taxable","23":"shipping-taxable","24":"product-type-simple"},"bundled_by":["3833"],"bundle_stock_status":"outofstock","bundle_stock_quantity":0,"bundle_virtual":false,"bundle_layout":"","bundle_add_to_cart_form_location":"","bundle_editable_in_cart":false,"bundle_sold_individually_context":"","bundle_item_grouping":"","bundle_min_size":"","bundle_max_size":"","bundle_price":[],"bundled_items":[],"bundle_sell_ids":[],"acf":[],"_links":{"self":[{"href":"https:\/\/goalzero.eu\/dk\/wp-json\/wp\/v2\/product\/3458","targetHints":{"allow":["GET"]}}],"collection":[{"href":"https:\/\/goalzero.eu\/dk\/wp-json\/wp\/v2\/product"}],"about":[{"href":"https:\/\/goalzero.eu\/dk\/wp-json\/wp\/v2\/types\/product"}],"replies":[{"embeddable":true,"href":"https:\/\/goalzero.eu\/dk\/wp-json\/wp\/v2\/comments?post=3458"}],"wp:featuredmedia":[{"embeddable":true,"href":"https:\/\/goalzero.eu\/dk\/wp-json\/wp\/v2\/media\/3468"}],"wp:attachment":[{"href":"https:\/\/goalzero.eu\/dk\/wp-json\/wp\/v2\/media?parent=3458"}],"wp:term":[{"taxonomy":"product_brand","embeddable":true,"href":"https:\/\/goalzero.eu\/dk\/wp-json\/wp\/v2\/product_brand?post=3458"},{"taxonomy":"product_cat","embeddable":true,"href":"https:\/\/goalzero.eu\/dk\/wp-json\/wp\/v2\/product_cat?post=3458"},{"taxonomy":"product_tag","embeddable":true,"href":"https:\/\/goalzero.eu\/dk\/wp-json\/wp\/v2\/product_tag?post=3458"},{"taxonomy":"activity","embeddable":true,"href":"https:\/\/goalzero.eu\/dk\/wp-json\/wp\/v2\/activity?post=3458"},{"taxonomy":"ideal_for","embeddable":true,"href":"https:\/\/goalzero.eu\/dk\/wp-json\/wp\/v2\/ideal_for?post=3458"},{"taxonomy":"ports","embeddable":true,"href":"https:\/\/goalzero.eu\/dk\/wp-json\/wp\/v2\/ports?post=3458"}],"curies":[{"name":"wp","href":"https:\/\/api.w.org\/{rel}","templated":true}]}}